{"id":690,"date":"2020-06-04T09:16:07","date_gmt":"2020-06-04T07:16:07","guid":{"rendered":"https:\/\/ent2d.ac-bordeaux.fr\/disciplines\/vie-scolaire\/?page_id=690"},"modified":"2020-06-04T10:59:50","modified_gmt":"2020-06-04T08:59:50","slug":"2s2c-sport-sante-culture-et-civisme","status":"publish","type":"page","link":"https:\/\/ent2d.ac-bordeaux.fr\/disciplines\/vie-scolaire\/2s2c-sport-sante-culture-et-civisme\/","title":{"rendered":"2S2C : Sport, Sant\u00e9, Culture et Civisme"},"content":{"rendered":"\n<figure class=\"wp-block-image\"><img loading=\"lazy\" decoding=\"async\" width=\"1024\" height=\"512\" src=\"https:\/\/ent2d.ac-bordeaux.fr\/disciplines\/vie-scolaire\/wp-content\/uploads\/sites\/28\/2020\/06\/sport-sant\u00e9.png\" alt=\"\" class=\"wp-image-693\" srcset=\"https:\/\/ent2d.ac-bordeaux.fr\/disciplines\/vie-scolaire\/wp-content\/uploads\/sites\/28\/2020\/06\/sport-sant\u00e9.png 1024w, https:\/\/ent2d.ac-bordeaux.fr\/disciplines\/vie-scolaire\/wp-content\/uploads\/sites\/28\/2020\/06\/sport-sant\u00e9-300x150.png 300w, https:\/\/ent2d.ac-bordeaux.fr\/disciplines\/vie-scolaire\/wp-content\/uploads\/sites\/28\/2020\/06\/sport-sant\u00e9-768x384.png 768w\" sizes=\"auto, (max-width: 1024px) 100vw, 1024px\" \/><\/figure>\n\n\n\n<p class=\"has-background has-light-green-cyan-background-color\"><a href=\"https:\/\/www.education.gouv.fr\/bo\/20\/Hebdo19\/MENE2011220C.htm\">La circulaire du 4 mai 2020<\/a> relative \u00e0 la r\u00e9ouverture des \u00e9coles et  \u00e9tablissements et aux conditions de poursuite des apprentissages pr\u00e9voit  qu\u2019\u00e0 partir du 11 mai, les \u00e9l\u00e8ves peuvent se trouver dans une \u00e0  plusieurs des  situations suivantes&nbsp;:&nbsp;<\/p>\n\n\n\n<ul class=\"wp-block-list\"><li> en classe&nbsp;;<\/li><li> en \u00e9tude si les locaux et les moyens de surveillance le permettent&nbsp;;<\/li><li> \u00e0 la maison avec la poursuite de l\u2019enseignement \u00e0 distance&nbsp;;&nbsp;<\/li><li> <strong>en activit\u00e9 gr\u00e2ce \u00e0 un accueil organis\u00e9  par les communes dans le cadre du dispositif Sport \u2013 Sant\u00e9 \u2013 Culture \u2013 Civisme (2S2C).<\/strong><\/li><\/ul>\n\n\n\n<p><strong>#2S2C<\/strong> (sport, sant\u00e9, culture, civisme) se r\u00e9alisera  en petit groupe, en temps scolaire et sera organis\u00e9 en lien \u00e9troit  des services \u00c9ducation Nationale (Direction des services d\u00e9partementaux de  l\u2019\u00e9ducation nationale DSDEN, \u00e9coles et \u00e9tablissements scolaires) avec la  commune et les associations compl\u00e9mentaires de l\u2019\u00e9cole (sant\u00e9, culture,  civisme) et sportives du territoire.<\/p>\n\n\n\n<figure class=\"wp-block-image\"><img loading=\"lazy\" decoding=\"async\" width=\"581\" height=\"242\" src=\"https:\/\/ent2d.ac-bordeaux.fr\/disciplines\/vie-scolaire\/wp-content\/uploads\/sites\/28\/2020\/06\/image-1.png\" alt=\"\" class=\"wp-image-695\" srcset=\"https:\/\/ent2d.ac-bordeaux.fr\/disciplines\/vie-scolaire\/wp-content\/uploads\/sites\/28\/2020\/06\/image-1.png 581w, https:\/\/ent2d.ac-bordeaux.fr\/disciplines\/vie-scolaire\/wp-content\/uploads\/sites\/28\/2020\/06\/image-1-300x125.png 300w\" sizes=\"auto, (max-width: 581px) 100vw, 581px\" \/><figcaption><a href=\"https:\/\/documentcloud.adobe.com\/link\/track?uri=urn:aaid:scds:US:30669510-f09a-48d8-8829-d55c84a888f9\">Protocole d&rsquo;appui au dispositif 2S2C<\/a><br><\/figcaption><\/figure>\n\n\n\n<p><a href=\"https:\/\/documentcloud.adobe.com\/link\/track?uri=urn:aaid:scds:US:fcbfe6e9-b004-4df0-a841-ce99e10761e1\">Exemple de mise en \u0153uvre du dispositif dans l&rsquo;acad\u00e9mie de Besan\u00e7on <\/a><\/p>\n\n\n\n<p><\/p>\n","protected":false},"excerpt":{"rendered":"<p>La circulaire du 4 mai 2020 relative \u00e0 la r\u00e9ouverture des \u00e9coles et \u00e9tablissements et aux conditions de poursuite des apprentissages pr\u00e9voit qu\u2019\u00e0 partir du 11 mai, les \u00e9l\u00e8ves peuvent se trouver dans une \u00e0 plusieurs des situations suivantes&nbsp;:&nbsp; en classe&nbsp;; en \u00e9tude si les locaux et les moyens de surveillance le permettent&nbsp;; \u00e0 la &hellip; <\/p>\n<p><a class=\"more-link btn\" href=\"https:\/\/ent2d.ac-bordeaux.fr\/disciplines\/vie-scolaire\/2s2c-sport-sante-culture-et-civisme\/\">Lire la suite<\/a><\/p>\n","protected":false},"author":583,"featured_media":0,"parent":0,"menu_order":0,"comment_status":"closed","ping_status":"closed","template":"","meta":{"footnotes":""},"class_list":["post-690","page","type-page","status-publish","hentry","nodate","item-wrap"],"_links":{"self":[{"href":"https:\/\/ent2d.ac-bordeaux.fr\/disciplines\/vie-scolaire\/wp-json\/wp\/v2\/pages\/690","targetHints":{"allow":["GET"]}}],"collection":[{"href":"https:\/\/ent2d.ac-bordeaux.fr\/disciplines\/vie-scolaire\/wp-json\/wp\/v2\/pages"}],"about":[{"href":"https:\/\/ent2d.ac-bordeaux.fr\/disciplines\/vie-scolaire\/wp-json\/wp\/v2\/types\/page"}],"author":[{"embeddable":true,"href":"https:\/\/ent2d.ac-bordeaux.fr\/disciplines\/vie-scolaire\/wp-json\/wp\/v2\/users\/583"}],"replies":[{"embeddable":true,"href":"https:\/\/ent2d.ac-bordeaux.fr\/disciplines\/vie-scolaire\/wp-json\/wp\/v2\/comments?post=690"}],"version-history":[{"count":4,"href":"https:\/\/ent2d.ac-bordeaux.fr\/disciplines\/vie-scolaire\/wp-json\/wp\/v2\/pages\/690\/revisions"}],"predecessor-version":[{"id":698,"href":"https:\/\/ent2d.ac-bordeaux.fr\/disciplines\/vie-scolaire\/wp-json\/wp\/v2\/pages\/690\/revisions\/698"}],"wp:attachment":[{"href":"https:\/\/ent2d.ac-bordeaux.fr\/disciplines\/vie-scolaire\/wp-json\/wp\/v2\/media?parent=690"}],"curies":[{"name":"wp","href":"https:\/\/api.w.org\/{rel}","templated":true}]}}