{"id":64,"date":"2019-02-05T17:36:40","date_gmt":"2019-02-05T16:36:40","guid":{"rendered":"https:\/\/ent2d.ac-bordeaux.fr\/disciplines\/vie-scolaire\/?page_id=64"},"modified":"2020-03-30T17:20:28","modified_gmt":"2020-03-30T15:20:28","slug":"la-formation-continue","status":"publish","type":"page","link":"https:\/\/ent2d.ac-bordeaux.fr\/disciplines\/vie-scolaire\/la-formation\/la-formation-continue\/","title":{"rendered":"La formation continue"},"content":{"rendered":"\n<div class=\"wp-block-image\"><figure class=\"aligncenter is-resized\"><img loading=\"lazy\" decoding=\"async\" src=\"http:\/\/cache.media.education.gouv.fr\/image\/DAFPEN\/54\/9\/dafpen_452549.jpg\" alt=\"\" width=\"404\" height=\"206\" \/><\/figure><\/div>\n\n\n\n<p><br><strong>D\u00e9l\u00e9gation Acad\u00e9mique \u00e0 la Formation des Personnels de l\u2019\u00c9ducation Nationale<\/strong><\/p>\n\n\n\n<p>T\u00e9l&nbsp;: 05 57 57 39 78<\/p>\n\n\n\n<p><a href=\"mailto:dafpen@ac-bordeaux.fr\">dafpen@ac-bordeaux.fr<\/a><\/p>\n\n\n\n<p>5 rue Joseph de Carayon-Latour<\/p>\n\n\n\n<p>CS 81499 33060 Bordeaux Cedex<\/p>\n\n\n\n<p><a href=\"http:\/\/www.ac-bordeaux.fr\/cid91653\/organigramme.html\">Organigramme de la DAFPEN<\/a><\/p>\n\n\n\n<p>L&rsquo;ensemble des demandes des \u00e9tablissements sera analys\u00e9 par les services de la DAFPEN et les  responsables des actions de formation <\/p>\n\n\n\n<p><a target=\"_blank\" href=\"http:\/\/cache.media.education.gouv.fr\/file\/formation_continue\/20\/1\/Offre_de_formations_collectives_CLG_2019_2020_1164201.pdf\" rel=\"noreferrer noopener\">Offre de formations collectives CLG 2019-2020<\/a><\/p>\n\n\n\n<p><a target=\"_blank\" href=\"http:\/\/cache.media.education.gouv.fr\/file\/formation_continue\/20\/5\/Offre_de_formations_collectives_LP_2019_2020_1164205.pdf\" rel=\"noreferrer noopener\">Offre de formations collectives LP 2019-2020<\/a><\/p>\n\n\n\n<p><a target=\"_blank\" href=\"http:\/\/cache.media.education.gouv.fr\/file\/formation_continue\/20\/3\/Offre_de_formations_collectives_LGT_2019_2020_1164203.pdf\" rel=\"noreferrer noopener\">Offre de formations collectives LGT 2019-2020<\/a><\/p>\n\n\n\n<ul class=\"wp-block-list\"><li>Les \u00e9tablissements n\u2019ayant pas trouv\u00e9 dans l\u2019offre acad\u00e9mique les \nformations r\u00e9pondant \u00e0 leurs objectifs, \u00e0 leurs projets ou \u00e0 leurs \nattentes, ont la possibilit\u00e9 de demander la mise en \u0153uvre d\u2019une <strong>formation d\u2019initiative locale<\/strong> (<strong>FIL<\/strong>).&nbsp;<\/li><\/ul>\n\n\n\n<p>Les formations d\u2019initiative locale (<strong>FIL<\/strong>) visent \u00e0 r\u00e9pondre \u00e0 des attentes sp\u00e9cifiques de formation exprim\u00e9es par les \u00e9tablissements scolaires.<\/p>\n\n\n\n<p>Les demandes peuvent \u00eatre formul\u00e9es tout au long de l\u2019ann\u00e9e et sont \ninstruites par le service de la DAFPEN selon le protocole suivant&nbsp;:<\/p>\n\n\n\n<p>&#8211; Le formulaire ci-dessous relatif \u00e0 la demande&nbsp; est compl\u00e9t\u00e9 et \nenvoy\u00e9 dans un d\u00e9lai de deux mois&nbsp; avant la date pr\u00e9visionnelle de la \nformation.<\/p>\n\n\n\n<p>&#8211; La demande est transmise automatiquement&nbsp; au service de la DAFPEN \nqui envoie une r\u00e9ponse sous trois semaines \u00e0 l&rsquo;\u00e9tablissement.<\/p>\n\n\n\n<p><a href=\"https:\/\/ppe.orion.education.fr\/academie\/\/itw\/answer\/35-eV3-ayIAzWL1y601_wQ\">Lien pour d\u00e9poser une demande de formation d&rsquo;initiatives locales<\/a> <br><\/p>\n","protected":false},"excerpt":{"rendered":"<p>D\u00e9l\u00e9gation Acad\u00e9mique \u00e0 la Formation des Personnels de l\u2019\u00c9ducation Nationale T\u00e9l&nbsp;: 05 57 57 39 78 dafpen@ac-bordeaux.fr 5 rue Joseph de Carayon-Latour CS 81499 33060 Bordeaux Cedex Organigramme de la DAFPEN L&rsquo;ensemble des demandes des \u00e9tablissements sera analys\u00e9 par les services de la DAFPEN et les responsables des actions de formation Offre de formations collectives &hellip; <\/p>\n<p><a class=\"more-link btn\" href=\"https:\/\/ent2d.ac-bordeaux.fr\/disciplines\/vie-scolaire\/la-formation\/la-formation-continue\/\">Lire la suite<\/a><\/p>\n","protected":false},"author":583,"featured_media":0,"parent":32,"menu_order":0,"comment_status":"closed","ping_status":"closed","template":"","meta":{"footnotes":""},"class_list":["post-64","page","type-page","status-publish","hentry","nodate","item-wrap"],"_links":{"self":[{"href":"https:\/\/ent2d.ac-bordeaux.fr\/disciplines\/vie-scolaire\/wp-json\/wp\/v2\/pages\/64","targetHints":{"allow":["GET"]}}],"collection":[{"href":"https:\/\/ent2d.ac-bordeaux.fr\/disciplines\/vie-scolaire\/wp-json\/wp\/v2\/pages"}],"about":[{"href":"https:\/\/ent2d.ac-bordeaux.fr\/disciplines\/vie-scolaire\/wp-json\/wp\/v2\/types\/page"}],"author":[{"embeddable":true,"href":"https:\/\/ent2d.ac-bordeaux.fr\/disciplines\/vie-scolaire\/wp-json\/wp\/v2\/users\/583"}],"replies":[{"embeddable":true,"href":"https:\/\/ent2d.ac-bordeaux.fr\/disciplines\/vie-scolaire\/wp-json\/wp\/v2\/comments?post=64"}],"version-history":[{"count":3,"href":"https:\/\/ent2d.ac-bordeaux.fr\/disciplines\/vie-scolaire\/wp-json\/wp\/v2\/pages\/64\/revisions"}],"predecessor-version":[{"id":465,"href":"https:\/\/ent2d.ac-bordeaux.fr\/disciplines\/vie-scolaire\/wp-json\/wp\/v2\/pages\/64\/revisions\/465"}],"up":[{"embeddable":true,"href":"https:\/\/ent2d.ac-bordeaux.fr\/disciplines\/vie-scolaire\/wp-json\/wp\/v2\/pages\/32"}],"wp:attachment":[{"href":"https:\/\/ent2d.ac-bordeaux.fr\/disciplines\/vie-scolaire\/wp-json\/wp\/v2\/media?parent=64"}],"curies":[{"name":"wp","href":"https:\/\/api.w.org\/{rel}","templated":true}]}}