{"id":62,"date":"2019-02-05T17:36:22","date_gmt":"2019-02-05T16:36:22","guid":{"rendered":"https:\/\/ent2d.ac-bordeaux.fr\/disciplines\/vie-scolaire\/?page_id=62"},"modified":"2020-04-06T09:49:30","modified_gmt":"2020-04-06T07:49:30","slug":"la-formation-initiale","status":"publish","type":"page","link":"https:\/\/ent2d.ac-bordeaux.fr\/disciplines\/vie-scolaire\/la-formation\/la-formation-initiale\/","title":{"rendered":"La formation initiale"},"content":{"rendered":"\n<p class=\"has-background has-pale-cyan-blue-background-color\"><strong>Master MEEF mention encadrement \u00e9ducatif<\/strong><\/p>\n\n\n\n<ul class=\"wp-block-list\"><li>Niveau de la <strong>formation<\/strong> : master.<\/li><li>Dur\u00e9e de la <strong>formation<\/strong> : 4 semestres (120 cr\u00e9dits ECTS)<\/li><li>Condition d&rsquo;acc\u00e8s : \u00eatre titulaire d&rsquo;une licence.<\/li><li>Public concern\u00e9 : <strong>formation<\/strong> initiale et <strong>formation<\/strong> continue.<\/li><li>Lieu de la <strong>formation<\/strong> : la <strong>formation<\/strong> CPE est dispens\u00e9e uniquement sur le site l&rsquo;INSP\u00c9 de Gironde.<\/li><\/ul>\n\n\n\n<figure class=\"wp-block-image is-resized\"><img loading=\"lazy\" decoding=\"async\" src=\"https:\/\/ent2d.ac-bordeaux.fr\/disciplines\/vie-scolaire\/wp-content\/uploads\/sites\/28\/2020\/03\/inspe.png\" alt=\"\" class=\"wp-image-457\" width=\"613\" height=\"150\" srcset=\"https:\/\/ent2d.ac-bordeaux.fr\/disciplines\/vie-scolaire\/wp-content\/uploads\/sites\/28\/2020\/03\/inspe.png 454w, https:\/\/ent2d.ac-bordeaux.fr\/disciplines\/vie-scolaire\/wp-content\/uploads\/sites\/28\/2020\/03\/inspe-300x73.png 300w\" sizes=\"auto, (max-width: 613px) 100vw, 613px\" \/><\/figure>\n\n\n\n<ul class=\"wp-block-list\"><li><a href=\"https:\/\/www.inspe-bordeaux.fr\/master-meef\">Site de l&rsquo;INSPE pour le MEEF Encadrement Educatif<\/a><\/li><\/ul>\n\n\n\n<figure class=\"wp-block-image\"><img loading=\"lazy\" decoding=\"async\" width=\"1024\" height=\"759\" src=\"https:\/\/ent2d.ac-bordeaux.fr\/disciplines\/vie-scolaire\/wp-content\/uploads\/sites\/28\/2020\/04\/image-3.png\" alt=\"\" class=\"wp-image-497\" srcset=\"https:\/\/ent2d.ac-bordeaux.fr\/disciplines\/vie-scolaire\/wp-content\/uploads\/sites\/28\/2020\/04\/image-3.png 1024w, https:\/\/ent2d.ac-bordeaux.fr\/disciplines\/vie-scolaire\/wp-content\/uploads\/sites\/28\/2020\/04\/image-3-300x222.png 300w, https:\/\/ent2d.ac-bordeaux.fr\/disciplines\/vie-scolaire\/wp-content\/uploads\/sites\/28\/2020\/04\/image-3-768x569.png 768w\" sizes=\"auto, (max-width: 1024px) 100vw, 1024px\" \/><figcaption><a href=\"https:\/\/documentcloud.adobe.com\/link\/track?uri=urn%3Aaaid%3Ascds%3AUS%3Ad42c902d-e5e4-4de7-a87c-a42daca2463a\">Pr\u00e9sentation du Master MEEF de l&rsquo;Universit\u00e9 de Bordeaux<\/a><\/figcaption><\/figure>\n","protected":false},"excerpt":{"rendered":"<p>Master MEEF mention encadrement \u00e9ducatif Niveau de la formation : master. Dur\u00e9e de la formation : 4 semestres (120 cr\u00e9dits ECTS) Condition d&rsquo;acc\u00e8s : \u00eatre titulaire d&rsquo;une licence. Public concern\u00e9 : formation initiale et formation continue. Lieu de la formation : la formation CPE est dispens\u00e9e uniquement sur le site l&rsquo;INSP\u00c9 de Gironde. Site de &hellip; <\/p>\n<p><a class=\"more-link btn\" href=\"https:\/\/ent2d.ac-bordeaux.fr\/disciplines\/vie-scolaire\/la-formation\/la-formation-initiale\/\">Lire la suite<\/a><\/p>\n","protected":false},"author":583,"featured_media":0,"parent":32,"menu_order":0,"comment_status":"closed","ping_status":"closed","template":"","meta":{"footnotes":""},"class_list":["post-62","page","type-page","status-publish","hentry","nodate","item-wrap"],"_links":{"self":[{"href":"https:\/\/ent2d.ac-bordeaux.fr\/disciplines\/vie-scolaire\/wp-json\/wp\/v2\/pages\/62","targetHints":{"allow":["GET"]}}],"collection":[{"href":"https:\/\/ent2d.ac-bordeaux.fr\/disciplines\/vie-scolaire\/wp-json\/wp\/v2\/pages"}],"about":[{"href":"https:\/\/ent2d.ac-bordeaux.fr\/disciplines\/vie-scolaire\/wp-json\/wp\/v2\/types\/page"}],"author":[{"embeddable":true,"href":"https:\/\/ent2d.ac-bordeaux.fr\/disciplines\/vie-scolaire\/wp-json\/wp\/v2\/users\/583"}],"replies":[{"embeddable":true,"href":"https:\/\/ent2d.ac-bordeaux.fr\/disciplines\/vie-scolaire\/wp-json\/wp\/v2\/comments?post=62"}],"version-history":[{"count":5,"href":"https:\/\/ent2d.ac-bordeaux.fr\/disciplines\/vie-scolaire\/wp-json\/wp\/v2\/pages\/62\/revisions"}],"predecessor-version":[{"id":498,"href":"https:\/\/ent2d.ac-bordeaux.fr\/disciplines\/vie-scolaire\/wp-json\/wp\/v2\/pages\/62\/revisions\/498"}],"up":[{"embeddable":true,"href":"https:\/\/ent2d.ac-bordeaux.fr\/disciplines\/vie-scolaire\/wp-json\/wp\/v2\/pages\/32"}],"wp:attachment":[{"href":"https:\/\/ent2d.ac-bordeaux.fr\/disciplines\/vie-scolaire\/wp-json\/wp\/v2\/media?parent=62"}],"curies":[{"name":"wp","href":"https:\/\/api.w.org\/{rel}","templated":true}]}}