{"id":60,"date":"2019-02-05T17:35:51","date_gmt":"2019-02-05T16:35:51","guid":{"rendered":"https:\/\/ent2d.ac-bordeaux.fr\/disciplines\/vie-scolaire\/?page_id=60"},"modified":"2020-03-25T17:21:19","modified_gmt":"2020-03-25T16:21:19","slug":"les-partenaires-de-la-communaute-educative","status":"publish","type":"page","link":"https:\/\/ent2d.ac-bordeaux.fr\/disciplines\/vie-scolaire\/le-metier-de-cpe\/les-partenaires-de-la-communaute-educative\/","title":{"rendered":"D\u00e9veloppement durable et CESC"},"content":{"rendered":"\n<p>\n\tLes CPE prennent toute leur place dans l&rsquo;appropriation des valeurs de \ntol\u00e9rance, de solidarit\u00e9 et du vivre ensemble. Ils favorisent les \nprocessus de concertation et de participation des \u00e9l\u00e8ves aux instances \nrepr\u00e9sentatives. Ils organisent la formation des d\u00e9l\u00e9gu\u00e9s, afin que ces \nderniers soient en mesure d&rsquo;assurer leurs fonctions au sein des \ndiff\u00e9rentes instances de l&rsquo;\u00e9tablissement ainsi que dans les groupes de \ntravail auxquels ils peuvent \u00eatre amen\u00e9s \u00e0 participer, et la mettent en \n\u0153uvre avec le concours d&rsquo;autres personnels ou de partenaires.<\/p>\n\n\n\n<figure class=\"wp-block-image\"><img loading=\"lazy\" decoding=\"async\" width=\"810\" height=\"540\" src=\"https:\/\/ent2d.ac-bordeaux.fr\/disciplines\/vie-scolaire\/wp-content\/uploads\/sites\/28\/2020\/03\/onu.jpg\" alt=\"\" class=\"wp-image-223\" srcset=\"https:\/\/ent2d.ac-bordeaux.fr\/disciplines\/vie-scolaire\/wp-content\/uploads\/sites\/28\/2020\/03\/onu.jpg 810w, https:\/\/ent2d.ac-bordeaux.fr\/disciplines\/vie-scolaire\/wp-content\/uploads\/sites\/28\/2020\/03\/onu-300x200.jpg 300w, https:\/\/ent2d.ac-bordeaux.fr\/disciplines\/vie-scolaire\/wp-content\/uploads\/sites\/28\/2020\/03\/onu-768x512.jpg 768w\" sizes=\"auto, (max-width: 810px) 100vw, 810px\" \/><\/figure>\n","protected":false},"excerpt":{"rendered":"<p>Les CPE prennent toute leur place dans l&rsquo;appropriation des valeurs de tol\u00e9rance, de solidarit\u00e9 et du vivre ensemble. Ils favorisent les processus de concertation et de participation des \u00e9l\u00e8ves aux instances repr\u00e9sentatives. Ils organisent la formation des d\u00e9l\u00e9gu\u00e9s, afin que ces derniers soient en mesure d&rsquo;assurer leurs fonctions au sein des diff\u00e9rentes instances de l&rsquo;\u00e9tablissement &hellip; <\/p>\n<p><a class=\"more-link btn\" href=\"https:\/\/ent2d.ac-bordeaux.fr\/disciplines\/vie-scolaire\/le-metier-de-cpe\/les-partenaires-de-la-communaute-educative\/\">Lire la suite<\/a><\/p>\n","protected":false},"author":583,"featured_media":0,"parent":30,"menu_order":0,"comment_status":"closed","ping_status":"closed","template":"","meta":{"footnotes":""},"class_list":["post-60","page","type-page","status-publish","hentry","nodate","item-wrap"],"_links":{"self":[{"href":"https:\/\/ent2d.ac-bordeaux.fr\/disciplines\/vie-scolaire\/wp-json\/wp\/v2\/pages\/60","targetHints":{"allow":["GET"]}}],"collection":[{"href":"https:\/\/ent2d.ac-bordeaux.fr\/disciplines\/vie-scolaire\/wp-json\/wp\/v2\/pages"}],"about":[{"href":"https:\/\/ent2d.ac-bordeaux.fr\/disciplines\/vie-scolaire\/wp-json\/wp\/v2\/types\/page"}],"author":[{"embeddable":true,"href":"https:\/\/ent2d.ac-bordeaux.fr\/disciplines\/vie-scolaire\/wp-json\/wp\/v2\/users\/583"}],"replies":[{"embeddable":true,"href":"https:\/\/ent2d.ac-bordeaux.fr\/disciplines\/vie-scolaire\/wp-json\/wp\/v2\/comments?post=60"}],"version-history":[{"count":5,"href":"https:\/\/ent2d.ac-bordeaux.fr\/disciplines\/vie-scolaire\/wp-json\/wp\/v2\/pages\/60\/revisions"}],"predecessor-version":[{"id":224,"href":"https:\/\/ent2d.ac-bordeaux.fr\/disciplines\/vie-scolaire\/wp-json\/wp\/v2\/pages\/60\/revisions\/224"}],"up":[{"embeddable":true,"href":"https:\/\/ent2d.ac-bordeaux.fr\/disciplines\/vie-scolaire\/wp-json\/wp\/v2\/pages\/30"}],"wp:attachment":[{"href":"https:\/\/ent2d.ac-bordeaux.fr\/disciplines\/vie-scolaire\/wp-json\/wp\/v2\/media?parent=60"}],"curies":[{"name":"wp","href":"https:\/\/api.w.org\/{rel}","templated":true}]}}