{"id":553,"date":"2020-04-15T12:08:51","date_gmt":"2020-04-15T10:08:51","guid":{"rendered":"https:\/\/ent2d.ac-bordeaux.fr\/disciplines\/vie-scolaire\/?page_id=553"},"modified":"2020-04-17T15:54:29","modified_gmt":"2020-04-17T13:54:29","slug":"espace-lyceens-et-collegiens","status":"publish","type":"page","link":"https:\/\/ent2d.ac-bordeaux.fr\/disciplines\/vie-scolaire\/valeurs-de-la-republique\/espace-lyceens-et-collegiens\/","title":{"rendered":"La d\u00e9mocratie participative"},"content":{"rendered":"\n<div class=\"wp-block-image\"><figure class=\"alignright is-resized\"><img loading=\"lazy\" decoding=\"async\" src=\"https:\/\/ent2d.ac-bordeaux.fr\/disciplines\/vie-scolaire\/wp-content\/uploads\/sites\/28\/2020\/04\/928a835b-abf2-4781-9eac-edec9dca01f6.jpeg\" alt=\"\" class=\"wp-image-556\" width=\"220\" height=\"214\" srcset=\"https:\/\/ent2d.ac-bordeaux.fr\/disciplines\/vie-scolaire\/wp-content\/uploads\/sites\/28\/2020\/04\/928a835b-abf2-4781-9eac-edec9dca01f6.jpeg 445w, https:\/\/ent2d.ac-bordeaux.fr\/disciplines\/vie-scolaire\/wp-content\/uploads\/sites\/28\/2020\/04\/928a835b-abf2-4781-9eac-edec9dca01f6-300x291.jpeg 300w\" sizes=\"auto, (max-width: 220px) 100vw, 220px\" \/><figcaption>Caroline Thomas-Latour, DAVLC<\/figcaption><\/figure><\/div>\n\n\n\n<p> <em>Le code de l&rsquo;Education dans l&rsquo;<\/em><a rel=\"noreferrer noopener\" href=\"https:\/\/www.codes-et-lois.fr\/code-de-l-education\/article-l111-2\" target=\"_blank\"><em>Article L111-2&nbsp; affirme :<\/em><\/a><\/p>\n\n\n\n<p><em>\u00ab\u00a0Tout enfant a droit \u00e0 une formation scolaire qui, compl\u00e9tant l&rsquo;action de sa famille, concourt \u00e0 son \u00e9ducation.<\/em><\/p>\n\n\n\n<p><em> La formation scolaire favorise l&rsquo;\u00e9panouissement de l&rsquo;enfant, lui permet d&rsquo;acqu\u00e9rir une culture, le pr\u00e9pare \u00e0 la vie professionnelle et \u00e0 l&rsquo;exercice de ses responsabilit\u00e9s d&rsquo;homme et de citoyen. Elle constitue la base de l&rsquo;\u00e9ducation permanente. Les familles sont associ\u00e9es \u00e0 l&rsquo;accomplissement de ces missions.<\/em><\/p>\n\n\n\n<p><em> Pour favoriser l&rsquo;\u00e9galit\u00e9 des chances, des dispositions appropri\u00e9es rendent possible l&rsquo;acc\u00e8s de chacun, en fonction de ses aptitudes et de ses besoins             particuliers, aux diff\u00e9rents types ou niveaux de la formation scolaire.  L\u2019\u00e9tat garantit le respect de la personnalit\u00e9 de l&rsquo;enfant et de l&rsquo;action \u00e9ducative des familles.\u00a0\u00bb<\/em><\/p>\n\n\n\n<p> <strong>1.Faire partager les valeurs de la R\u00e9publique<\/strong> <\/p>\n\n\n\n<p>&#8211; Savoir transmettre et faire partager les principes de la vie         d\u00e9mocratique ainsi que les valeurs de la R\u00e9publique : la libert\u00e9, l&rsquo;\u00e9galit\u00e9, la fraternit\u00e9 ; la la\u00efcit\u00e9 ; le refus de toutes les discriminations.<\/p>\n\n\n\n<p>&#8211; Aider les \u00e9l\u00e8ves \u00e0 d\u00e9velopper leur esprit critique, \u00e0 distinguer les savoirs des opinions ou des croyances, \u00e0 savoir argumenter et \u00e0 respecter la pens\u00e9e des autres.<\/p>\n\n\n\n<p><strong>2. Inscrire son action dans le cadre des principes fondamentaux du syst\u00e8me \u00e9ducatif et dans le cadre r\u00e9glementaire de l&rsquo;\u00e9cole<\/strong><\/p>\n\n\n\n<p>&#8211; Conna\u00eetre la politique \u00e9ducative de la France, les principales \u00e9tapes de l&rsquo;histoire de l&rsquo;\u00c9cole, ses enjeux et ses d\u00e9fis, les principes fondamentaux du syst\u00e8me \u00e9ducatif et de son organisation en comparaison avec d&rsquo;autres pays europ\u00e9ens.<\/p>\n\n\n\n<p>&#8211; Conna\u00eetre les grands principes l\u00e9gislatifs qui r\u00e9gissent le  syst\u00e8me \u00e9ducatif, le cadre r\u00e9glementaire de l&rsquo;\u00c9cole et de l&rsquo;\u00e9tablissement scolaire, les droits et obligations des fonctionnaires ainsi que les statuts des professeurs et des         personnels d&rsquo;\u00e9ducation.<\/p>\n\n\n\n<p class=\"has-background has-light-green-cyan-background-color\"><strong>La d\u00e9l\u00e9gation acad\u00e9mique \u00e0 la vie lyc\u00e9enne s&rsquo;attache \u00e0 d\u00e9velopper, avec les \u00e9quipes et les \u00e9lus scolaires, un apprentissage actif permettant : <\/strong> <\/p>\n\n\n\n<ul class=\"wp-block-list\"><li>de transmettre les comp\u00e9tences n\u00e9cessaires \u00e0 l\u2019adh\u00e9sion \u00e0 la           culture d\u00e9mocratique.<\/li><li>d&rsquo;\u00e9prouver les bienfaits du mod\u00e8le de soci\u00e9t\u00e9 organis\u00e9e qu&rsquo;il porte.<\/li><\/ul>\n\n\n\n<h2 class=\"wp-block-heading\">Les relais en d\u00e9partement, en lien constant avec la DAVL sont plus         particuli\u00e8rement charg\u00e9s de : <\/h2>\n\n\n\n<ul class=\"wp-block-list\"><li>Accompagner la mise en  \u0153uvre des CVC dans les coll\u00e8ges du d\u00e9partement, identifier les  freins \u00e0 cette mise en \u0153uvre.<\/li><\/ul>\n\n\n\n<ul class=\"wp-block-list\"><li>D\u00e9velopper la capacit\u00e9 d&rsquo;agir et les comp\u00e9tences des \u00e9lus par le d\u00e9ploiement  des formations \u00ab\u00a0ambassadeurs de lutte contre le harc\u00e8lement\u00a0\u00bb       <\/li><li>D\u00e9velopper localement le lien CVC-CVL<\/li><\/ul>\n\n\n\n<ul class=\"wp-block-list\"><li>D\u00e9cliner la politique nationale et acad\u00e9mique relative \u00e0 la vie lyc\u00e9enne et coll\u00e9gienne dans son d\u00e9partement,<\/li><\/ul>\n\n\n\n<ul class=\"wp-block-list\"><li>Coordonner et animer les \u00e9v\u00e8nements relatifs au dossier. <\/li><\/ul>\n\n\n\n<ul class=\"wp-block-list\"><li>Promouvoir et accompagner la mise en \u0153uvre toutes les actions port\u00e9es par les \u00e9lus CAVL<\/li><\/ul>\n\n\n\n<ul class=\"wp-block-list\"><li>Alimenter les outils de communication <\/li><\/ul>\n\n\n\n<h3 class=\"wp-block-heading\" style=\"text-align:center\">LISTE DES RELAIS DEPARTEMENTAUX ACADEMIQUES<\/h3>\n\n\n\n<p>\u2022 &nbsp;&nbsp;<strong>24 : Olivier Henry , CPE au lyc\u00e9e Laure Gatet \u00e0 P\u00e9rigueux, <\/strong><\/p>\n\n\n\n<p>\u2022&nbsp;&nbsp; <strong>33: St\u00e9phanie Favreau, CPE au lyc\u00e9e Jean Moulin \u00e0 Langon<\/strong><\/p>\n\n\n\n<p><strong>\u2022 40: Isabelle Vayssi\u00e9, professeur documentaliste, lyc\u00e9e Jean Taris,           &nbsp;&nbsp;&nbsp;&nbsp;Peyrehorade<\/strong><\/p>\n\n\n\n<p>\u2022<strong>&nbsp;&nbsp; 47: Christiane Bonfanti-Garach, CPE lyc\u00e9e Palissy, Agen<\/strong><\/p>\n\n\n\n<p><strong>\u2022&nbsp;&nbsp; 64: Barbara Lonlas, CPE lyc\u00e9e Gaston F\u00e9bus, Orthez<\/strong><\/p>\n","protected":false},"excerpt":{"rendered":"<p>Le code de l&rsquo;Education dans l&rsquo;Article L111-2&nbsp; affirme : \u00ab\u00a0Tout enfant a droit \u00e0 une formation scolaire qui, compl\u00e9tant l&rsquo;action de sa famille, concourt \u00e0 son \u00e9ducation. La formation scolaire favorise l&rsquo;\u00e9panouissement de l&rsquo;enfant, lui permet d&rsquo;acqu\u00e9rir une culture, le pr\u00e9pare \u00e0 la vie professionnelle et \u00e0 l&rsquo;exercice de ses responsabilit\u00e9s d&rsquo;homme et de citoyen. &hellip; <\/p>\n<p><a class=\"more-link btn\" href=\"https:\/\/ent2d.ac-bordeaux.fr\/disciplines\/vie-scolaire\/valeurs-de-la-republique\/espace-lyceens-et-collegiens\/\">Lire la suite<\/a><\/p>\n","protected":false},"author":583,"featured_media":0,"parent":307,"menu_order":0,"comment_status":"closed","ping_status":"closed","template":"","meta":{"footnotes":""},"class_list":["post-553","page","type-page","status-publish","hentry","nodate","item-wrap"],"_links":{"self":[{"href":"https:\/\/ent2d.ac-bordeaux.fr\/disciplines\/vie-scolaire\/wp-json\/wp\/v2\/pages\/553","targetHints":{"allow":["GET"]}}],"collection":[{"href":"https:\/\/ent2d.ac-bordeaux.fr\/disciplines\/vie-scolaire\/wp-json\/wp\/v2\/pages"}],"about":[{"href":"https:\/\/ent2d.ac-bordeaux.fr\/disciplines\/vie-scolaire\/wp-json\/wp\/v2\/types\/page"}],"author":[{"embeddable":true,"href":"https:\/\/ent2d.ac-bordeaux.fr\/disciplines\/vie-scolaire\/wp-json\/wp\/v2\/users\/583"}],"replies":[{"embeddable":true,"href":"https:\/\/ent2d.ac-bordeaux.fr\/disciplines\/vie-scolaire\/wp-json\/wp\/v2\/comments?post=553"}],"version-history":[{"count":7,"href":"https:\/\/ent2d.ac-bordeaux.fr\/disciplines\/vie-scolaire\/wp-json\/wp\/v2\/pages\/553\/revisions"}],"predecessor-version":[{"id":566,"href":"https:\/\/ent2d.ac-bordeaux.fr\/disciplines\/vie-scolaire\/wp-json\/wp\/v2\/pages\/553\/revisions\/566"}],"up":[{"embeddable":true,"href":"https:\/\/ent2d.ac-bordeaux.fr\/disciplines\/vie-scolaire\/wp-json\/wp\/v2\/pages\/307"}],"wp:attachment":[{"href":"https:\/\/ent2d.ac-bordeaux.fr\/disciplines\/vie-scolaire\/wp-json\/wp\/v2\/media?parent=553"}],"curies":[{"name":"wp","href":"https:\/\/api.w.org\/{rel}","templated":true}]}}