{"id":54,"date":"2019-02-05T17:34:39","date_gmt":"2019-02-05T16:34:39","guid":{"rendered":"https:\/\/ent2d.ac-bordeaux.fr\/disciplines\/vie-scolaire\/?page_id=54"},"modified":"2020-03-18T14:12:39","modified_gmt":"2020-03-18T13:12:39","slug":"politique-educative","status":"publish","type":"page","link":"https:\/\/ent2d.ac-bordeaux.fr\/disciplines\/vie-scolaire\/le-metier-de-cpe\/politique-educative\/","title":{"rendered":"Politique \u00e9ducative"},"content":{"rendered":"\n<p>La politique \u00e9ducative de l&rsquo;\u00e9tablissement concerne toute la communaut\u00e9 \u00e9ducative et sa mise en \u0153uvre doit \u00eatre prise en charge par l&rsquo;ensemble des personnels de l&rsquo;\u00e9tablissement. Le projet d&rsquo;\u00e9tablissement en fixe les priorit\u00e9s \u00e0 partir d&rsquo;un diagnostic partag\u00e9 qui tient compte de la diversit\u00e9 des contextes. Les objectifs des politiques p\u00e9dagogique et \u00e9ducative doivent s&rsquo;articuler de fa\u00e7on coh\u00e9rente dans le projet d&rsquo;\u00e9tablissement.<\/p>\n\n\n\n<p>Les principaux objectifs d&rsquo;une politique \u00e9ducative d&rsquo;\u00e9tablissement doivent permettre aux \u00e9l\u00e8ves :<br><\/p>\n\n\n\n<p>&#8211; de s&rsquo;approprier les r\u00e8gles de vie collective ;<\/p>\n\n\n\n<p>&#8211; de se pr\u00e9parer \u00e0 exercer leur citoyennet\u00e9 ;<\/p>\n\n\n\n<p>&#8211; de se comporter de mani\u00e8re plus autonome et de prendre des initiatives ;<\/p>\n\n\n\n<p>&#8211; de s&rsquo;ins\u00e9rer dans la vie sociale et professionnelle.<\/p>\n\n\n\n<p>Les CPE participent \u00e0 l&rsquo;\u00e9laboration de la politique \u00e9ducative de l&rsquo;\u00e9tablissement. \u00c0 ce titre, ils contribuent \u00e0 la mise en \u0153uvre et au suivi du volet \u00e9ducatif du projet d&rsquo;\u00e9tablissement. Lorsque l&rsquo;\u00e9tablissement dispose d&rsquo;un internat, le CPE veille \u00e0 ce que le projet \u00e9ducatif contribue \u00e0 la r\u00e9ussite et au bien-\u00eatre des \u00e9l\u00e8ves qui le fr\u00e9quentent. Tous les CPE de l&rsquo;\u00e9tablissement participent \u00e0 l&rsquo;organisation et \u00e0 l&rsquo;animation \u00e9ducative de l&rsquo;internat. Il en r\u00e9sulte qu&rsquo;aucun ne peut \u00eatre sp\u00e9cialis\u00e9 dans les responsabilit\u00e9s d&rsquo;internat. En outre, comme pour les autres personnels dans cette situation, le b\u00e9n\u00e9fice d&rsquo;un logement de fonction accord\u00e9 par n\u00e9cessit\u00e9 absolue de service est de nature \u00e0 entra\u00eener un certain nombre d&rsquo;obligations suppl\u00e9mentaires.<\/p>\n\n\n\n<p>Dans le cadre du conseil p\u00e9dagogique et du comit\u00e9 d&rsquo;\u00e9ducation \u00e0 la sant\u00e9 et \u00e0 la citoyennet\u00e9 (CESC), les CPE prennent part au diagnostic de la vie \u00e9ducative de l&rsquo;\u00e9tablissement ainsi qu&rsquo;\u00e0 l&rsquo;\u00e9laboration et \u00e0 l&rsquo;animation des actions que ces instances proposent.<\/p>\n\n\n\n<p>Par ailleurs, ils conseillent le chef d&rsquo;\u00e9tablissement et les membres de la communaut\u00e9 \u00e9ducative pour organiser les partenariats avec les autres services de l&rsquo;\u00c9tat, les collectivit\u00e9s territoriales, les associations compl\u00e9mentaires de l&rsquo;\u00e9cole, les acteurs socio-\u00e9conomiques, notamment dans le cadre du projet d&rsquo;\u00e9tablissement.<\/p>\n\n\n\n<p>Enfin, les CPE participent aux instances de l&rsquo;\u00e9tablissement dont ils sont membres de droit (notamment les conseils d&rsquo;administration, conseils de classe, conseils p\u00e9dagogiques, conseils de discipline). En outre, ils peuvent, dans certains cas, assister \u00e0 titre consultatif aux instances dont ils ne sont pas membres.<\/p>\n\n\n\n<p>BO Missions du CPE 2015<\/p>\n","protected":false},"excerpt":{"rendered":"<p>La politique \u00e9ducative de l&rsquo;\u00e9tablissement concerne toute la communaut\u00e9 \u00e9ducative et sa mise en \u0153uvre doit \u00eatre prise en charge par l&rsquo;ensemble des personnels de l&rsquo;\u00e9tablissement. Le projet d&rsquo;\u00e9tablissement en fixe les priorit\u00e9s \u00e0 partir d&rsquo;un diagnostic partag\u00e9 qui tient compte de la diversit\u00e9 des contextes. Les objectifs des politiques p\u00e9dagogique et \u00e9ducative doivent s&rsquo;articuler &hellip; <\/p>\n<p><a class=\"more-link btn\" href=\"https:\/\/ent2d.ac-bordeaux.fr\/disciplines\/vie-scolaire\/le-metier-de-cpe\/politique-educative\/\">Lire la suite<\/a><\/p>\n","protected":false},"author":583,"featured_media":0,"parent":30,"menu_order":0,"comment_status":"closed","ping_status":"closed","template":"","meta":{"footnotes":""},"class_list":["post-54","page","type-page","status-publish","hentry","nodate","item-wrap"],"_links":{"self":[{"href":"https:\/\/ent2d.ac-bordeaux.fr\/disciplines\/vie-scolaire\/wp-json\/wp\/v2\/pages\/54","targetHints":{"allow":["GET"]}}],"collection":[{"href":"https:\/\/ent2d.ac-bordeaux.fr\/disciplines\/vie-scolaire\/wp-json\/wp\/v2\/pages"}],"about":[{"href":"https:\/\/ent2d.ac-bordeaux.fr\/disciplines\/vie-scolaire\/wp-json\/wp\/v2\/types\/page"}],"author":[{"embeddable":true,"href":"https:\/\/ent2d.ac-bordeaux.fr\/disciplines\/vie-scolaire\/wp-json\/wp\/v2\/users\/583"}],"replies":[{"embeddable":true,"href":"https:\/\/ent2d.ac-bordeaux.fr\/disciplines\/vie-scolaire\/wp-json\/wp\/v2\/comments?post=54"}],"version-history":[{"count":5,"href":"https:\/\/ent2d.ac-bordeaux.fr\/disciplines\/vie-scolaire\/wp-json\/wp\/v2\/pages\/54\/revisions"}],"predecessor-version":[{"id":119,"href":"https:\/\/ent2d.ac-bordeaux.fr\/disciplines\/vie-scolaire\/wp-json\/wp\/v2\/pages\/54\/revisions\/119"}],"up":[{"embeddable":true,"href":"https:\/\/ent2d.ac-bordeaux.fr\/disciplines\/vie-scolaire\/wp-json\/wp\/v2\/pages\/30"}],"wp:attachment":[{"href":"https:\/\/ent2d.ac-bordeaux.fr\/disciplines\/vie-scolaire\/wp-json\/wp\/v2\/media?parent=54"}],"curies":[{"name":"wp","href":"https:\/\/api.w.org\/{rel}","templated":true}]}}