{"id":510,"date":"2020-04-06T11:11:06","date_gmt":"2020-04-06T09:11:06","guid":{"rendered":"https:\/\/ent2d.ac-bordeaux.fr\/disciplines\/vie-scolaire\/?page_id=510"},"modified":"2020-04-07T15:48:28","modified_gmt":"2020-04-07T13:48:28","slug":"prix-non-au-harcelement-2019-2020","status":"publish","type":"page","link":"https:\/\/ent2d.ac-bordeaux.fr\/disciplines\/vie-scolaire\/la-lutte-contre-le-harcelement\/prix-non-au-harcelement-2019-2020\/","title":{"rendered":"Prix \u00ab Non au harc\u00e8lement \u00bb 2019-2020"},"content":{"rendered":"\n<figure class=\"wp-block-image is-resized\"><img loading=\"lazy\" decoding=\"async\" src=\"https:\/\/ent2d.ac-bordeaux.fr\/disciplines\/vie-scolaire\/wp-content\/uploads\/sites\/28\/2020\/04\/harcelement-2.jpg\" alt=\"\" class=\"wp-image-511\" width=\"500\" height=\"280\" \/><\/figure>\n\n\n\n<p><br>  Le prix \u00ab Non au harc\u00e8lement \u00bb a pour objectif de donner la parole aux jeunes des \u00e9coles, coll\u00e8ges, lyc\u00e9es et structures p\u00e9ri et extrascolaires pour qu&rsquo;ils s&rsquo;expriment collectivement sur le harc\u00e8lement et le cyberharc\u00e8lement \u00e0 travers la cr\u00e9ation d&rsquo;une affiche ou d&rsquo;une vid\u00e9o.<br> Cette ann\u00e9e pour la 7\u00e8me \u00e9dition, un nouveau prix permettra la participation des \u00e9l\u00e8ves \u00e0 partir du CP. Cela permet d&rsquo;encourager encore plus les \u00e9quipes et les \u00e9l\u00e8ves \u00e0 se saisir de cette question d\u00e8s le plus jeune \u00e2ge.<\/p>\n\n\n\n<h3 class=\"wp-block-heading\" style=\"text-align:center\"><br> Objectifs du prix : <\/h3>\n\n\n\n<ul class=\"wp-block-list\"><li> Sensibiliser les \u00e9l\u00e8ves et les personnels \u00e9ducatifs au harc\u00e8lement \u00e0 l&rsquo;\u00e9cole.<\/li><li>Donner la parole aux \u00e9l\u00e8ves en les rendant acteurs de la pr\u00e9vention.<\/li><li> Inciter \u00e0 la mise en place d&rsquo;un plan global de pr\u00e9vention dans les \u00e9coles et les \u00e9tablissements pour r\u00e9duire les violences et am\u00e9liorer le climat scolaire.<\/li><li> Favoriser le respect d&rsquo;autrui et promouvoir l&rsquo;\u00e9cole de la confiance.<\/li><\/ul>\n\n\n\n<h3 class=\"wp-block-heading\" style=\"text-align:center\"><strong><br> Organisation<\/strong><\/h3>\n\n\n\n<p><br> Les \u00e9l\u00e8ves de 6 \u00e0 18 ans pourront produire un support de communication (affiche ou vid\u00e9o) sous la conduite des \u00e9quipes p\u00e9dagogiques et \u00e9ducatives, en articulation avec le plan de pr\u00e9vention du harc\u00e8lement de leur \u00e9cole ou de leur \u00e9tablissement.<\/p>\n\n\n\n<h3 class=\"wp-block-heading\" style=\"text-align:center\"><br> Points particuliers du r\u00e8glement<\/h3>\n\n\n\n<p><br> Les \u00e9l\u00e8ves doivent r\u00e9aliser un support de communication qui accompagne le projet de lutte contre le harc\u00e8lement qu&rsquo;ils souhaitent mener dans leur \u00e9tablissement.<\/p>\n\n\n\n<p> Ils peuvent choisir entre deux supports :<\/p>\n\n\n\n<ul class=\"wp-block-list\"><li> une affiche : elle doit comporter obligatoirement un \u00e9l\u00e9ment de texte, de type slogan et \u00eatre lisible \u00e0 une distance de 2 \u00e0 3 m\u00e8tres<\/li><\/ul>\n\n\n\n<ul class=\"wp-block-list\"><li> une vid\u00e9o d&rsquo;une dur\u00e9e maximale de 2 minutes<\/li><\/ul>\n\n\n\n<p><br> La s\u00e9lection du jury portera sur les rubriques et les cat\u00e9gories pr\u00e9sent\u00e9es ci-dessous, soit une nomination au maximum de 9 laur\u00e9ats \u00e9ligibles \u00e0 la s\u00e9lection nationale. Il n\u2019y a pas d\u2019obligation \u00e0 faire remonter 10 nomin\u00e9s. Un seul projet par cat\u00e9gorie pourra \u00eatre propos\u00e9 par l\u2019acad\u00e9mie pour la phase nationale.<br> Les 3 rubriques du concours pour la septi\u00e8me \u00e9dition<br> 6 prix \u00ab non au harc\u00e8lement \u00bb, r\u00e9partis par cycle\/\u00e2ge et type de support <\/p>\n\n\n\n<ul class=\"wp-block-list\"><li> un prix sp\u00e9cial \u00e9cole \u00e9l\u00e9mentaire, sous forme d&rsquo;affiche ou de vid\u00e9o, accessible d\u00e8s la classe de CP [nouveaut\u00e9 2019-2020] ; <\/li><\/ul>\n\n\n\n<ul class=\"wp-block-list\"><li> un prix cycle 3 (classe de CM1 \u00e0 6\u00e8me, ouvert au CE2), affiche ou vid\u00e9o ; <\/li><\/ul>\n\n\n\n<ul class=\"wp-block-list\"><li> deux prix cycle 4 (classe de 5\u00e8me \u00e0 3\u00e8me), affiche et vid\u00e9o ;<\/li><li> deux prix lyc\u00e9e (classe de seconde \u00e0 terminale), affiche et vid\u00e9o.<\/li><li> 2 prix sp\u00e9ciaux harc\u00e8lement sexiste et sexuel, cycle 4 et lyc\u00e9e<\/li><li> 1 prix cyber, sous la forme d&rsquo;une vid\u00e9o, toutes cat\u00e9gories et \u00e2ges confondus<\/li><li><\/li><\/ul>\n\n\n\n<blockquote class=\"wp-block-quote is-style-large is-layout-flow wp-block-quote-is-layout-flow\"><p> A ces trois rubriques s\u2019ajoute le prix \u00ab coup de coeur acad\u00e9mique \u00bb.<br> <\/p><\/blockquote>\n\n\n\n<p>Chaque r\u00e9alisation doit \u00eatre le fruit d&rsquo;un travail collectif et \u00eatre adoss\u00e9e \u00e0 une fiche p\u00e9dagogique pr\u00e9sentant la d\u00e9marche suivie pour sa cr\u00e9ation, et d&rsquo;une fiche pr\u00e9sentant le plan de pr\u00e9vention du harc\u00e8lement que l&rsquo;\u00e9tablissement a mis en place.<br> <\/p>\n\n\n\n<p>Durant la premi\u00e8re phase acad\u00e9mique du prix, un \u00ab coup de coeur \u00bb prim\u00e9 \u00e0 hauteur de 1000 \u20ac par la MAE, est d\u00e9cern\u00e9 dans chaque acad\u00e9mie. Les jurys acad\u00e9miques s\u00e9lectionnent \u00e9galement les projets pour la phase nationale du prix.<br>Au niveau national, les projets prim\u00e9s re\u00e7oivent un ch\u00e8que de 2000\u20ac de notre partenaire, la MAE, pour financer des actions de pr\u00e9vention qui mobilisent les \u00e9l\u00e8ves de l&rsquo;\u00e9cole ou de l&rsquo;\u00e9tablissement laur\u00e9at.<br><\/p>\n\n\n\n<p class=\"has-background has-vivid-green-cyan-background-color\">Quelques chiffres\u2026<br><strong>56 participations \u00e9manant de 43 \u00e9tablissements sur l\u2019ensemble de l\u2019Aquitaine. 5 \u00e9coles primaires 28 coll\u00e8ges et  9 LGT et LP <\/strong><\/p>\n","protected":false},"excerpt":{"rendered":"<p>Le prix \u00ab Non au harc\u00e8lement \u00bb a pour objectif de donner la parole aux jeunes des \u00e9coles, coll\u00e8ges, lyc\u00e9es et structures p\u00e9ri et extrascolaires pour qu&rsquo;ils s&rsquo;expriment collectivement sur le harc\u00e8lement et le cyberharc\u00e8lement \u00e0 travers la cr\u00e9ation d&rsquo;une affiche ou d&rsquo;une vid\u00e9o. Cette ann\u00e9e pour la 7\u00e8me \u00e9dition, un nouveau prix permettra la &hellip; <\/p>\n<p><a class=\"more-link btn\" href=\"https:\/\/ent2d.ac-bordeaux.fr\/disciplines\/vie-scolaire\/la-lutte-contre-le-harcelement\/prix-non-au-harcelement-2019-2020\/\">Lire la suite<\/a><\/p>\n","protected":false},"author":583,"featured_media":0,"parent":210,"menu_order":0,"comment_status":"closed","ping_status":"closed","template":"","meta":{"footnotes":""},"class_list":["post-510","page","type-page","status-publish","hentry","nodate","item-wrap"],"_links":{"self":[{"href":"https:\/\/ent2d.ac-bordeaux.fr\/disciplines\/vie-scolaire\/wp-json\/wp\/v2\/pages\/510","targetHints":{"allow":["GET"]}}],"collection":[{"href":"https:\/\/ent2d.ac-bordeaux.fr\/disciplines\/vie-scolaire\/wp-json\/wp\/v2\/pages"}],"about":[{"href":"https:\/\/ent2d.ac-bordeaux.fr\/disciplines\/vie-scolaire\/wp-json\/wp\/v2\/types\/page"}],"author":[{"embeddable":true,"href":"https:\/\/ent2d.ac-bordeaux.fr\/disciplines\/vie-scolaire\/wp-json\/wp\/v2\/users\/583"}],"replies":[{"embeddable":true,"href":"https:\/\/ent2d.ac-bordeaux.fr\/disciplines\/vie-scolaire\/wp-json\/wp\/v2\/comments?post=510"}],"version-history":[{"count":6,"href":"https:\/\/ent2d.ac-bordeaux.fr\/disciplines\/vie-scolaire\/wp-json\/wp\/v2\/pages\/510\/revisions"}],"predecessor-version":[{"id":526,"href":"https:\/\/ent2d.ac-bordeaux.fr\/disciplines\/vie-scolaire\/wp-json\/wp\/v2\/pages\/510\/revisions\/526"}],"up":[{"embeddable":true,"href":"https:\/\/ent2d.ac-bordeaux.fr\/disciplines\/vie-scolaire\/wp-json\/wp\/v2\/pages\/210"}],"wp:attachment":[{"href":"https:\/\/ent2d.ac-bordeaux.fr\/disciplines\/vie-scolaire\/wp-json\/wp\/v2\/media?parent=510"}],"curies":[{"name":"wp","href":"https:\/\/api.w.org\/{rel}","templated":true}]}}