{"id":507,"date":"2020-04-06T10:54:04","date_gmt":"2020-04-06T08:54:04","guid":{"rendered":"https:\/\/ent2d.ac-bordeaux.fr\/disciplines\/vie-scolaire\/?page_id=507"},"modified":"2020-04-06T11:30:59","modified_gmt":"2020-04-06T09:30:59","slug":"le-concours-non-au-harcelement","status":"publish","type":"page","link":"https:\/\/ent2d.ac-bordeaux.fr\/disciplines\/vie-scolaire\/la-lutte-contre-le-harcelement\/prix-non-au-harcelement-2019-2020\/le-concours-non-au-harcelement\/","title":{"rendered":"R\u00e9sultats du concours \u00ab\u00a0Non au harc\u00e8lement\u00a0\u00bb 2019-2020"},"content":{"rendered":"\n<figure class=\"wp-block-image\"><img loading=\"lazy\" decoding=\"async\" width=\"1024\" height=\"683\" src=\"https:\/\/ent2d.ac-bordeaux.fr\/disciplines\/vie-scolaire\/wp-content\/uploads\/sites\/28\/2020\/04\/banniere-nonauharcelement-jpg-44108.jpg\" alt=\"\" class=\"wp-image-508\" srcset=\"https:\/\/ent2d.ac-bordeaux.fr\/disciplines\/vie-scolaire\/wp-content\/uploads\/sites\/28\/2020\/04\/banniere-nonauharcelement-jpg-44108.jpg 1024w, https:\/\/ent2d.ac-bordeaux.fr\/disciplines\/vie-scolaire\/wp-content\/uploads\/sites\/28\/2020\/04\/banniere-nonauharcelement-jpg-44108-300x200.jpg 300w, https:\/\/ent2d.ac-bordeaux.fr\/disciplines\/vie-scolaire\/wp-content\/uploads\/sites\/28\/2020\/04\/banniere-nonauharcelement-jpg-44108-768x512.jpg 768w\" sizes=\"auto, (max-width: 1024px) 100vw, 1024px\" \/><\/figure>\n\n\n\n<p>Le jury acad\u00e9mique s&rsquo;est r\u00e9uni le Jeudi 12 mars 2020 pour \u00e9tudier les 40 projets qui avaient \u00e9t\u00e9 envoy\u00e9s pour le concours \u00ab\u00a0Non au Harc\u00e8lement\u00a0\u00bb <\/p>\n\n\n\n<p>Les laur\u00e9ats sont :<\/p>\n\n\n\n<p><strong>Prix cycle 3<\/strong>&nbsp;: \u00c9cole \u00e9l\u00e9mentaire Jean Jaur\u00e8s &#8211; Le Bouscat : vid\u00e9o \u00ab\u00a0\u00e7a m\u00e8ne o\u00f9 ?\u00a0\u00bb<br><strong>Prix sp\u00e9cial \u00e9cole \u00e9l\u00e9mentair<\/strong><strong>e<\/strong>&nbsp;: \u00c9cole Jacques Pr\u00e9vert &#8211; Le Vignau &#8211; Vid\u00e9o : \u00ab\u00a0Le petit Tom ? \u00ab\u00a0<br><strong>Coup de c\u0153ur acad\u00e9mique<\/strong>&nbsp;: Coll\u00e8ge Ali\u00e9nor d&rsquo;Aquitaine &#8211; Brant\u00f4me en P\u00e9rigord &#8211; vid\u00e9o : \u00a0\u00bb Le d\u00e9bat argument\u00e9 \u00ab\u00a0<br><strong>Prix cycle 4 affiche<\/strong>&nbsp; : Personne pour en parler \u00a0\u00bb &#8211; coll\u00e8ge Pierre de Belleyme &#8211; Pauillac<br><strong>Prix cycle 4 vid\u00e9o<\/strong>&nbsp;: \u00ab\u00a0T&rsquo;es qui toi ?\u00a0\u00bb coll\u00e8ge Jean Verdier &#8211; Audenge<br><\/p>\n\n\n\n<p><strong>Pour le prix cyber<\/strong>, &#8211; vid\u00e9o du coll\u00e8ge Gaston Carr\u00e8re de Casseneuil&nbsp;<\/p>\n\n\n\n<p><strong>Prix C4 harc\u00e8lement sexiste et sexuel<\/strong>&nbsp;\u2013 Affiche \u2013 \u00ab&nbsp;Si tu postes, on riposte&nbsp;\u00bb, coll\u00e8ge L\u00e9o Testut \u2013 Beaumontois en P\u00e9rigord<\/p>\n\n\n\n<p><strong>Prix lyc\u00e9e harc\u00e8lement sexiste et sexuel \u2013 video \u2013 \u00ab&nbsp;Le bruit du silence&nbsp;\u00bb&nbsp;<\/strong>lyc\u00e9e Pablo Picasso \u2013 P\u00e9rigueux.<\/p>\n\n\n\n<p><strong>Prix Lyc\u00e9e \u2013 vid\u00e9o<\/strong>&#8211; Lyc\u00e9e international L\u00e9on l\u2019Africain \u2013 Casablanca \u2013 \u00ab&nbsp;Quand est-ce que ce sera assez&nbsp;?&nbsp;\u00bb<\/p>\n\n\n\n<p><strong>Prix Lyc\u00e9e \u2013 Affiche<\/strong>&nbsp;\u2013 \u00ab&nbsp;Le harc\u00e8lement n\u2019a pas de visage&nbsp;\u00bb &#8211; Lyc\u00e9e L\u00e9onard de Vinci \u2013 Blanquefort<\/p>\n\n\n\n<p><br><\/p>\n","protected":false},"excerpt":{"rendered":"<p>Le jury acad\u00e9mique s&rsquo;est r\u00e9uni le Jeudi 12 mars 2020 pour \u00e9tudier les 40 projets qui avaient \u00e9t\u00e9 envoy\u00e9s pour le concours \u00ab\u00a0Non au Harc\u00e8lement\u00a0\u00bb Les laur\u00e9ats sont : Prix cycle 3&nbsp;: \u00c9cole \u00e9l\u00e9mentaire Jean Jaur\u00e8s &#8211; Le Bouscat : vid\u00e9o \u00ab\u00a0\u00e7a m\u00e8ne o\u00f9 ?\u00a0\u00bbPrix sp\u00e9cial \u00e9cole \u00e9l\u00e9mentaire&nbsp;: \u00c9cole Jacques Pr\u00e9vert &#8211; Le Vignau &#8211; &hellip; <\/p>\n<p><a class=\"more-link btn\" href=\"https:\/\/ent2d.ac-bordeaux.fr\/disciplines\/vie-scolaire\/la-lutte-contre-le-harcelement\/prix-non-au-harcelement-2019-2020\/le-concours-non-au-harcelement\/\">Lire la suite<\/a><\/p>\n","protected":false},"author":583,"featured_media":0,"parent":510,"menu_order":-1,"comment_status":"closed","ping_status":"closed","template":"","meta":{"footnotes":""},"class_list":["post-507","page","type-page","status-publish","hentry","nodate","item-wrap"],"_links":{"self":[{"href":"https:\/\/ent2d.ac-bordeaux.fr\/disciplines\/vie-scolaire\/wp-json\/wp\/v2\/pages\/507","targetHints":{"allow":["GET"]}}],"collection":[{"href":"https:\/\/ent2d.ac-bordeaux.fr\/disciplines\/vie-scolaire\/wp-json\/wp\/v2\/pages"}],"about":[{"href":"https:\/\/ent2d.ac-bordeaux.fr\/disciplines\/vie-scolaire\/wp-json\/wp\/v2\/types\/page"}],"author":[{"embeddable":true,"href":"https:\/\/ent2d.ac-bordeaux.fr\/disciplines\/vie-scolaire\/wp-json\/wp\/v2\/users\/583"}],"replies":[{"embeddable":true,"href":"https:\/\/ent2d.ac-bordeaux.fr\/disciplines\/vie-scolaire\/wp-json\/wp\/v2\/comments?post=507"}],"version-history":[{"count":2,"href":"https:\/\/ent2d.ac-bordeaux.fr\/disciplines\/vie-scolaire\/wp-json\/wp\/v2\/pages\/507\/revisions"}],"predecessor-version":[{"id":520,"href":"https:\/\/ent2d.ac-bordeaux.fr\/disciplines\/vie-scolaire\/wp-json\/wp\/v2\/pages\/507\/revisions\/520"}],"up":[{"embeddable":true,"href":"https:\/\/ent2d.ac-bordeaux.fr\/disciplines\/vie-scolaire\/wp-json\/wp\/v2\/pages\/510"}],"wp:attachment":[{"href":"https:\/\/ent2d.ac-bordeaux.fr\/disciplines\/vie-scolaire\/wp-json\/wp\/v2\/media?parent=507"}],"curies":[{"name":"wp","href":"https:\/\/api.w.org\/{rel}","templated":true}]}}