{"id":504,"date":"2020-04-06T10:44:39","date_gmt":"2020-04-06T08:44:39","guid":{"rendered":"https:\/\/ent2d.ac-bordeaux.fr\/disciplines\/vie-scolaire\/?page_id=504"},"modified":"2020-04-06T10:45:19","modified_gmt":"2020-04-06T08:45:19","slug":"les-violences-sexuelles-et-sexistes","status":"publish","type":"page","link":"https:\/\/ent2d.ac-bordeaux.fr\/disciplines\/vie-scolaire\/prevention-des-violences-scolaires\/les-violences-sexuelles-et-sexistes\/","title":{"rendered":"Les violences sexuelles et sexistes"},"content":{"rendered":"\n<p> Les ressources et infos  par Sandra Barrere\u00a0 (Charg\u00e9e de mission \u00ab\u00a0EFG\u00a0\u00bb)      <\/p>\n\n\n\n<figure class=\"wp-block-image is-resized\"><img loading=\"lazy\" decoding=\"async\" src=\"https:\/\/ent2d.ac-bordeaux.fr\/disciplines\/vie-scolaire\/wp-content\/uploads\/sites\/28\/2020\/04\/violences-sexuelles.png\" alt=\"\" class=\"wp-image-505\" width=\"536\" height=\"268\" srcset=\"https:\/\/ent2d.ac-bordeaux.fr\/disciplines\/vie-scolaire\/wp-content\/uploads\/sites\/28\/2020\/04\/violences-sexuelles.png 318w, https:\/\/ent2d.ac-bordeaux.fr\/disciplines\/vie-scolaire\/wp-content\/uploads\/sites\/28\/2020\/04\/violences-sexuelles-300x150.png 300w\" sizes=\"auto, (max-width: 536px) 100vw, 536px\" \/><\/figure>\n\n\n\n<p> 1. DRDFE : le portail de signalement des violences sexuelles ou sexistes qui fonctionne 24\/24 et 7\/7. Il permet d\u2019entrer en relation par tchat avec un  policier ou un gendarme sp\u00e9cifiquement form\u00e9, depuis un mobile           ou un ordinateur, de fa\u00e7on tout \u00e0 fait anonyme, aux adresses           suivantes :  <a rel=\"noreferrer noopener\" href=\"http:\/\/www.signalement-violences-sexuelles-sexistes.gouv.fr\" target=\"_blank\">www.signalement-violences-sexuelles-sexistes.gouv.fr<\/a>   ou depuis le site <a rel=\"noreferrer noopener\" href=\"http:\/\/service-public.fr\" target=\"_blank\">service-public.fr<\/a>  <\/p>\n\n\n\n<p>2. Nouvelle-Aquitaine :\u00a0       <br><a rel=\"noreferrer noopener\" href=\"https:\/\/actu.fr\/nouvelle-aquitaine\/bordeaux_33063\/confinement-une-association-bordelaise-demenage-discretement-femmes-victimes-violences-conjugales_32655445.html?fbclid=IwAR2ztzHLaaTZ03eWqcoLOxZj\" target=\"_blank\">https:\/\/actu.fr\/nouvelle-aquitaine\/bordeaux_33063\/confinement-une-association-bordelaise-demenage-discretement-femmes-victimes-violences-conjugales_32655445.html?fbclid=IwAR2ztzHLaaTZ03eWqcoLOxZj<\/a> Facebook :         <a rel=\"noreferrer noopener\" href=\"https:\/\/www.facebook.com\/nouvelleaquitaine\/photos\/a.1737391043160323\/2753720821527335\/?type=3&amp;theater\" target=\"_blank\">https:\/\/www.facebook.com\/nouvelleaquitaine\/photos\/a.1737391043160323\/2753720821527335\/?type=3&amp;theater<\/a>                  et Linkedin :   <a rel=\"noreferrer noopener\" href=\"https:\/\/www.linkedin.com\/feed\/update\/urn:li:activity:6651427848152326144\" target=\"_blank\">https:\/\/www.linkedin.com\/feed\/update\/urn:li:activity:6651427848152326144<\/a><\/p>\n\n\n\n<p><br> 3. Ressources universit\u00e9s (dont une excellente interview du                 p\u00e9dopsychiatre Pierre Benghazi) : <a rel=\"noreferrer noopener\" href=\"http:\/\/www.cnrs.fr\/mpdf\/spip.php?article987\" target=\"_blank\">http:\/\/www.cnrs.fr\/mpdf\/spip.php?article987<\/a><\/p>\n\n\n\n<p> En particulier, le site Stop Cybersexisme : <a rel=\"noreferrer noopener\" href=\"http:\/\/www.ac-bordeaux.fr\/cid131410\/stop-au-cybersexisme.html\" target=\"_blank\">http:\/\/www.ac-bordeaux.fr\/cid131410\/stop-au-cybersexisme.html<\/a> <\/p>\n\n\n\n<p><br><\/p>\n","protected":false},"excerpt":{"rendered":"<p>Les ressources et infos par Sandra Barrere\u00a0 (Charg\u00e9e de mission \u00ab\u00a0EFG\u00a0\u00bb) 1. DRDFE : le portail de signalement des violences sexuelles ou sexistes qui fonctionne 24\/24 et 7\/7. Il permet d\u2019entrer en relation par tchat avec un policier ou un gendarme sp\u00e9cifiquement form\u00e9, depuis un mobile ou un ordinateur, de fa\u00e7on tout \u00e0 fait anonyme, &hellip; <\/p>\n<p><a class=\"more-link btn\" href=\"https:\/\/ent2d.ac-bordeaux.fr\/disciplines\/vie-scolaire\/prevention-des-violences-scolaires\/les-violences-sexuelles-et-sexistes\/\">Lire la suite<\/a><\/p>\n","protected":false},"author":583,"featured_media":0,"parent":135,"menu_order":2,"comment_status":"closed","ping_status":"closed","template":"","meta":{"footnotes":""},"class_list":["post-504","page","type-page","status-publish","hentry","nodate","item-wrap"],"_links":{"self":[{"href":"https:\/\/ent2d.ac-bordeaux.fr\/disciplines\/vie-scolaire\/wp-json\/wp\/v2\/pages\/504","targetHints":{"allow":["GET"]}}],"collection":[{"href":"https:\/\/ent2d.ac-bordeaux.fr\/disciplines\/vie-scolaire\/wp-json\/wp\/v2\/pages"}],"about":[{"href":"https:\/\/ent2d.ac-bordeaux.fr\/disciplines\/vie-scolaire\/wp-json\/wp\/v2\/types\/page"}],"author":[{"embeddable":true,"href":"https:\/\/ent2d.ac-bordeaux.fr\/disciplines\/vie-scolaire\/wp-json\/wp\/v2\/users\/583"}],"replies":[{"embeddable":true,"href":"https:\/\/ent2d.ac-bordeaux.fr\/disciplines\/vie-scolaire\/wp-json\/wp\/v2\/comments?post=504"}],"version-history":[{"count":1,"href":"https:\/\/ent2d.ac-bordeaux.fr\/disciplines\/vie-scolaire\/wp-json\/wp\/v2\/pages\/504\/revisions"}],"predecessor-version":[{"id":506,"href":"https:\/\/ent2d.ac-bordeaux.fr\/disciplines\/vie-scolaire\/wp-json\/wp\/v2\/pages\/504\/revisions\/506"}],"up":[{"embeddable":true,"href":"https:\/\/ent2d.ac-bordeaux.fr\/disciplines\/vie-scolaire\/wp-json\/wp\/v2\/pages\/135"}],"wp:attachment":[{"href":"https:\/\/ent2d.ac-bordeaux.fr\/disciplines\/vie-scolaire\/wp-json\/wp\/v2\/media?parent=504"}],"curies":[{"name":"wp","href":"https:\/\/api.w.org\/{rel}","templated":true}]}}