{"id":418,"date":"2020-03-30T13:41:36","date_gmt":"2020-03-30T11:41:36","guid":{"rendered":"https:\/\/ent2d.ac-bordeaux.fr\/disciplines\/vie-scolaire\/?page_id=418"},"modified":"2020-03-30T16:27:34","modified_gmt":"2020-03-30T14:27:34","slug":"la-maison-des-lyceens","status":"publish","type":"page","link":"https:\/\/ent2d.ac-bordeaux.fr\/disciplines\/vie-scolaire\/la-maison-des-lyceens\/","title":{"rendered":"La maison des lyc\u00e9ens"},"content":{"rendered":"\n<p>La maison des  lyc\u00e9ens est une association qui rassemble les \u00e9l\u00e8ves souhaitant  s&rsquo;engager dans des  actions citoyennes et prendre des responsabilit\u00e9s au  sein de l&rsquo;\u00e9tablissement dans les domaines culturel, artistique,  sportif et humanitaire.<\/p>\n\n\n\n<p>Elle peut  d\u00e9velopper l&rsquo;organisation  d&rsquo;activit\u00e9s g\u00e9n\u00e9rant des rentr\u00e9es de fonds  pour favoriser la vie de  l&rsquo;association : <\/p>\n\n\n\n<div class=\"wp-block-image\"><figure class=\"aligncenter\"><img loading=\"lazy\" decoding=\"async\" width=\"316\" height=\"159\" src=\"https:\/\/ent2d.ac-bordeaux.fr\/disciplines\/vie-scolaire\/wp-content\/uploads\/sites\/28\/2020\/03\/MDL.png\" alt=\"\" class=\"wp-image-441\" srcset=\"https:\/\/ent2d.ac-bordeaux.fr\/disciplines\/vie-scolaire\/wp-content\/uploads\/sites\/28\/2020\/03\/MDL.png 316w, https:\/\/ent2d.ac-bordeaux.fr\/disciplines\/vie-scolaire\/wp-content\/uploads\/sites\/28\/2020\/03\/MDL-300x151.png 300w\" sizes=\"auto, (max-width: 316px) 100vw, 316px\" \/><\/figure><\/div>\n\n\n\n<p>f\u00eate de fin d&rsquo;ann\u00e9e, d\u00eener de  l&rsquo;association des anciens  \u00e9l\u00e8ves, gestion d&rsquo;une caf\u00e9t\u00e9ria pour les  \u00e9l\u00e8ves, etc. <\/p>\n\n\n\n<p>Elle peut aussi  organiser des d\u00e9bats portant sur les  questions d&rsquo;actualit\u00e9 qui  pr\u00e9sentent un caract\u00e8re d&rsquo;int\u00e9r\u00eat g\u00e9n\u00e9ral,  dans le respect de la  diversit\u00e9 des opinions et des principes  fondamentaux du service public  d&rsquo;\u00e9ducation.<\/p>\n\n\n\n<p>Les conseillers \nprincipaux d&rsquo;\u00e9ducation (CPE) ou, \u00e9ventuellement, tout autre  membre de \nla communaut\u00e9 \u00e9ducative de l&rsquo;\u00e9tablissement, sont associ\u00e9s au  \nfonctionnement ou \u00e0 l&rsquo;organisation de la MDL. <\/p>\n\n\n\n<p>La Maison des  lyc\u00e9ens doit fonctionner en relation \u00e9troite avec le conseil des  d\u00e9l\u00e9gu\u00e9s pour la vie lyc\u00e9enne. Dans le cadre de la r\u00e9forme du lyc\u00e9e, les  maisons des lyc\u00e9ens doivent se substituer aux foyers socio-\u00e9ducatifs (consulter la page <a rel=\"noreferrer noopener\" href=\"http:\/\/www.education.gouv.fr\/vie-lyceenne\/cid73323\/maison-des-lyceens.html\" target=\"_blank\">Cr\u00e9er et g\u00e9rer une maison des lyc\u00e9ens<\/a> sur le site du minist\u00e8re).<\/p>\n\n\n\n<p>Pour aller plus loin: <a href=\"https:\/\/www.cahiers-pedagogiques.com\/L-engagement-citoyen-dans-les-maisons-des-lyceens\">un article des cahiers p\u00e9dagogiques<\/a><\/p>\n\n\n\n<p>Une f\u00e9d\u00e9ration des Maisons des lyc\u00e9ens :<a href=\"https:\/\/federation-mdl.fr\/\"> https:\/\/federation-mdl.fr\/<\/a><\/p>\n","protected":false},"excerpt":{"rendered":"<p>La maison des lyc\u00e9ens est une association qui rassemble les \u00e9l\u00e8ves souhaitant s&rsquo;engager dans des actions citoyennes et prendre des responsabilit\u00e9s au sein de l&rsquo;\u00e9tablissement dans les domaines culturel, artistique, sportif et humanitaire. Elle peut d\u00e9velopper l&rsquo;organisation d&rsquo;activit\u00e9s g\u00e9n\u00e9rant des rentr\u00e9es de fonds pour favoriser la vie de l&rsquo;association : f\u00eate de fin d&rsquo;ann\u00e9e, d\u00eener &hellip; <\/p>\n<p><a class=\"more-link btn\" href=\"https:\/\/ent2d.ac-bordeaux.fr\/disciplines\/vie-scolaire\/la-maison-des-lyceens\/\">Lire la suite<\/a><\/p>\n","protected":false},"author":583,"featured_media":0,"parent":0,"menu_order":0,"comment_status":"closed","ping_status":"closed","template":"","meta":{"footnotes":""},"class_list":["post-418","page","type-page","status-publish","hentry","nodate","item-wrap"],"_links":{"self":[{"href":"https:\/\/ent2d.ac-bordeaux.fr\/disciplines\/vie-scolaire\/wp-json\/wp\/v2\/pages\/418","targetHints":{"allow":["GET"]}}],"collection":[{"href":"https:\/\/ent2d.ac-bordeaux.fr\/disciplines\/vie-scolaire\/wp-json\/wp\/v2\/pages"}],"about":[{"href":"https:\/\/ent2d.ac-bordeaux.fr\/disciplines\/vie-scolaire\/wp-json\/wp\/v2\/types\/page"}],"author":[{"embeddable":true,"href":"https:\/\/ent2d.ac-bordeaux.fr\/disciplines\/vie-scolaire\/wp-json\/wp\/v2\/users\/583"}],"replies":[{"embeddable":true,"href":"https:\/\/ent2d.ac-bordeaux.fr\/disciplines\/vie-scolaire\/wp-json\/wp\/v2\/comments?post=418"}],"version-history":[{"count":5,"href":"https:\/\/ent2d.ac-bordeaux.fr\/disciplines\/vie-scolaire\/wp-json\/wp\/v2\/pages\/418\/revisions"}],"predecessor-version":[{"id":444,"href":"https:\/\/ent2d.ac-bordeaux.fr\/disciplines\/vie-scolaire\/wp-json\/wp\/v2\/pages\/418\/revisions\/444"}],"wp:attachment":[{"href":"https:\/\/ent2d.ac-bordeaux.fr\/disciplines\/vie-scolaire\/wp-json\/wp\/v2\/media?parent=418"}],"curies":[{"name":"wp","href":"https:\/\/api.w.org\/{rel}","templated":true}]}}