{"id":416,"date":"2020-03-30T13:41:22","date_gmt":"2020-03-30T11:41:22","guid":{"rendered":"https:\/\/ent2d.ac-bordeaux.fr\/disciplines\/vie-scolaire\/?page_id=416"},"modified":"2020-03-30T14:09:18","modified_gmt":"2020-03-30T12:09:18","slug":"le-foyer-socio-educatif","status":"publish","type":"page","link":"https:\/\/ent2d.ac-bordeaux.fr\/disciplines\/vie-scolaire\/le-foyer-socio-educatif\/","title":{"rendered":"Le foyer socio-\u00e9ducatif"},"content":{"rendered":"\n<div class=\"wp-block-image\"><figure class=\"aligncenter is-resized\"><img loading=\"lazy\" decoding=\"async\" src=\"https:\/\/ent2d.ac-bordeaux.fr\/disciplines\/vie-scolaire\/wp-content\/uploads\/sites\/28\/2020\/03\/\u00e9change.jpg\" alt=\"\" class=\"wp-image-434\" width=\"471\" height=\"300\" \/><figcaption>Lieu de vie et d&rsquo;\u00e9changes<\/figcaption><\/figure><\/div>\n\n\n\n<p>Le FSE g\u00e8re des activit\u00e9s p\u00e9ri-scolaires et facultatives. <\/p>\n\n\n\n<p>Son existence au sein de l&rsquo;EPLE n&rsquo;est pas obligatoire. La plupart des \u00e9tablissements en sont toutefois dot\u00e9s. <\/p>\n\n\n\n<p>On proc\u00e8de \u00e0 des\n \u00e9lections en d\u00e9but   d&rsquo;ann\u00e9e scolaire lors de la r\u00e9union de l&rsquo;assembl\u00e9e\n g\u00e9n\u00e9rale, convoqu\u00e9e   par le pr\u00e9sident de l&rsquo;association.<\/p>\n\n\n\n<p>Le chef \nd&rsquo;\u00e9tablissement peut en \u00eatre   membre. Il est vivement conseill\u00e9 de ne \npas y prendre part comme   pr\u00e9sident ou tr\u00e9sorier pour \u00ab\u00a0\u00e9viter une \ngestion de fait\u00a0\u00bb.<\/p>\n\n\n\n<p>Il convient d&rsquo;\u00e9tablir une convention entre l&rsquo;EPLE et l&rsquo;association pour l&rsquo;utilisation des locaux de l&rsquo;\u00e9tablissement.<\/p>\n\n\n\n<p><a href=\"https:\/\/documentcloud.adobe.com\/link\/track?uri=urn%3Aaaid%3Ascds%3AUS%3Aa653ce7e-6002-468b-8016-ac512fa8c994\">Texte de r\u00e9f\u00e9rence <\/a><\/p>\n\n\n\n<p><a href=\"https:\/\/www.ih2ef.education.fr\/fr\/ressources-par-type\/outils-pour-agir\/le-film-annuel-des-personnels-de-direction\/detail-d-une-fiche\/?a=18&amp;cHash=67da0a0367\">Association en EPLE : point fait par l&rsquo;IH2EF<br><\/a><\/p>\n","protected":false},"excerpt":{"rendered":"<p>Le FSE g\u00e8re des activit\u00e9s p\u00e9ri-scolaires et facultatives. Son existence au sein de l&rsquo;EPLE n&rsquo;est pas obligatoire. La plupart des \u00e9tablissements en sont toutefois dot\u00e9s. On proc\u00e8de \u00e0 des \u00e9lections en d\u00e9but d&rsquo;ann\u00e9e scolaire lors de la r\u00e9union de l&rsquo;assembl\u00e9e g\u00e9n\u00e9rale, convoqu\u00e9e par le pr\u00e9sident de l&rsquo;association. Le chef d&rsquo;\u00e9tablissement peut en \u00eatre membre. Il &hellip; <\/p>\n<p><a class=\"more-link btn\" href=\"https:\/\/ent2d.ac-bordeaux.fr\/disciplines\/vie-scolaire\/le-foyer-socio-educatif\/\">Lire la suite<\/a><\/p>\n","protected":false},"author":583,"featured_media":0,"parent":0,"menu_order":0,"comment_status":"closed","ping_status":"closed","template":"","meta":{"footnotes":""},"class_list":["post-416","page","type-page","status-publish","hentry","nodate","item-wrap"],"_links":{"self":[{"href":"https:\/\/ent2d.ac-bordeaux.fr\/disciplines\/vie-scolaire\/wp-json\/wp\/v2\/pages\/416","targetHints":{"allow":["GET"]}}],"collection":[{"href":"https:\/\/ent2d.ac-bordeaux.fr\/disciplines\/vie-scolaire\/wp-json\/wp\/v2\/pages"}],"about":[{"href":"https:\/\/ent2d.ac-bordeaux.fr\/disciplines\/vie-scolaire\/wp-json\/wp\/v2\/types\/page"}],"author":[{"embeddable":true,"href":"https:\/\/ent2d.ac-bordeaux.fr\/disciplines\/vie-scolaire\/wp-json\/wp\/v2\/users\/583"}],"replies":[{"embeddable":true,"href":"https:\/\/ent2d.ac-bordeaux.fr\/disciplines\/vie-scolaire\/wp-json\/wp\/v2\/comments?post=416"}],"version-history":[{"count":2,"href":"https:\/\/ent2d.ac-bordeaux.fr\/disciplines\/vie-scolaire\/wp-json\/wp\/v2\/pages\/416\/revisions"}],"predecessor-version":[{"id":435,"href":"https:\/\/ent2d.ac-bordeaux.fr\/disciplines\/vie-scolaire\/wp-json\/wp\/v2\/pages\/416\/revisions\/435"}],"wp:attachment":[{"href":"https:\/\/ent2d.ac-bordeaux.fr\/disciplines\/vie-scolaire\/wp-json\/wp\/v2\/media?parent=416"}],"curies":[{"name":"wp","href":"https:\/\/api.w.org\/{rel}","templated":true}]}}