{"id":414,"date":"2020-03-30T13:41:00","date_gmt":"2020-03-30T11:41:00","guid":{"rendered":"https:\/\/ent2d.ac-bordeaux.fr\/disciplines\/vie-scolaire\/?page_id=414"},"modified":"2020-03-30T13:57:44","modified_gmt":"2020-03-30T11:57:44","slug":"la-gestion-de-linternat","status":"publish","type":"page","link":"https:\/\/ent2d.ac-bordeaux.fr\/disciplines\/vie-scolaire\/la-gestion-de-linternat\/","title":{"rendered":"La gestion de l&rsquo;internat"},"content":{"rendered":"\n<p>\n\tL&rsquo;internat peut repr\u00e9senter un atout \nd\u00e9terminant pour la r\u00e9ussite scolaire et l&rsquo;int\u00e9gration sociale de \nnombreux enfants et adolescents. Un annuaire des internats est \ndisponible afin d&rsquo;am\u00e9liorer le service rendu aux familles dans le choix \nd&rsquo;un \u00e9tablissement.<\/p>\n\n\n\n<figure class=\"wp-block-image\"><img loading=\"lazy\" decoding=\"async\" width=\"1024\" height=\"575\" src=\"https:\/\/ent2d.ac-bordeaux.fr\/disciplines\/vie-scolaire\/wp-content\/uploads\/sites\/28\/2020\/03\/internat.jpg\" alt=\"\" class=\"wp-image-429\" srcset=\"https:\/\/ent2d.ac-bordeaux.fr\/disciplines\/vie-scolaire\/wp-content\/uploads\/sites\/28\/2020\/03\/internat.jpg 1024w, https:\/\/ent2d.ac-bordeaux.fr\/disciplines\/vie-scolaire\/wp-content\/uploads\/sites\/28\/2020\/03\/internat-300x169.jpg 300w, https:\/\/ent2d.ac-bordeaux.fr\/disciplines\/vie-scolaire\/wp-content\/uploads\/sites\/28\/2020\/03\/internat-768x431.jpg 768w\" sizes=\"auto, (max-width: 1024px) 100vw, 1024px\" \/><figcaption>Cit\u00e9 scolaire Arnaut Daniel Rib\u00e9rac<\/figcaption><\/figure>\n\n\n\n<ul class=\"wp-block-list\"><li> <a href=\"http:\/\/www.education.gouv.fr\/cid1114\/les-internats-au-college-et-au-lycee.html\">http:\/\/www.education.gouv.fr\/cid1114\/les-internats-au-college-et-au-lycee.html<\/a><\/li><li> Textes de r\u00e9f\u00e9rences: <a href=\"https:\/\/eduscol.education.fr\/cid144233\/l-internat-xxie-siecle.html\">https:\/\/eduscol.education.fr\/cid144233\/l-internat-xxie-siecle.html<\/a><\/li><li> Les internats d&rsquo;excellence : <a href=\"http:\/\/www.education.gouv.fr\/cid52632\/mene1017641c.html\">http:\/\/www.education.gouv.fr\/cid52632\/mene1017641c.html<\/a><\/li><li> Article des cahiers p\u00e9daggiques \u00ab\u00a0de l&rsquo;internat \u00e0 la vie scolaire\u00a0\u00bb : <a href=\"http:\/\/www.cahiers-pedagogiques.com\/De-l-internat-a-la-Vie-scolaire\">http:\/\/www.cahiers-pedagogiques.com\/De-l-internat-a-la-Vie-scolaire<\/a><\/li><\/ul>\n\n\n\n<hr class=\"wp-block-separator\" \/>\n","protected":false},"excerpt":{"rendered":"<p>L&rsquo;internat peut repr\u00e9senter un atout d\u00e9terminant pour la r\u00e9ussite scolaire et l&rsquo;int\u00e9gration sociale de nombreux enfants et adolescents. Un annuaire des internats est disponible afin d&rsquo;am\u00e9liorer le service rendu aux familles dans le choix d&rsquo;un \u00e9tablissement. http:\/\/www.education.gouv.fr\/cid1114\/les-internats-au-college-et-au-lycee.html Textes de r\u00e9f\u00e9rences: https:\/\/eduscol.education.fr\/cid144233\/l-internat-xxie-siecle.html Les internats d&rsquo;excellence : http:\/\/www.education.gouv.fr\/cid52632\/mene1017641c.html Article des cahiers p\u00e9daggiques \u00ab\u00a0de l&rsquo;internat \u00e0 la vie &hellip; <\/p>\n<p><a class=\"more-link btn\" href=\"https:\/\/ent2d.ac-bordeaux.fr\/disciplines\/vie-scolaire\/la-gestion-de-linternat\/\">Lire la suite<\/a><\/p>\n","protected":false},"author":583,"featured_media":0,"parent":0,"menu_order":0,"comment_status":"closed","ping_status":"closed","template":"","meta":{"footnotes":""},"class_list":["post-414","page","type-page","status-publish","hentry","nodate","item-wrap"],"_links":{"self":[{"href":"https:\/\/ent2d.ac-bordeaux.fr\/disciplines\/vie-scolaire\/wp-json\/wp\/v2\/pages\/414","targetHints":{"allow":["GET"]}}],"collection":[{"href":"https:\/\/ent2d.ac-bordeaux.fr\/disciplines\/vie-scolaire\/wp-json\/wp\/v2\/pages"}],"about":[{"href":"https:\/\/ent2d.ac-bordeaux.fr\/disciplines\/vie-scolaire\/wp-json\/wp\/v2\/types\/page"}],"author":[{"embeddable":true,"href":"https:\/\/ent2d.ac-bordeaux.fr\/disciplines\/vie-scolaire\/wp-json\/wp\/v2\/users\/583"}],"replies":[{"embeddable":true,"href":"https:\/\/ent2d.ac-bordeaux.fr\/disciplines\/vie-scolaire\/wp-json\/wp\/v2\/comments?post=414"}],"version-history":[{"count":3,"href":"https:\/\/ent2d.ac-bordeaux.fr\/disciplines\/vie-scolaire\/wp-json\/wp\/v2\/pages\/414\/revisions"}],"predecessor-version":[{"id":431,"href":"https:\/\/ent2d.ac-bordeaux.fr\/disciplines\/vie-scolaire\/wp-json\/wp\/v2\/pages\/414\/revisions\/431"}],"wp:attachment":[{"href":"https:\/\/ent2d.ac-bordeaux.fr\/disciplines\/vie-scolaire\/wp-json\/wp\/v2\/media?parent=414"}],"curies":[{"name":"wp","href":"https:\/\/api.w.org\/{rel}","templated":true}]}}