{"id":408,"date":"2020-03-30T12:15:05","date_gmt":"2020-03-30T10:15:05","guid":{"rendered":"https:\/\/ent2d.ac-bordeaux.fr\/disciplines\/vie-scolaire\/?page_id=408"},"modified":"2020-03-30T12:21:12","modified_gmt":"2020-03-30T10:21:12","slug":"accueil-des-eleves-et-des-familles","status":"publish","type":"page","link":"https:\/\/ent2d.ac-bordeaux.fr\/disciplines\/vie-scolaire\/relations-avec-les-familles\/accueil-des-eleves-et-des-familles\/","title":{"rendered":"Accueil des \u00e9l\u00e8ves et des familles"},"content":{"rendered":"\n<h2 class=\"wp-block-heading\" style=\"text-align:center\">Accueil des \u00e9l\u00e8ves<\/h2>\n\n\n\n<p>\n\t&#8211; R\u00e9sultats d&rsquo;une enqu\u00eate sur l&rsquo;accueil des \u00e9l\u00e8ves dans les \n\u00e9tablissements scolaires (\u00e9tat des lieux, constat, pr\u00e9conisations et \nsuggestions), et sur l&rsquo;accompagnement et le suivi de l&rsquo;\u00e9l\u00e8ve durant la \ntotalit\u00e9 de son s\u00e9jour dans l&rsquo;\u00e9tablissement.<\/p>\n\n\n\n<p> <a href=\"http:\/\/www.ladocumentationfrancaise.fr\/rapports-publics\/984000976\/index.shtml\">&#8211; http:\/\/www.ladocumentationfrancaise.fr\/rapports-publics\/984000976\/index.shtml<\/a><\/p>\n\n\n\n<h2 class=\"wp-block-heading\" style=\"text-align:center\"><strong>Accueil des parents<\/strong> <br> &nbsp;<\/h2>\n\n\n\n<p>\n\tParents et \u00c9cole ont pour mission commune de r\u00e9ussir l&rsquo;\u00e9ducation des \njeunes. Les parents d&rsquo;\u00e9l\u00e8ves sont ainsi membres \u00e0 part enti\u00e8re de la \ncommunaut\u00e9 \u00e9ducative. Le dialogue avec les enseignants et l&rsquo;ensemble des\n personnels permet d&rsquo;assurer l&rsquo;effectivit\u00e9 de leurs droits :&nbsp;droit \nd&rsquo;information et d&rsquo;expression,&nbsp;droit de participation.<\/p>\n\n\n\n<p>\n\t<a href=\"http:\/\/eduscol.education.fr\/cid46696\/les-parents-ecole.html\">-http:\/\/eduscol.education.fr\/cid46696\/les-parents-ecole.html<\/a><\/p>\n\n\n\n<p>\n\tLes parents d&rsquo;\u00e9l\u00e8ves sont membres de la communaut\u00e9 \u00e9ducative.<\/p>\n\n\n\n<p>\n\tLeur participation \u00e0 la vie scolaire et le dialogue avec les \nenseignants et les autres personnels sont assur\u00e9s dans chaque \u00e9cole et \ndans chaque \u00e9tablissement.<\/p>\n\n\n\n<p>\n\tLes parents d&rsquo;\u00e9l\u00e8ves participent, par leurs repr\u00e9sentants aux conseils \nd&rsquo;\u00e9cole, aux conseils d&rsquo;administration des \u00e9tablissements scolaires et \naux conseils de classe.<\/p>\n","protected":false},"excerpt":{"rendered":"<p>Accueil des \u00e9l\u00e8ves &#8211; R\u00e9sultats d&rsquo;une enqu\u00eate sur l&rsquo;accueil des \u00e9l\u00e8ves dans les \u00e9tablissements scolaires (\u00e9tat des lieux, constat, pr\u00e9conisations et suggestions), et sur l&rsquo;accompagnement et le suivi de l&rsquo;\u00e9l\u00e8ve durant la totalit\u00e9 de son s\u00e9jour dans l&rsquo;\u00e9tablissement. &#8211; http:\/\/www.ladocumentationfrancaise.fr\/rapports-publics\/984000976\/index.shtml Accueil des parents &nbsp; Parents et \u00c9cole ont pour mission commune de r\u00e9ussir l&rsquo;\u00e9ducation des &hellip; <\/p>\n<p><a class=\"more-link btn\" href=\"https:\/\/ent2d.ac-bordeaux.fr\/disciplines\/vie-scolaire\/relations-avec-les-familles\/accueil-des-eleves-et-des-familles\/\">Lire la suite<\/a><\/p>\n","protected":false},"author":583,"featured_media":0,"parent":266,"menu_order":0,"comment_status":"closed","ping_status":"closed","template":"","meta":{"footnotes":""},"class_list":["post-408","page","type-page","status-publish","hentry","nodate","item-wrap"],"_links":{"self":[{"href":"https:\/\/ent2d.ac-bordeaux.fr\/disciplines\/vie-scolaire\/wp-json\/wp\/v2\/pages\/408","targetHints":{"allow":["GET"]}}],"collection":[{"href":"https:\/\/ent2d.ac-bordeaux.fr\/disciplines\/vie-scolaire\/wp-json\/wp\/v2\/pages"}],"about":[{"href":"https:\/\/ent2d.ac-bordeaux.fr\/disciplines\/vie-scolaire\/wp-json\/wp\/v2\/types\/page"}],"author":[{"embeddable":true,"href":"https:\/\/ent2d.ac-bordeaux.fr\/disciplines\/vie-scolaire\/wp-json\/wp\/v2\/users\/583"}],"replies":[{"embeddable":true,"href":"https:\/\/ent2d.ac-bordeaux.fr\/disciplines\/vie-scolaire\/wp-json\/wp\/v2\/comments?post=408"}],"version-history":[{"count":2,"href":"https:\/\/ent2d.ac-bordeaux.fr\/disciplines\/vie-scolaire\/wp-json\/wp\/v2\/pages\/408\/revisions"}],"predecessor-version":[{"id":410,"href":"https:\/\/ent2d.ac-bordeaux.fr\/disciplines\/vie-scolaire\/wp-json\/wp\/v2\/pages\/408\/revisions\/410"}],"up":[{"embeddable":true,"href":"https:\/\/ent2d.ac-bordeaux.fr\/disciplines\/vie-scolaire\/wp-json\/wp\/v2\/pages\/266"}],"wp:attachment":[{"href":"https:\/\/ent2d.ac-bordeaux.fr\/disciplines\/vie-scolaire\/wp-json\/wp\/v2\/media?parent=408"}],"curies":[{"name":"wp","href":"https:\/\/api.w.org\/{rel}","templated":true}]}}