{"id":404,"date":"2020-03-30T12:06:22","date_gmt":"2020-03-30T10:06:22","guid":{"rendered":"https:\/\/ent2d.ac-bordeaux.fr\/disciplines\/vie-scolaire\/?page_id=404"},"modified":"2020-03-30T16:44:28","modified_gmt":"2020-03-30T14:44:28","slug":"le-reglement-interieur","status":"publish","type":"page","link":"https:\/\/ent2d.ac-bordeaux.fr\/disciplines\/vie-scolaire\/le-reglement-interieur\/","title":{"rendered":"Le r\u00e8glement int\u00e9rieur"},"content":{"rendered":"\n<p> La r\u00e9forme des  proc\u00e9dures disciplinaires dans les \u00e9tablissements scolaires du second  degr\u00e9 introduite par les d\u00e9crets n\u00b0 2011-728 et n\u00b0 2011-729 du 24 juin  2011 modifiant le code de l&rsquo;\u00c9ducation vise \u00e0 mieux faire respecter les  r\u00e8gles du \u00ab vivre ensemble \u00bb et \u00e0 redonner du sens aux sanctions. Dans  ce contexte, une actualisation des r\u00e8gles relatives aux droits et  devoirs de chacun des membres de la communaut\u00e9 \u00e9ducative, d\u00e9finies dans  le r\u00e8glement int\u00e9rieur, est n\u00e9cessaire.<\/p>\n\n\n\n<p>Producteur de sens et de coh\u00e9rence, le r\u00e8glement int\u00e9rieur d\u2019un \n\u00e9tablissement scolaire est le r\u00e9sultat d\u2019une concertation au sein de la \ncommunaut\u00e9 \u00e9ducative et d\u2019un d\u00e9bat suivi d\u2019un vote en conseil \nd\u2019administration. Ce r\u00e8glement int\u00e9rieur, r\u00e9guli\u00e8rement revu et adapt\u00e9, \nconstitue le cadre non n\u00e9gociable dans lequel s\u2019inscrivent tous les \nprotocoles pr\u00e9vus par l\u2019\u00e9tablissement.&nbsp;<\/p>\n\n\n\n<p>Il permet&nbsp; de structurer les relations entre \u00e9l\u00e8ves et adultes et de\n favoriser l\u2019int\u00e9gration en d\u00e9finissant les r\u00e8gles de fonctionnement \nainsi que les obligations de chacun des membres de la communaut\u00e9 \n\u00e9ducative (\u00e9l\u00e8ves comme adultes).<\/p>\n\n\n\n<p>Il rev\u00eat, \u00e0 ce titre, une double dimension&nbsp;:<\/p>\n\n\n\n<ul class=\"wp-block-list\"><li><strong>Juridique<\/strong>, car il est l\u2019\u00e9manation des r\u00e8gles juridiques dans lesquelles il s\u2019int\u00e8gre.<br>Il repr\u00e9sente le pouvoir de r\u00e9glementation autonome des EPLE et doit donc s\u2019inscrire dans la hi\u00e9rarchie des normes.<\/li><li><strong>Educative<\/strong>, car il est le fruit de la \ncollaboration entre les diff\u00e9rents acteurs de la communaut\u00e9 \u00e9ducative, \ntant en ce qui concourt \u00e0 sa r\u00e9daction que du point de vue de sa mise en\n \u0153uvre.<br>De ce point de vue, il place les \u00e9l\u00e8ves dans une situation \nd\u2019apprentissage de la vie en soci\u00e9t\u00e9 r\u00e9gie par des r\u00e8gles et des \nvaleurs, des devoirs et des droits.<\/li><\/ul>\n\n\n\n<p>Par ses fonctions, le conseiller principal d&rsquo;\u00e9ducation occupe une \nplace particuli\u00e8re face \u00e0 la punition et \u00e0 la sanction, mais aussi dans \nl&rsquo;explicitation des r\u00e8gles aupr\u00e8s des \u00e9l\u00e8ves.<\/p>\n\n\n\n<p>Le r\u00e8glement int\u00e9rieur comporte un chapitre consacr\u00e9 \u00e0 la discipline\n des \u00e9l\u00e8ves. Les sanctions qui peuvent \u00eatre prononc\u00e9es \u00e0 leur encontre \nvont de l\u2019avertissement et du bl\u00e2me \u00e0 l\u2019exclusion temporaire ou \nd\u00e9finitive de l\u2019\u00e9tablissement ou de l\u2019un de ses services annexes. Des \nmesures de pr\u00e9vention, d\u2019accompagnement et de r\u00e9paration peuvent \u00eatre \npr\u00e9vues par le r\u00e8glement int\u00e9rieur.<\/p>\n\n\n\n<h2 class=\"wp-block-heading\">Textes de r\u00e9f\u00e9rence<\/h2>\n\n\n\n<p><a href=\"http:\/\/www.education.gouv.fr\/pid25535\/bulletin_officiel.html?cid_bo=57068\" target=\"_blank\" rel=\"noreferrer noopener\">Circulaire n\u00b0 2011-112<\/a> relative au r\u00e8glement int\u00e9rieur dans les EPLE.<\/p>\n\n\n\n<p><a href=\"http:\/\/www.education.gouv.fr\/pid25535\/bulletin_officiel.html?cid_bo=57071\" target=\"_blank\" rel=\"noreferrer noopener\">Circulaire n\u00b0 2011-111<\/a>&nbsp;relatives aux proc\u00e9dures disciplinaires, mesures de pr\u00e9ventions et alternatives aux sanctions&nbsp;dans les EPLE.<\/p>\n\n\n\n<p><a href=\"http:\/\/www.education.gouv.fr\/bo\/2005\/18\/MENX0400282L.htm\" target=\"_blank\" rel=\"noreferrer noopener\">Loi d\u2019orientation n\u00b02005-380 du 23 avril 2005<\/a>, d\u2019orientation et de programme pour l\u2019avenir de l\u2019\u00e9cole.<\/p>\n\n\n\n<p><a href=\"https:\/\/www.ac-paris.fr\/portail\/jcms\/p1_224811\/circulaire-n72-222-du-31-mai-1972\">Circulaire n\u00b072-222 du 31 mai 1972<\/a>&nbsp;relative \u00e0 la circulaire de mission des CPE.<\/p>\n\n\n\n<p><a href=\"https:\/\/www.ac-paris.fr\/portail\/jcms\/p1_224987\/decret-n96-247-du-25-octobre-1996\">D\u00e9cret n\u00b096-247 du 25 octobre 1996<\/a>&nbsp;relative \u00e0 la pr\u00e9vention de l&rsquo;absent\u00e9isme.<\/p>\n\n\n\n<h2 class=\"wp-block-heading\">Document de travail sur le RI<\/h2>\n\n\n\n<p><a href=\"https:\/\/documentcloud.adobe.com\/link\/track?uri=urn%3Aaaid%3Ascds%3AUS%3A7a87508b-877a-49cb-b4b9-f17cb686b6b7\">Un document d&rsquo;aide \u00e0 la r\u00e9daction du r\u00e8glement int\u00e9rieur<\/a><\/p>\n","protected":false},"excerpt":{"rendered":"<p>La r\u00e9forme des proc\u00e9dures disciplinaires dans les \u00e9tablissements scolaires du second degr\u00e9 introduite par les d\u00e9crets n\u00b0 2011-728 et n\u00b0 2011-729 du 24 juin 2011 modifiant le code de l&rsquo;\u00c9ducation vise \u00e0 mieux faire respecter les r\u00e8gles du \u00ab vivre ensemble \u00bb et \u00e0 redonner du sens aux sanctions. Dans ce contexte, une actualisation des &hellip; <\/p>\n<p><a class=\"more-link btn\" href=\"https:\/\/ent2d.ac-bordeaux.fr\/disciplines\/vie-scolaire\/le-reglement-interieur\/\">Lire la suite<\/a><\/p>\n","protected":false},"author":583,"featured_media":0,"parent":0,"menu_order":0,"comment_status":"closed","ping_status":"closed","template":"","meta":{"footnotes":""},"class_list":["post-404","page","type-page","status-publish","hentry","nodate","item-wrap"],"_links":{"self":[{"href":"https:\/\/ent2d.ac-bordeaux.fr\/disciplines\/vie-scolaire\/wp-json\/wp\/v2\/pages\/404","targetHints":{"allow":["GET"]}}],"collection":[{"href":"https:\/\/ent2d.ac-bordeaux.fr\/disciplines\/vie-scolaire\/wp-json\/wp\/v2\/pages"}],"about":[{"href":"https:\/\/ent2d.ac-bordeaux.fr\/disciplines\/vie-scolaire\/wp-json\/wp\/v2\/types\/page"}],"author":[{"embeddable":true,"href":"https:\/\/ent2d.ac-bordeaux.fr\/disciplines\/vie-scolaire\/wp-json\/wp\/v2\/users\/583"}],"replies":[{"embeddable":true,"href":"https:\/\/ent2d.ac-bordeaux.fr\/disciplines\/vie-scolaire\/wp-json\/wp\/v2\/comments?post=404"}],"version-history":[{"count":2,"href":"https:\/\/ent2d.ac-bordeaux.fr\/disciplines\/vie-scolaire\/wp-json\/wp\/v2\/pages\/404\/revisions"}],"predecessor-version":[{"id":451,"href":"https:\/\/ent2d.ac-bordeaux.fr\/disciplines\/vie-scolaire\/wp-json\/wp\/v2\/pages\/404\/revisions\/451"}],"wp:attachment":[{"href":"https:\/\/ent2d.ac-bordeaux.fr\/disciplines\/vie-scolaire\/wp-json\/wp\/v2\/media?parent=404"}],"curies":[{"name":"wp","href":"https:\/\/api.w.org\/{rel}","templated":true}]}}