{"id":40,"date":"2019-02-05T17:24:33","date_gmt":"2019-02-05T16:24:33","guid":{"rendered":"https:\/\/ent2d.ac-bordeaux.fr\/disciplines\/vie-scolaire\/?page_id=40"},"modified":"2022-02-16T16:08:15","modified_gmt":"2022-02-16T15:08:15","slug":"annuaire-academique","status":"publish","type":"page","link":"https:\/\/ent2d.ac-bordeaux.fr\/disciplines\/vie-scolaire\/votre-academie\/annuaire-academique\/","title":{"rendered":"Annuaire acad\u00e9mique"},"content":{"rendered":"\n<h2 class=\"wp-block-heading\"><a href=\"http:\/\/web.ac-bordeaux.fr\/annuaire\/recherche\/organigramme\/index\/id\/1\">Pr\u00e9sentation de l&rsquo;organigramme acad\u00e9mique<\/a><br><\/h2>\n\n\n\n<h2 class=\"wp-block-heading\">IEVS-Inspection Etablissements et Vie Scolaire<\/h2>\n\n\n\n<p> Le champ d&rsquo;intervention de la sp\u00e9cialit\u00e9 IEVS est indissociable de la  vie des \u00e9tablissements, saisis dans la globalit\u00e9 de leur fonctionnement,  de leur organisation et de leur projet. L&rsquo;\u00e9quipe EVS suit, accompagne  et impulse les orientations de la politique nationale et du projet  acad\u00e9mique, tout particuli\u00e8rement dans le domaine de la vie scolaire et  de la documentation. Le proviseur vie scolaire assure la r\u00e9alisation du plan de formation initiale des personnels de direction. <\/p>\n\n\n\n<p>Localisation : Tour de s\u00e8ze-3\u00e8me \u00e9tage<\/p>\n\n\n\n<ul class=\"wp-block-list\"><li>IA IPR ; CHARRAZAC Dominique-<a href=\"mailto:Dominique.Charrazac@ac-bordeaux.fr\">Dominique.Charrazac@ac-bordeaux.fr<\/a><\/li><li>IA IPR : BLEUZE Fr\u00e9d\u00e9ric-<a href=\"frederic.bleuze@ac-bordeaux.fr\" data-type=\"URL\" data-id=\"frederic.bleuze@ac-bordeaux.fr\">frederic.bleuze@ac-bordeaux.fr<\/a><\/li><li>IA IPR : CLEMENT Jerome-<a href=\"jerome.clement@ac-bordeaux.fr\" data-type=\"URL\" data-id=\"jerome.clement@ac-bordeaux.fr\">jerome.clement@ac-bordeaux.fr<\/a><\/li><li>IA IPR : HENAULT Jean-jacques-<a href=\"Jean-Jacques.Henault@ac-bordeaux.fr\" data-type=\"URL\" data-id=\"Jean-Jacques.Henault@ac-bordeaux.fr\"><\/a><a rel=\"noreferrer noopener\" href=\"mailto:Jean-Jacques.Henault@ac-bordeaux.fr\" target=\"_blank\">Jean-Jacques.Henault@ac-bordeaux.fr<\/a><\/li><li>CTEVS : LEMONNIER Anne-frederique-<a href=\"mailto:anne.frede.lemonnier@ac-bordeaux.fr\">anne.frede.lemonnier@ac-bordeaux.fr<\/a><\/li><li>Charg\u00e9e de mission CPE : CHEKROUN Sophie-<a href=\"mailto:chargcpe@ac-bordeaux.fr\">chargcpe@ac-bordeaux.fr<\/a><\/li><\/ul>\n\n\n\n<p><\/p>\n","protected":false},"excerpt":{"rendered":"<p>Pr\u00e9sentation de l&rsquo;organigramme acad\u00e9mique IEVS-Inspection Etablissements et Vie Scolaire Le champ d&rsquo;intervention de la sp\u00e9cialit\u00e9 IEVS est indissociable de la vie des \u00e9tablissements, saisis dans la globalit\u00e9 de leur fonctionnement, de leur organisation et de leur projet. L&rsquo;\u00e9quipe EVS suit, accompagne et impulse les orientations de la politique nationale et du projet acad\u00e9mique, tout particuli\u00e8rement &hellip; <\/p>\n<p><a class=\"more-link btn\" href=\"https:\/\/ent2d.ac-bordeaux.fr\/disciplines\/vie-scolaire\/votre-academie\/annuaire-academique\/\">Lire la suite<\/a><\/p>\n","protected":false},"author":583,"featured_media":0,"parent":43,"menu_order":0,"comment_status":"closed","ping_status":"closed","template":"","meta":{"footnotes":""},"class_list":["post-40","page","type-page","status-publish","hentry","nodate","item-wrap"],"_links":{"self":[{"href":"https:\/\/ent2d.ac-bordeaux.fr\/disciplines\/vie-scolaire\/wp-json\/wp\/v2\/pages\/40","targetHints":{"allow":["GET"]}}],"collection":[{"href":"https:\/\/ent2d.ac-bordeaux.fr\/disciplines\/vie-scolaire\/wp-json\/wp\/v2\/pages"}],"about":[{"href":"https:\/\/ent2d.ac-bordeaux.fr\/disciplines\/vie-scolaire\/wp-json\/wp\/v2\/types\/page"}],"author":[{"embeddable":true,"href":"https:\/\/ent2d.ac-bordeaux.fr\/disciplines\/vie-scolaire\/wp-json\/wp\/v2\/users\/583"}],"replies":[{"embeddable":true,"href":"https:\/\/ent2d.ac-bordeaux.fr\/disciplines\/vie-scolaire\/wp-json\/wp\/v2\/comments?post=40"}],"version-history":[{"count":8,"href":"https:\/\/ent2d.ac-bordeaux.fr\/disciplines\/vie-scolaire\/wp-json\/wp\/v2\/pages\/40\/revisions"}],"predecessor-version":[{"id":748,"href":"https:\/\/ent2d.ac-bordeaux.fr\/disciplines\/vie-scolaire\/wp-json\/wp\/v2\/pages\/40\/revisions\/748"}],"up":[{"embeddable":true,"href":"https:\/\/ent2d.ac-bordeaux.fr\/disciplines\/vie-scolaire\/wp-json\/wp\/v2\/pages\/43"}],"wp:attachment":[{"href":"https:\/\/ent2d.ac-bordeaux.fr\/disciplines\/vie-scolaire\/wp-json\/wp\/v2\/media?parent=40"}],"curies":[{"name":"wp","href":"https:\/\/api.w.org\/{rel}","templated":true}]}}