{"id":399,"date":"2020-03-30T11:30:50","date_gmt":"2020-03-30T09:30:50","guid":{"rendered":"https:\/\/ent2d.ac-bordeaux.fr\/disciplines\/vie-scolaire\/?page_id=399"},"modified":"2020-03-30T11:31:45","modified_gmt":"2020-03-30T09:31:45","slug":"procedures-dentrees-et-de-sorties-des-eleves","status":"publish","type":"page","link":"https:\/\/ent2d.ac-bordeaux.fr\/disciplines\/vie-scolaire\/procedures-dentrees-et-de-sorties-des-eleves\/","title":{"rendered":"Proc\u00e9dures d&rsquo;entr\u00e9es et de sorties des \u00e9l\u00e8ves"},"content":{"rendered":"\n<p>\n\tL&rsquo;\u00e9tablissement scolaire a l&rsquo;obligation de surveiller les \u00e9l\u00e8ves qui \nlui sont confi\u00e9s pendant la totalit\u00e9 du temps scolaire, d\u00e9termin\u00e9 par \nl&#8217;emploi du temps de l&rsquo;\u00e9l\u00e8ve. Cette obligation de surveillance peut \n\u00e9galement concerner certains d\u00e9placements pendant la journ\u00e9e. Le temps \nscolaire couvre la demi-journ\u00e9e, du matin et de l&rsquo;apr\u00e8s-midi, pour \nl&rsquo;\u00e9l\u00e8ve externe, et la journ\u00e9e pour l\u2019\u00e9l\u00e8ve demi-pensionnaire<\/p>\n\n\n\n<ul class=\"wp-block-list\"><li>\n\t\t<a href=\"http:\/\/vosdroits.service-public.fr\/particuliers\/F21766.xhtml\">http:\/\/vosdroits.service-public.fr\/particuliers\/F21766.xhtml<\/a><\/li><li>\n\t\t<a href=\"\/circulaire.legifrance.gouv.fr\/pdf\/2009\/04\/cir_1397.pdf\">http:\/\/circulaire.legifrance.gouv.fr\/pdf\/2009\/04\/cir_1397.pdf<\/a><\/li><\/ul>\n\n\n\n<p>\n\tTextes de r\u00e9f\u00e9rence<\/p>\n\n\n\n<p>\n\tLoi du <strong>22 juillet 1983<\/strong> devenu <strong>Art. L 521-3<\/strong> du Code de l\u2019\u00e9ducation<\/p>\n\n\n\n<p>\n\tD\u00e9cret n\u00b0<strong>85-924<\/strong> du <strong>30 ao\u00fbt 1985<\/strong> \u2013 Article 16-1<\/p>\n\n\n\n<p>\n\tCirculaire du <strong>13 novembre 1985<\/strong><\/p>\n\n\n\n<p>\n\tL\u2019article L 521-3 du Code de l\u2019\u00e9ducation pr\u00e9cise que&nbsp;:<\/p>\n\n\n\n<p>\n\t\u00ab&nbsp;<strong>Le maire peut<\/strong>, apr\u00e8s avis de l\u2019autorit\u00e9 scolaire responsable, <strong>modifier les heures d\u2019entr\u00e9e et de sortie des \u00e9tablissements d\u2019enseignement en raison des circonstances locales<\/strong>.&nbsp;\u00bb<\/p>\n\n\n\n<p>\n\tLe d\u00e9cret n\u00b085-428 du 30 ao\u00fbt 1985 \u2013 Article 16-1 indique \u00e0 l\u2019alin\u00e9a c) que&nbsp;:<\/p>\n\n\n\n<p>\n\t\u00ab&nbsp;<strong>Le conseil d\u2019administration exerce<\/strong>, sur saisine du chef d\u2019\u00e9tablissement, <strong>les attributions suivantes<\/strong>&nbsp;:<\/p>\n\n\n\n<p>\n\tc) <strong>la modification<\/strong>, par le maire, <strong>des heures d\u2019entr\u00e9e et de sortie de l\u2019\u00e9tablissement<\/strong>\n pr\u00e9vue \u00e0 l\u2019article L.521-3 du Code de l\u2019\u00e9ducation. Il peut \u00eatre \nconsult\u00e9 par le chef d\u2019\u00e9tablissement sur les questions ayant trait au \nfonctionnement administratif g\u00e9n\u00e9ral de l\u2019\u00e9tablissement. Le conseil \nd\u2019administration peut, \u00e0 son initiative, adopter tous v\u0153ux sur les \nquestions int\u00e9ressant la vie de l\u2019\u00e9tablissement.&nbsp;\u00bb<\/p>\n\n\n\n<p>\n\tLa circulaire du 13 Novembre 1985 pr\u00e9cise <strong>la port\u00e9e et la proc\u00e9dure<\/strong> quant \u00e0 <strong>la possibilit\u00e9 pour le maire de modifier les heures d\u2019entr\u00e9e et de sortie des \u00e9tablissements<\/strong>.<\/p>\n\n\n\n<p>\n\tProc\u00e9dure pour les EPLE<\/p>\n\n\n\n<p>\n\tLes <strong>phases<\/strong> relatives <strong>aux modifications des heures d\u2019entr\u00e9e et de sortie des \u00e9tablissements<\/strong> sont les suivantes&nbsp;:<\/p>\n\n\n\n<ul class=\"wp-block-list\"><li>\n\t\t<strong>Le maire<\/strong> sollicite <strong>l\u2019avis de l\u2019autorit\u00e9 scolaire responsable <\/strong>(le chef d\u2019\u00e9tablissement).<\/li><\/ul>\n\n\n\n<ul class=\"wp-block-list\"><li>\n\t\t<strong>Le maire<\/strong> <strong>s\u2019informe de la compatibilit\u00e9 \u00e0 modifier les horaires<\/strong>,\n en effet un certain nombre d\u2019imp\u00e9ratifs, notamment en mati\u00e8re de \ntransports scolaires, de restauration, d\u2019harmonisation des horaires \nentre \u00e9coles proches doivent \u00eatre prises en compte.<\/li><li>\n\t\t<strong>Le maire <\/strong>recueille<strong> l\u2019avis de l\u2019autorit\u00e9 responsable en mati\u00e8re de transports<\/strong>, avant toute d\u00e9cision.<\/li><\/ul>\n\n\n\n<p>\n\t<strong>Le conseil d\u2019administration<\/strong>, par une d\u00e9lib\u00e9ration, <strong>arr\u00eate l\u2019avis de l\u2019\u00e9tablissement <\/strong>sur les modifications envisag\u00e9es par l\u2019autorit\u00e9 communale.<\/p>\n","protected":false},"excerpt":{"rendered":"<p>L&rsquo;\u00e9tablissement scolaire a l&rsquo;obligation de surveiller les \u00e9l\u00e8ves qui lui sont confi\u00e9s pendant la totalit\u00e9 du temps scolaire, d\u00e9termin\u00e9 par l&#8217;emploi du temps de l&rsquo;\u00e9l\u00e8ve. Cette obligation de surveillance peut \u00e9galement concerner certains d\u00e9placements pendant la journ\u00e9e. Le temps scolaire couvre la demi-journ\u00e9e, du matin et de l&rsquo;apr\u00e8s-midi, pour l&rsquo;\u00e9l\u00e8ve externe, et la journ\u00e9e pour &hellip; <\/p>\n<p><a class=\"more-link btn\" href=\"https:\/\/ent2d.ac-bordeaux.fr\/disciplines\/vie-scolaire\/procedures-dentrees-et-de-sorties-des-eleves\/\">Lire la suite<\/a><\/p>\n","protected":false},"author":583,"featured_media":0,"parent":0,"menu_order":0,"comment_status":"closed","ping_status":"closed","template":"","meta":{"footnotes":""},"class_list":["post-399","page","type-page","status-publish","hentry","nodate","item-wrap"],"_links":{"self":[{"href":"https:\/\/ent2d.ac-bordeaux.fr\/disciplines\/vie-scolaire\/wp-json\/wp\/v2\/pages\/399","targetHints":{"allow":["GET"]}}],"collection":[{"href":"https:\/\/ent2d.ac-bordeaux.fr\/disciplines\/vie-scolaire\/wp-json\/wp\/v2\/pages"}],"about":[{"href":"https:\/\/ent2d.ac-bordeaux.fr\/disciplines\/vie-scolaire\/wp-json\/wp\/v2\/types\/page"}],"author":[{"embeddable":true,"href":"https:\/\/ent2d.ac-bordeaux.fr\/disciplines\/vie-scolaire\/wp-json\/wp\/v2\/users\/583"}],"replies":[{"embeddable":true,"href":"https:\/\/ent2d.ac-bordeaux.fr\/disciplines\/vie-scolaire\/wp-json\/wp\/v2\/comments?post=399"}],"version-history":[{"count":2,"href":"https:\/\/ent2d.ac-bordeaux.fr\/disciplines\/vie-scolaire\/wp-json\/wp\/v2\/pages\/399\/revisions"}],"predecessor-version":[{"id":401,"href":"https:\/\/ent2d.ac-bordeaux.fr\/disciplines\/vie-scolaire\/wp-json\/wp\/v2\/pages\/399\/revisions\/401"}],"wp:attachment":[{"href":"https:\/\/ent2d.ac-bordeaux.fr\/disciplines\/vie-scolaire\/wp-json\/wp\/v2\/media?parent=399"}],"curies":[{"name":"wp","href":"https:\/\/api.w.org\/{rel}","templated":true}]}}