{"id":379,"date":"2020-03-27T17:42:16","date_gmt":"2020-03-27T16:42:16","guid":{"rendered":"https:\/\/ent2d.ac-bordeaux.fr\/disciplines\/vie-scolaire\/?page_id=379"},"modified":"2020-03-27T17:50:14","modified_gmt":"2020-03-27T16:50:14","slug":"la-relation-aux-familles","status":"publish","type":"page","link":"https:\/\/ent2d.ac-bordeaux.fr\/disciplines\/vie-scolaire\/climat-scolaire\/la-relation-aux-familles\/","title":{"rendered":"La relation aux familles"},"content":{"rendered":"\n<p class=\"has-background has-vivid-green-cyan-background-color\"> <strong>Assurer des relations de confiance avec les familles ou les repr\u00e9sentants l\u00e9gaux des \u00e9l\u00e8ves<\/strong><\/p>\n\n\n\n<p>\n\tLes CPE entretiennent un dialogue constructif avec les familles des \n\u00e9l\u00e8ves ou leurs repr\u00e9sentants l\u00e9gaux et participent \u00e0 l&rsquo;instauration, \ndans la dur\u00e9e, de la relation entre les int\u00e9ress\u00e9s et l&rsquo;\u00e9tablissement \nscolaire. Ces actions sont men\u00e9es en lien avec les \u00e9quipes p\u00e9dagogiques \net notamment les professeurs principaux.<\/p>\n\n\n\n<figure class=\"wp-block-image is-resized\"><img loading=\"lazy\" decoding=\"async\" src=\"https:\/\/ent2d.ac-bordeaux.fr\/disciplines\/vie-scolaire\/wp-content\/uploads\/sites\/28\/2020\/03\/CS.jpg\" alt=\"\" class=\"wp-image-380\" width=\"477\" height=\"213\" srcset=\"https:\/\/ent2d.ac-bordeaux.fr\/disciplines\/vie-scolaire\/wp-content\/uploads\/sites\/28\/2020\/03\/CS.jpg 336w, https:\/\/ent2d.ac-bordeaux.fr\/disciplines\/vie-scolaire\/wp-content\/uploads\/sites\/28\/2020\/03\/CS-300x134.jpg 300w\" sizes=\"auto, (max-width: 477px) 100vw, 477px\" \/><\/figure>\n\n\n\n<figure class=\"wp-block-image\"><img loading=\"lazy\" decoding=\"async\" width=\"960\" height=\"720\" src=\"https:\/\/ent2d.ac-bordeaux.fr\/disciplines\/vie-scolaire\/wp-content\/uploads\/sites\/28\/2020\/03\/Relationenfant-\u00e9cole-famille.jpg\" alt=\"\" class=\"wp-image-384\" srcset=\"https:\/\/ent2d.ac-bordeaux.fr\/disciplines\/vie-scolaire\/wp-content\/uploads\/sites\/28\/2020\/03\/Relationenfant-\u00e9cole-famille.jpg 960w, https:\/\/ent2d.ac-bordeaux.fr\/disciplines\/vie-scolaire\/wp-content\/uploads\/sites\/28\/2020\/03\/Relationenfant-\u00e9cole-famille-300x225.jpg 300w, https:\/\/ent2d.ac-bordeaux.fr\/disciplines\/vie-scolaire\/wp-content\/uploads\/sites\/28\/2020\/03\/Relationenfant-\u00e9cole-famille-768x576.jpg 768w\" sizes=\"auto, (max-width: 960px) 100vw, 960px\" \/><figcaption>\u00ab La pr\u00e9sence de l\u2019enfant fonde cette relation entre l\u2019\u00e9cole et la famille \u00bb (DM) ENFANT-JEUNE. CONFIANCE. r\u00e9ciproque. ECOLE. FAMILLE. Milieu \u00e9ducatif 2. Une culture. Une Organisation. Une Institution. Milieu \u00e9ducatif 1. Un niveau socio-\u00e9co. Une culture. Des valeurs. Point d\u2019appui. pour mettre l\u2019enfant au Monde.<\/figcaption><\/figure>\n\n\n\n<figure class=\"wp-block-image\"><img loading=\"lazy\" decoding=\"async\" width=\"804\" height=\"1024\" src=\"https:\/\/ent2d.ac-bordeaux.fr\/disciplines\/vie-scolaire\/wp-content\/uploads\/sites\/28\/2020\/03\/relation-famille.jpeg\" alt=\"\" class=\"wp-image-382\" srcset=\"https:\/\/ent2d.ac-bordeaux.fr\/disciplines\/vie-scolaire\/wp-content\/uploads\/sites\/28\/2020\/03\/relation-famille.jpeg 804w, https:\/\/ent2d.ac-bordeaux.fr\/disciplines\/vie-scolaire\/wp-content\/uploads\/sites\/28\/2020\/03\/relation-famille-236x300.jpeg 236w, https:\/\/ent2d.ac-bordeaux.fr\/disciplines\/vie-scolaire\/wp-content\/uploads\/sites\/28\/2020\/03\/relation-famille-768x978.jpeg 768w\" sizes=\"auto, (max-width: 804px) 100vw, 804px\" \/><\/figure>\n\n\n\n<ul class=\"wp-block-list\"><li><a href=\"http:\/\/www.education.gouv.fr\/cid83948\/le-parcours-avenir.html\">Parcours Avenir<\/a> <\/li><li><a href=\"http:\/\/centre-alain-savary.ens-lyon.fr\/CAS\/relations-ecole-familles\/dispositifs\/ab-le-dernier-mot-laisse-aux-parentsbb-orientation-fin-de-3e\">Le dernier mot aux familles<\/a><\/li><\/ul>\n","protected":false},"excerpt":{"rendered":"<p>Assurer des relations de confiance avec les familles ou les repr\u00e9sentants l\u00e9gaux des \u00e9l\u00e8ves Les CPE entretiennent un dialogue constructif avec les familles des \u00e9l\u00e8ves ou leurs repr\u00e9sentants l\u00e9gaux et participent \u00e0 l&rsquo;instauration, dans la dur\u00e9e, de la relation entre les int\u00e9ress\u00e9s et l&rsquo;\u00e9tablissement scolaire. Ces actions sont men\u00e9es en lien avec les \u00e9quipes p\u00e9dagogiques &hellip; <\/p>\n<p><a class=\"more-link btn\" href=\"https:\/\/ent2d.ac-bordeaux.fr\/disciplines\/vie-scolaire\/climat-scolaire\/la-relation-aux-familles\/\">Lire la suite<\/a><\/p>\n","protected":false},"author":583,"featured_media":0,"parent":128,"menu_order":0,"comment_status":"closed","ping_status":"closed","template":"","meta":{"footnotes":""},"class_list":["post-379","page","type-page","status-publish","hentry","nodate","item-wrap"],"_links":{"self":[{"href":"https:\/\/ent2d.ac-bordeaux.fr\/disciplines\/vie-scolaire\/wp-json\/wp\/v2\/pages\/379","targetHints":{"allow":["GET"]}}],"collection":[{"href":"https:\/\/ent2d.ac-bordeaux.fr\/disciplines\/vie-scolaire\/wp-json\/wp\/v2\/pages"}],"about":[{"href":"https:\/\/ent2d.ac-bordeaux.fr\/disciplines\/vie-scolaire\/wp-json\/wp\/v2\/types\/page"}],"author":[{"embeddable":true,"href":"https:\/\/ent2d.ac-bordeaux.fr\/disciplines\/vie-scolaire\/wp-json\/wp\/v2\/users\/583"}],"replies":[{"embeddable":true,"href":"https:\/\/ent2d.ac-bordeaux.fr\/disciplines\/vie-scolaire\/wp-json\/wp\/v2\/comments?post=379"}],"version-history":[{"count":4,"href":"https:\/\/ent2d.ac-bordeaux.fr\/disciplines\/vie-scolaire\/wp-json\/wp\/v2\/pages\/379\/revisions"}],"predecessor-version":[{"id":388,"href":"https:\/\/ent2d.ac-bordeaux.fr\/disciplines\/vie-scolaire\/wp-json\/wp\/v2\/pages\/379\/revisions\/388"}],"up":[{"embeddable":true,"href":"https:\/\/ent2d.ac-bordeaux.fr\/disciplines\/vie-scolaire\/wp-json\/wp\/v2\/pages\/128"}],"wp:attachment":[{"href":"https:\/\/ent2d.ac-bordeaux.fr\/disciplines\/vie-scolaire\/wp-json\/wp\/v2\/media?parent=379"}],"curies":[{"name":"wp","href":"https:\/\/api.w.org\/{rel}","templated":true}]}}