{"id":355,"date":"2020-03-27T16:50:27","date_gmt":"2020-03-27T15:50:27","guid":{"rendered":"https:\/\/ent2d.ac-bordeaux.fr\/disciplines\/vie-scolaire\/?page_id=355"},"modified":"2020-03-27T16:50:27","modified_gmt":"2020-03-27T15:50:27","slug":"reseau-foquale","status":"publish","type":"page","link":"https:\/\/ent2d.ac-bordeaux.fr\/disciplines\/vie-scolaire\/reseau-foquale\/","title":{"rendered":"R\u00e9seau Foquale"},"content":{"rendered":"\n<p>\n\tLes r\u00e9seaux FOQUALE, inscrits dans la continuit\u00e9 des r\u00e9seaux \u00ab\u00a0nouvelle chance\u00a0\u00bb pr\u00e9vus par<a href=\"http:\/\/www.education.gouv.fr\/pid25535\/bulletin_officiel.html?cid_bo=59526\">la circulaire n\u00b02012-039 du 8 mars 2012 <\/a>, se substituent \u00e0 eux.<\/p>\n\n\n\n<h2 class=\"wp-block-heading\" id=\"titre_contenu\">\n\tDroit au retour en formation initiale pour les 16-25 ans<\/h2>\n\n\n\n<figure class=\"wp-block-image is-resized\"><img loading=\"lazy\" decoding=\"async\" src=\"https:\/\/ent2d.ac-bordeaux.fr\/disciplines\/vie-scolaire\/wp-content\/uploads\/sites\/28\/2020\/03\/schema_lutte_contre_le_decrochage_291956.jpg\" alt=\"\" class=\"wp-image-356\" width=\"676\" height=\"378\" srcset=\"https:\/\/ent2d.ac-bordeaux.fr\/disciplines\/vie-scolaire\/wp-content\/uploads\/sites\/28\/2020\/03\/schema_lutte_contre_le_decrochage_291956.jpg 680w, https:\/\/ent2d.ac-bordeaux.fr\/disciplines\/vie-scolaire\/wp-content\/uploads\/sites\/28\/2020\/03\/schema_lutte_contre_le_decrochage_291956-300x168.jpg 300w\" sizes=\"auto, (max-width: 676px) 100vw, 676px\" \/><figcaption><a href=\"https:\/\/www.education.gouv.fr\/bo\/17\/Hebdo15\/MENE1710739C.htm\">https:\/\/www.education.gouv.fr\/bo\/17\/Hebdo15\/MENE1710739C.htm<\/a><\/figcaption><\/figure>\n\n\n\n<ul class=\"wp-block-list\"><li>\n\t\t\n\t\t\tDroit au retour en formation initiale pour les 16-25 ans :\n\t<\/li><\/ul>\n\n\n\n<p>\n\t\tDeux d\u00e9crets d&rsquo;application de la Loi n\u00b0 2013-595 du 8 juillet 2013 \nd&rsquo;orientation et de programmation pour la refondation de l&rsquo;\u00e9cole de la \nR\u00e9publique ont \u00e9t\u00e9 publi\u00e9s le 7 d\u00e9cembre au Journal officiel.<\/p>\n\n\n\n<p>\n\t\tCes d\u00e9crets pr\u00e9cisent les conditions du droit au retour en formation \npour tous les jeunes de 16 \u00e0 25 ans qui sont sortis du syst\u00e8me scolaire \nsans dipl\u00f4me ou sans qualification professionnelle.<\/p>\n","protected":false},"excerpt":{"rendered":"<p>Les r\u00e9seaux FOQUALE, inscrits dans la continuit\u00e9 des r\u00e9seaux \u00ab\u00a0nouvelle chance\u00a0\u00bb pr\u00e9vus parla circulaire n\u00b02012-039 du 8 mars 2012 , se substituent \u00e0 eux. Droit au retour en formation initiale pour les 16-25 ans Droit au retour en formation initiale pour les 16-25 ans : Deux d\u00e9crets d&rsquo;application de la Loi n\u00b0 2013-595 du 8 &hellip; <\/p>\n<p><a class=\"more-link btn\" href=\"https:\/\/ent2d.ac-bordeaux.fr\/disciplines\/vie-scolaire\/reseau-foquale\/\">Lire la suite<\/a><\/p>\n","protected":false},"author":583,"featured_media":0,"parent":0,"menu_order":0,"comment_status":"closed","ping_status":"closed","template":"","meta":{"footnotes":""},"class_list":["post-355","page","type-page","status-publish","hentry","nodate","item-wrap"],"_links":{"self":[{"href":"https:\/\/ent2d.ac-bordeaux.fr\/disciplines\/vie-scolaire\/wp-json\/wp\/v2\/pages\/355","targetHints":{"allow":["GET"]}}],"collection":[{"href":"https:\/\/ent2d.ac-bordeaux.fr\/disciplines\/vie-scolaire\/wp-json\/wp\/v2\/pages"}],"about":[{"href":"https:\/\/ent2d.ac-bordeaux.fr\/disciplines\/vie-scolaire\/wp-json\/wp\/v2\/types\/page"}],"author":[{"embeddable":true,"href":"https:\/\/ent2d.ac-bordeaux.fr\/disciplines\/vie-scolaire\/wp-json\/wp\/v2\/users\/583"}],"replies":[{"embeddable":true,"href":"https:\/\/ent2d.ac-bordeaux.fr\/disciplines\/vie-scolaire\/wp-json\/wp\/v2\/comments?post=355"}],"version-history":[{"count":1,"href":"https:\/\/ent2d.ac-bordeaux.fr\/disciplines\/vie-scolaire\/wp-json\/wp\/v2\/pages\/355\/revisions"}],"predecessor-version":[{"id":357,"href":"https:\/\/ent2d.ac-bordeaux.fr\/disciplines\/vie-scolaire\/wp-json\/wp\/v2\/pages\/355\/revisions\/357"}],"wp:attachment":[{"href":"https:\/\/ent2d.ac-bordeaux.fr\/disciplines\/vie-scolaire\/wp-json\/wp\/v2\/media?parent=355"}],"curies":[{"name":"wp","href":"https:\/\/api.w.org\/{rel}","templated":true}]}}