{"id":351,"date":"2020-03-27T16:45:01","date_gmt":"2020-03-27T15:45:01","guid":{"rendered":"https:\/\/ent2d.ac-bordeaux.fr\/disciplines\/vie-scolaire\/?page_id=351"},"modified":"2020-03-27T16:45:02","modified_gmt":"2020-03-27T15:45:02","slug":"les-heures-de-vie-de-classe","status":"publish","type":"page","link":"https:\/\/ent2d.ac-bordeaux.fr\/disciplines\/vie-scolaire\/les-heures-de-vie-de-classe\/","title":{"rendered":"Les heures de vie de classe"},"content":{"rendered":"\n<p><strong>Les heures de vie de classe<\/strong>. Au moins dix <strong>heures de vie de classe<\/strong>  sont inscrites chaque ann\u00e9e dans les emplois du temps de tous les  coll\u00e9giens. Elles ont pour principal objectif de donner la parole aux  \u00e9l\u00e8ves et d&rsquo;instaurer un dialogue avec l&rsquo;\u00e9quipe \u00e9ducative du coll\u00e8ge. <\/p>\n\n\n\n<ul class=\"wp-block-list\"><li><a href=\"https:\/\/documentcloud.adobe.com\/link\/track?uri=urn%3Aaaid%3Ascds%3AUS%3Ae0145835-3da2-4a5c-8580-61eed217b389\">Une ressource riche d&rsquo;activit\u00e9s pour animer les heures de vie de classe<\/a> <\/li><\/ul>\n\n\n\n<ul class=\"wp-block-list\"><li>Un exemple de planning pour des heures de vie de classe en coll\u00e8ge : <\/li><li> <a href=\"https:\/\/documentcloud.adobe.com\/link\/track?uri=urn%3Aaaid%3Ascds%3AUS%3A891a969b-2269-4213-8465-26a7d1656ad8\">6\u00e8me<\/a><\/li><li> <a href=\"https:\/\/documentcloud.adobe.com\/link\/track?uri=urn%3Aaaid%3Ascds%3AUS%3A683a2897-23ea-453a-97a9-ee937577cad5\">5\u00e8me<\/a><\/li><li><a href=\"https:\/\/documentcloud.adobe.com\/link\/track?uri=urn%3Aaaid%3Ascds%3AUS%3A2920594b-b137-4016-9bff-48592f65060e\"> 4\u00e8me<\/a><\/li><li> <a href=\"https:\/\/documentcloud.adobe.com\/link\/track?uri=urn%3Aaaid%3Ascds%3AUS%3A5cc82fc3-4eea-4273-8323-b1df4cb74847\">3\u00e8me<\/a><\/li><\/ul>\n\n\n\n<ul class=\"wp-block-list\"><li><a href=\"https:\/\/documentcloud.adobe.com\/link\/track?uri=urn%3Aaaid%3Ascds%3AUS%3A0f40f255-6673-4037-9cc5-0509e0bd5d04\">Une exp\u00e9rience en lyc\u00e9e<\/a><\/li><\/ul>\n","protected":false},"excerpt":{"rendered":"<p>Les heures de vie de classe. Au moins dix heures de vie de classe sont inscrites chaque ann\u00e9e dans les emplois du temps de tous les coll\u00e9giens. Elles ont pour principal objectif de donner la parole aux \u00e9l\u00e8ves et d&rsquo;instaurer un dialogue avec l&rsquo;\u00e9quipe \u00e9ducative du coll\u00e8ge. Une ressource riche d&rsquo;activit\u00e9s pour animer les heures &hellip; <\/p>\n<p><a class=\"more-link btn\" href=\"https:\/\/ent2d.ac-bordeaux.fr\/disciplines\/vie-scolaire\/les-heures-de-vie-de-classe\/\">Lire la suite<\/a><\/p>\n","protected":false},"author":583,"featured_media":0,"parent":0,"menu_order":0,"comment_status":"closed","ping_status":"closed","template":"","meta":{"footnotes":""},"class_list":["post-351","page","type-page","status-publish","hentry","nodate","item-wrap"],"_links":{"self":[{"href":"https:\/\/ent2d.ac-bordeaux.fr\/disciplines\/vie-scolaire\/wp-json\/wp\/v2\/pages\/351","targetHints":{"allow":["GET"]}}],"collection":[{"href":"https:\/\/ent2d.ac-bordeaux.fr\/disciplines\/vie-scolaire\/wp-json\/wp\/v2\/pages"}],"about":[{"href":"https:\/\/ent2d.ac-bordeaux.fr\/disciplines\/vie-scolaire\/wp-json\/wp\/v2\/types\/page"}],"author":[{"embeddable":true,"href":"https:\/\/ent2d.ac-bordeaux.fr\/disciplines\/vie-scolaire\/wp-json\/wp\/v2\/users\/583"}],"replies":[{"embeddable":true,"href":"https:\/\/ent2d.ac-bordeaux.fr\/disciplines\/vie-scolaire\/wp-json\/wp\/v2\/comments?post=351"}],"version-history":[{"count":1,"href":"https:\/\/ent2d.ac-bordeaux.fr\/disciplines\/vie-scolaire\/wp-json\/wp\/v2\/pages\/351\/revisions"}],"predecessor-version":[{"id":352,"href":"https:\/\/ent2d.ac-bordeaux.fr\/disciplines\/vie-scolaire\/wp-json\/wp\/v2\/pages\/351\/revisions\/352"}],"wp:attachment":[{"href":"https:\/\/ent2d.ac-bordeaux.fr\/disciplines\/vie-scolaire\/wp-json\/wp\/v2\/media?parent=351"}],"curies":[{"name":"wp","href":"https:\/\/api.w.org\/{rel}","templated":true}]}}