{"id":329,"date":"2020-03-27T11:55:52","date_gmt":"2020-03-27T10:55:52","guid":{"rendered":"https:\/\/ent2d.ac-bordeaux.fr\/disciplines\/vie-scolaire\/?page_id=329"},"modified":"2020-03-27T12:12:35","modified_gmt":"2020-03-27T11:12:35","slug":"lengagement-des-eleves","status":"publish","type":"page","link":"https:\/\/ent2d.ac-bordeaux.fr\/disciplines\/vie-scolaire\/lengagement-des-eleves\/","title":{"rendered":"L&rsquo;engagement des \u00e9l\u00e8ves"},"content":{"rendered":"\n<figure class=\"wp-block-image is-resized\"><img loading=\"lazy\" decoding=\"async\" src=\"https:\/\/ent2d.ac-bordeaux.fr\/disciplines\/vie-scolaire\/wp-content\/uploads\/sites\/28\/2020\/03\/engagement-eleves.jpg\" alt=\"\" class=\"wp-image-330\" width=\"458\" height=\"222\" srcset=\"https:\/\/ent2d.ac-bordeaux.fr\/disciplines\/vie-scolaire\/wp-content\/uploads\/sites\/28\/2020\/03\/engagement-eleves.jpg 322w, https:\/\/ent2d.ac-bordeaux.fr\/disciplines\/vie-scolaire\/wp-content\/uploads\/sites\/28\/2020\/03\/engagement-eleves-300x145.jpg 300w\" sizes=\"auto, (max-width: 458px) 100vw, 458px\" \/><\/figure>\n\n\n\n<p> <br>              <strong>Traditionnellement, l\u2019engagement des \u00e9l\u00e8ves dans l\u2019\u00e9tablissement se traduit par l\u2019\u00e9lection de d\u00e9l\u00e9gu\u00e9s<\/strong>  visant \u00e0 repr\u00e9senter les \u00e9l\u00e8ves, au sein du conseil de classe, du  conseil des d\u00e9l\u00e9gu\u00e9s pour la vie lyc\u00e9enne (CVL) ou du conseil  d\u2019administration (CA). Ces \u00e9lections repr\u00e9sentent pour les \u00e9l\u00e8ves une  premi\u00e8re exp\u00e9rience de la d\u00e9mocratie repr\u00e9sentative dans l\u2019espace  pr\u00e9-civique que constitue l\u2019\u00e9cole (comme \u00e9lecteurs, candidats ou \u00e9lus  repr\u00e9sentants des \u00e9l\u00e8ves).<br> <strong>Au lyc\u00e9e, un \u00e9l\u00e8ve sur quatre d\u00e9clare avoir d\u00e9j\u00e0 \u00e9t\u00e9 d\u00e9l\u00e9gu\u00e9 de classe<\/strong>  (ou suppl\u00e9ant). En revanche, les d\u00e9l\u00e9gu\u00e9s au conseil d\u2019administration  et au conseil des d\u00e9l\u00e9gu\u00e9s pour la vie lyc\u00e9enne ne repr\u00e9sentent,  respectivement, que 5&nbsp;% et 4&nbsp;% des \u00e9l\u00e8ves.<br> <strong>Cette forme de participation \u00e0 la vie de l\u2019\u00e9tablissement ne concerne, par nature, qu\u2019un nombre limit\u00e9 d\u2019\u00e9l\u00e8ves \u00e9lus.<\/strong>  Pour autant, sans \u00eatre \u00e9lus, les \u00e9l\u00e8ves peuvent faire l\u2019exp\u00e9rience de  la vie d\u00e9mocratique par le simple fait de se porter candidat \u00e0 ces  \u00e9lections internes \u00e0 l\u2019\u00e9cole. <strong>Or, la vie \u00e9lectorale scolaire est  caract\u00e9ris\u00e9e par une faible comp\u00e9tition \u00e9lectorale, qui limite le  nombre des \u00e9l\u00e8ves faisant activement l\u2019exp\u00e9rience du jeu \u00e9lectoral<\/strong>. Ainsi, 87&nbsp;% des \u00e9l\u00e8ves qui se sont port\u00e9s candidats comme d\u00e9l\u00e9gu\u00e9s sont \u00e9lus.<br> Par ailleurs, l\u2019enqu\u00eate met en \u00e9vidence que les places de d\u00e9l\u00e9gu\u00e9s ne sont pas forc\u00e9ment r\u00e9parties entre les \u00e9l\u00e8ves. Ainsi, <strong>plus d\u2019un tiers des d\u00e9l\u00e9gu\u00e9s (de classe, au CA ou au CVL) ont tenu ce r\u00f4le \u00e0 plusieurs reprises sur les trois ann\u00e9es de lyc\u00e9e.<\/strong>          <\/p>\n\n\n\n<p><em>Rapport CNESCO sur l&rsquo;engagement des \u00e9l\u00e8ves<\/em><br><br><a href=\"https:\/\/documentcloud.adobe.com\/link\/track?uri=urn%3Aaaid%3Ascds%3AUS%3A0cd80b4f-36c0-42a4-82d0-a148a85f9d43\">Lien vers le dossier de synth\u00e8se<\/a><br><\/p>\n\n\n\n<h2 class=\"wp-block-heading\">Les d\u00e9l\u00e9gu\u00e9s de classe <\/h2>\n\n\n\n<p> <br><strong>Au coll\u00e8ge et au lyc\u00e9e<\/strong>, deux d\u00e9l\u00e9gu\u00e9s des \u00e9l\u00e8ves sont \u00e9lus dans chaque classe au d\u00e9but de l&rsquo;ann\u00e9e scolaire. <\/p>\n\n\n\n<p><a href=\"https:\/\/www.education.gouv.fr\/les-representants-des-eleves-au-college-et-au-lycee-7514\">Site du minist\u00e8re sur les instances et les r\u00f4les des d\u00e9l\u00e9gu\u00e9s<br><\/a><\/p>\n\n\n\n<h2 class=\"wp-block-heading\">L&rsquo;engagement des lyc\u00e9ens sur l&rsquo;acad\u00e9mie de Bordeaux<\/h2>\n\n\n\n<figure class=\"wp-block-image\"><img loading=\"lazy\" decoding=\"async\" width=\"595\" height=\"842\" src=\"https:\/\/ent2d.ac-bordeaux.fr\/disciplines\/vie-scolaire\/wp-content\/uploads\/sites\/28\/2020\/03\/nouvelles-mesuresB-10-A4_503576.54.png\" alt=\"\" class=\"wp-image-333\" srcset=\"https:\/\/ent2d.ac-bordeaux.fr\/disciplines\/vie-scolaire\/wp-content\/uploads\/sites\/28\/2020\/03\/nouvelles-mesuresB-10-A4_503576.54.png 595w, https:\/\/ent2d.ac-bordeaux.fr\/disciplines\/vie-scolaire\/wp-content\/uploads\/sites\/28\/2020\/03\/nouvelles-mesuresB-10-A4_503576.54-212x300.png 212w\" sizes=\"auto, (max-width: 595px) 100vw, 595px\" \/><figcaption><a href=\"http:\/\/www.ac-bordeaux.fr\/cid94336\/vie-lyceenne-des-mesures-fortes-pour-encourager-l-engagement-citoyen.html\">http:\/\/www.ac-bordeaux.fr\/cid94336\/vie-lyceenne-des-mesures-fortes-pour-encourager-l-engagement-citoyen.html<\/a><\/figcaption><\/figure>\n\n\n\n<h2 class=\"wp-block-heading\">Les semaines de l&rsquo;engagement <\/h2>\n\n\n\n<p><a href=\"https:\/\/www.education.gouv.fr\/note-d-etape-sur-les-dispositifs-destines-favoriser-la-vie-lyceenne-et-la-mise-en-place-de-l-acte-ii-4082\">https:\/\/www.education.gouv.fr\/note-d-etape-sur-les-dispositifs-destines-favoriser-la-vie-lyceenne-et-la-mise-en-place-de-l-acte-ii-4082<\/a><\/p>\n\n\n\n<figure class=\"wp-block-image\"><img loading=\"lazy\" decoding=\"async\" width=\"706\" height=\"1024\" src=\"https:\/\/ent2d.ac-bordeaux.fr\/disciplines\/vie-scolaire\/wp-content\/uploads\/sites\/28\/2020\/03\/engagement.jpg\" alt=\"\" class=\"wp-image-339\" srcset=\"https:\/\/ent2d.ac-bordeaux.fr\/disciplines\/vie-scolaire\/wp-content\/uploads\/sites\/28\/2020\/03\/engagement.jpg 706w, https:\/\/ent2d.ac-bordeaux.fr\/disciplines\/vie-scolaire\/wp-content\/uploads\/sites\/28\/2020\/03\/engagement-207x300.jpg 207w, https:\/\/ent2d.ac-bordeaux.fr\/disciplines\/vie-scolaire\/wp-content\/uploads\/sites\/28\/2020\/03\/engagement-768x1114.jpg 768w\" sizes=\"auto, (max-width: 706px) 100vw, 706px\" \/><\/figure>\n","protected":false},"excerpt":{"rendered":"<p>Traditionnellement, l\u2019engagement des \u00e9l\u00e8ves dans l\u2019\u00e9tablissement se traduit par l\u2019\u00e9lection de d\u00e9l\u00e9gu\u00e9s visant \u00e0 repr\u00e9senter les \u00e9l\u00e8ves, au sein du conseil de classe, du conseil des d\u00e9l\u00e9gu\u00e9s pour la vie lyc\u00e9enne (CVL) ou du conseil d\u2019administration (CA). Ces \u00e9lections repr\u00e9sentent pour les \u00e9l\u00e8ves une premi\u00e8re exp\u00e9rience de la d\u00e9mocratie repr\u00e9sentative dans l\u2019espace pr\u00e9-civique que constitue &hellip; <\/p>\n<p><a class=\"more-link btn\" href=\"https:\/\/ent2d.ac-bordeaux.fr\/disciplines\/vie-scolaire\/lengagement-des-eleves\/\">Lire la suite<\/a><\/p>\n","protected":false},"author":583,"featured_media":0,"parent":0,"menu_order":0,"comment_status":"closed","ping_status":"closed","template":"","meta":{"footnotes":""},"class_list":["post-329","page","type-page","status-publish","hentry","nodate","item-wrap"],"_links":{"self":[{"href":"https:\/\/ent2d.ac-bordeaux.fr\/disciplines\/vie-scolaire\/wp-json\/wp\/v2\/pages\/329","targetHints":{"allow":["GET"]}}],"collection":[{"href":"https:\/\/ent2d.ac-bordeaux.fr\/disciplines\/vie-scolaire\/wp-json\/wp\/v2\/pages"}],"about":[{"href":"https:\/\/ent2d.ac-bordeaux.fr\/disciplines\/vie-scolaire\/wp-json\/wp\/v2\/types\/page"}],"author":[{"embeddable":true,"href":"https:\/\/ent2d.ac-bordeaux.fr\/disciplines\/vie-scolaire\/wp-json\/wp\/v2\/users\/583"}],"replies":[{"embeddable":true,"href":"https:\/\/ent2d.ac-bordeaux.fr\/disciplines\/vie-scolaire\/wp-json\/wp\/v2\/comments?post=329"}],"version-history":[{"count":6,"href":"https:\/\/ent2d.ac-bordeaux.fr\/disciplines\/vie-scolaire\/wp-json\/wp\/v2\/pages\/329\/revisions"}],"predecessor-version":[{"id":340,"href":"https:\/\/ent2d.ac-bordeaux.fr\/disciplines\/vie-scolaire\/wp-json\/wp\/v2\/pages\/329\/revisions\/340"}],"wp:attachment":[{"href":"https:\/\/ent2d.ac-bordeaux.fr\/disciplines\/vie-scolaire\/wp-json\/wp\/v2\/media?parent=329"}],"curies":[{"name":"wp","href":"https:\/\/api.w.org\/{rel}","templated":true}]}}