{"id":307,"date":"2020-03-27T11:03:39","date_gmt":"2020-03-27T10:03:39","guid":{"rendered":"https:\/\/ent2d.ac-bordeaux.fr\/disciplines\/vie-scolaire\/?page_id=307"},"modified":"2020-03-27T12:13:13","modified_gmt":"2020-03-27T11:13:13","slug":"valeurs-de-la-republique","status":"publish","type":"page","link":"https:\/\/ent2d.ac-bordeaux.fr\/disciplines\/vie-scolaire\/valeurs-de-la-republique\/","title":{"rendered":"Valeurs de la r\u00e9publique"},"content":{"rendered":"\n<div class=\"wp-block-image\"><figure class=\"aligncenter is-resized\"><img loading=\"lazy\" decoding=\"async\" src=\"https:\/\/ent2d.ac-bordeaux.fr\/disciplines\/vie-scolaire\/wp-content\/uploads\/sites\/28\/2020\/03\/EMC.jpg\" alt=\"\" class=\"wp-image-308\" width=\"447\" height=\"256\" \/><\/figure><\/div>\n\n\n\n<p style=\"text-align:center\"><strong>La vie scolaire et la transmission des valeurs de la R\u00e9publique<\/strong><\/p>\n\n\n\n<ul class=\"wp-block-list\"><li><a href=\"https:\/\/ent2d.ac-bordeaux.fr\/disciplines\/vie-scolaire\/le-vivre-ensemble\/\"> Le vivre ensemble<\/a><\/li><\/ul>\n\n\n\n<ul class=\"wp-block-list\"><li><a href=\"https:\/\/www.education.gouv.fr\/la-laicite-l-ecole-12482\">La charte de la la\u00efcit\u00e9 <\/a><\/li><\/ul>\n\n\n\n<p style=\"text-align:center\"><a href=\"https:\/\/documentcloud.adobe.com\/link\/track?uri=urn%3Aaaid%3Ascds%3AUS%3A0e5d371c-e432-4586-b5a7-a5c712d53ef3\">T\u00e9l\u00e9charger la charte simplifi\u00e9e de la la\u00efcit\u00e9<\/a><\/p>\n\n\n\n<ul class=\"wp-block-list\"><li><a href=\"http:\/\/www.ac-bordeaux.fr\/cid81165\/expression-lyceenne.html\"> Le droit d\u2019expression des \u00e9l\u00e8ves et les m\u00e9dias coll\u00e9giens et lyc\u00e9ens<\/a> <br><\/li><\/ul>\n\n\n\n<ul class=\"wp-block-list\"><li><a href=\"https:\/\/ent2d.ac-bordeaux.fr\/disciplines\/vie-scolaire\/valeurs-de-la-republique\/le-parcours-citoyen\/\"> Le parcours citoyen<\/a><\/li><\/ul>\n\n\n\n<ul class=\"wp-block-list\"><li><a href=\"https:\/\/ent2d.ac-bordeaux.fr\/disciplines\/vie-scolaire\/lengagement-des-eleves\/\"> L\u2019engagement des \u00e9l\u00e8ves<\/a><\/li><\/ul>\n\n\n\n<ul class=\"wp-block-list\"><li><a href=\"https:\/\/eduscol.education.fr\/cid46702\/les-valeurs-de-la-republique.html\">Les valeurs r\u00e9publicaines de l&rsquo;\u00e9cole<\/a><\/li><\/ul>\n\n\n\n<p><\/p>\n","protected":false},"excerpt":{"rendered":"<p>La vie scolaire et la transmission des valeurs de la R\u00e9publique Le vivre ensemble La charte de la la\u00efcit\u00e9 T\u00e9l\u00e9charger la charte simplifi\u00e9e de la la\u00efcit\u00e9 Le droit d\u2019expression des \u00e9l\u00e8ves et les m\u00e9dias coll\u00e9giens et lyc\u00e9ens Le parcours citoyen L\u2019engagement des \u00e9l\u00e8ves Les valeurs r\u00e9publicaines de l&rsquo;\u00e9cole<\/p>\n","protected":false},"author":583,"featured_media":0,"parent":0,"menu_order":0,"comment_status":"closed","ping_status":"closed","template":"","meta":{"footnotes":""},"class_list":["post-307","page","type-page","status-publish","hentry","nodate","item-wrap"],"_links":{"self":[{"href":"https:\/\/ent2d.ac-bordeaux.fr\/disciplines\/vie-scolaire\/wp-json\/wp\/v2\/pages\/307","targetHints":{"allow":["GET"]}}],"collection":[{"href":"https:\/\/ent2d.ac-bordeaux.fr\/disciplines\/vie-scolaire\/wp-json\/wp\/v2\/pages"}],"about":[{"href":"https:\/\/ent2d.ac-bordeaux.fr\/disciplines\/vie-scolaire\/wp-json\/wp\/v2\/types\/page"}],"author":[{"embeddable":true,"href":"https:\/\/ent2d.ac-bordeaux.fr\/disciplines\/vie-scolaire\/wp-json\/wp\/v2\/users\/583"}],"replies":[{"embeddable":true,"href":"https:\/\/ent2d.ac-bordeaux.fr\/disciplines\/vie-scolaire\/wp-json\/wp\/v2\/comments?post=307"}],"version-history":[{"count":5,"href":"https:\/\/ent2d.ac-bordeaux.fr\/disciplines\/vie-scolaire\/wp-json\/wp\/v2\/pages\/307\/revisions"}],"predecessor-version":[{"id":335,"href":"https:\/\/ent2d.ac-bordeaux.fr\/disciplines\/vie-scolaire\/wp-json\/wp\/v2\/pages\/307\/revisions\/335"}],"wp:attachment":[{"href":"https:\/\/ent2d.ac-bordeaux.fr\/disciplines\/vie-scolaire\/wp-json\/wp\/v2\/media?parent=307"}],"curies":[{"name":"wp","href":"https:\/\/api.w.org\/{rel}","templated":true}]}}