{"id":295,"date":"2020-03-26T17:39:01","date_gmt":"2020-03-26T16:39:01","guid":{"rendered":"https:\/\/ent2d.ac-bordeaux.fr\/disciplines\/vie-scolaire\/?page_id=295"},"modified":"2020-03-26T17:52:09","modified_gmt":"2020-03-26T16:52:09","slug":"groupe-de-prevention-du-decrochage-scolaire","status":"publish","type":"page","link":"https:\/\/ent2d.ac-bordeaux.fr\/disciplines\/vie-scolaire\/la-lutte-contre-le-decrochage-scolaire\/groupe-de-prevention-du-decrochage-scolaire\/","title":{"rendered":"Groupe de pr\u00e9vention du d\u00e9crochage scolaire"},"content":{"rendered":"\n<p> Mis en place par la circulaire <abbr title=\"num\u00e9ro\">n<sup>o<\/sup><\/abbr>&nbsp;2013-035 du 29 mars 2013, le <strong>groupe de pr\u00e9vention du d\u00e9crochage scolaire<\/strong>  (GPDS) est une instance obligatoire dans chaque \u00e9tablissement du second  degr\u00e9. Anciennement appel\u00e9 cellule de veille et inspir\u00e9 du Groupe  d\u2019Aide \u00e0 l\u2019Insertion (GAIN), le GPDS est un dispositif de pr\u00e9vention et  de traitement du \u00ab d\u00e9crochage scolaire \u00bb plac\u00e9 sous l\u2019autorit\u00e9 du chef d\u2019\u00e9tablissement.<\/p>\n\n\n\n<p>Une ressource de l&rsquo;acad\u00e9mie de Cr\u00e9teil : <a href=\"https:\/\/documentcloud.adobe.com\/link\/track?uri=urn%3Aaaid%3Ascds%3AUS%3Ae45bedeb-cd0f-4997-963d-a6ab6349a510\">la malette du GPDS<\/a><\/p>\n\n\n\n<p><a href=\"https:\/\/documentcloud.adobe.com\/link\/track?uri=urn%3Aaaid%3Ascds%3AUS%3A30c24928-51f6-482c-8268-dabf93fabfc9\">Diaporama de Florence Bonnin \u00ab\u00a0de la cellule de veille au GPDS\u00a0\u00bb <\/a><\/p>\n","protected":false},"excerpt":{"rendered":"<p>Mis en place par la circulaire no&nbsp;2013-035 du 29 mars 2013, le groupe de pr\u00e9vention du d\u00e9crochage scolaire (GPDS) est une instance obligatoire dans chaque \u00e9tablissement du second degr\u00e9. Anciennement appel\u00e9 cellule de veille et inspir\u00e9 du Groupe d\u2019Aide \u00e0 l\u2019Insertion (GAIN), le GPDS est un dispositif de pr\u00e9vention et de traitement du \u00ab d\u00e9crochage &hellip; <\/p>\n<p><a class=\"more-link btn\" href=\"https:\/\/ent2d.ac-bordeaux.fr\/disciplines\/vie-scolaire\/la-lutte-contre-le-decrochage-scolaire\/groupe-de-prevention-du-decrochage-scolaire\/\">Lire la suite<\/a><\/p>\n","protected":false},"author":583,"featured_media":0,"parent":250,"menu_order":0,"comment_status":"closed","ping_status":"closed","template":"","meta":{"footnotes":""},"class_list":["post-295","page","type-page","status-publish","hentry","nodate","item-wrap"],"_links":{"self":[{"href":"https:\/\/ent2d.ac-bordeaux.fr\/disciplines\/vie-scolaire\/wp-json\/wp\/v2\/pages\/295","targetHints":{"allow":["GET"]}}],"collection":[{"href":"https:\/\/ent2d.ac-bordeaux.fr\/disciplines\/vie-scolaire\/wp-json\/wp\/v2\/pages"}],"about":[{"href":"https:\/\/ent2d.ac-bordeaux.fr\/disciplines\/vie-scolaire\/wp-json\/wp\/v2\/types\/page"}],"author":[{"embeddable":true,"href":"https:\/\/ent2d.ac-bordeaux.fr\/disciplines\/vie-scolaire\/wp-json\/wp\/v2\/users\/583"}],"replies":[{"embeddable":true,"href":"https:\/\/ent2d.ac-bordeaux.fr\/disciplines\/vie-scolaire\/wp-json\/wp\/v2\/comments?post=295"}],"version-history":[{"count":2,"href":"https:\/\/ent2d.ac-bordeaux.fr\/disciplines\/vie-scolaire\/wp-json\/wp\/v2\/pages\/295\/revisions"}],"predecessor-version":[{"id":305,"href":"https:\/\/ent2d.ac-bordeaux.fr\/disciplines\/vie-scolaire\/wp-json\/wp\/v2\/pages\/295\/revisions\/305"}],"up":[{"embeddable":true,"href":"https:\/\/ent2d.ac-bordeaux.fr\/disciplines\/vie-scolaire\/wp-json\/wp\/v2\/pages\/250"}],"wp:attachment":[{"href":"https:\/\/ent2d.ac-bordeaux.fr\/disciplines\/vie-scolaire\/wp-json\/wp\/v2\/media?parent=295"}],"curies":[{"name":"wp","href":"https:\/\/api.w.org\/{rel}","templated":true}]}}