{"id":288,"date":"2020-03-26T17:22:30","date_gmt":"2020-03-26T16:22:30","guid":{"rendered":"https:\/\/ent2d.ac-bordeaux.fr\/disciplines\/vie-scolaire\/?page_id=288"},"modified":"2020-03-26T17:22:31","modified_gmt":"2020-03-26T16:22:31","slug":"conseil-de-classe","status":"publish","type":"page","link":"https:\/\/ent2d.ac-bordeaux.fr\/disciplines\/vie-scolaire\/conseil-de-classe\/","title":{"rendered":"Conseil de classe"},"content":{"rendered":"\n<div class=\"wp-block-image\"><figure class=\"aligncenter is-resized\"><img loading=\"lazy\" decoding=\"async\" src=\"https:\/\/ent2d.ac-bordeaux.fr\/disciplines\/vie-scolaire\/wp-content\/uploads\/sites\/28\/2020\/03\/conseil-de-classe.png\" alt=\"\" class=\"wp-image-289\" width=\"403\" height=\"226\" srcset=\"https:\/\/ent2d.ac-bordeaux.fr\/disciplines\/vie-scolaire\/wp-content\/uploads\/sites\/28\/2020\/03\/conseil-de-classe.png 680w, https:\/\/ent2d.ac-bordeaux.fr\/disciplines\/vie-scolaire\/wp-content\/uploads\/sites\/28\/2020\/03\/conseil-de-classe-300x169.png 300w\" sizes=\"auto, (max-width: 403px) 100vw, 403px\" \/><\/figure><\/div>\n\n\n\n<p>\n\tPetit rappel des textes officiels&nbsp;: <strong>D\u00e9cret du 30 ao\u00fbt 1985<\/strong><\/p>\n\n\n\n<p>\n\tArt. 33 (modifi\u00e9 par les d\u00e9crets n os 90-978 du 31 octobre 1990 et 2000-620 du 5 juillet 2000 ) .<\/p>\n\n\n\n<p>\n\t&nbsp;Il\n est institu\u00e9 dans les coll\u00e8ges, les lyc\u00e9es et les \u00e9tablissements \nr\u00e9gionaux d\u2019 enseignement adapt\u00e9, pour chaque classe ou groupe d\u2019 \n\u00e9l\u00e8ves, sous la pr\u00e9sidence du chef d\u2019 \u00e9tablissement ou de son \nrepr\u00e9sentant.<\/p>\n\n\n\n<p>\n\tSont membres du conseil de classe&nbsp;:<\/p>\n\n\n\n<p>\n\tLes personnels enseignants de la classe ou du groupe de classes.<\/p>\n\n\n\n<p>\n\tLes deux d\u00e9l\u00e9gu\u00e9s des parents d\u2019 \u00e9l\u00e8ves de la classe ou du groupe de classes.<\/p>\n\n\n\n<p>\n\tLes deux d\u00e9l\u00e9gu\u00e9s d\u2019 \u00e9l\u00e8ves de la classe ou du groupe de classes.<\/p>\n\n\n\n<ul class=\"wp-block-list\"><li>\n\t\tLes textes officiels : <a href=\"http:\/\/vosdroits.service-public.fr\/particuliers\/F1394.xhtml\">http:\/\/vosdroits.service-public.fr\/particuliers\/F1394.xhtml<\/a><\/li><\/ul>\n","protected":false},"excerpt":{"rendered":"<p>Petit rappel des textes officiels&nbsp;: D\u00e9cret du 30 ao\u00fbt 1985 Art. 33 (modifi\u00e9 par les d\u00e9crets n os 90-978 du 31 octobre 1990 et 2000-620 du 5 juillet 2000 ) . &nbsp;Il est institu\u00e9 dans les coll\u00e8ges, les lyc\u00e9es et les \u00e9tablissements r\u00e9gionaux d\u2019 enseignement adapt\u00e9, pour chaque classe ou groupe d\u2019 \u00e9l\u00e8ves, sous la &hellip; <\/p>\n<p><a class=\"more-link btn\" href=\"https:\/\/ent2d.ac-bordeaux.fr\/disciplines\/vie-scolaire\/conseil-de-classe\/\">Lire la suite<\/a><\/p>\n","protected":false},"author":583,"featured_media":0,"parent":0,"menu_order":0,"comment_status":"closed","ping_status":"closed","template":"","meta":{"footnotes":""},"class_list":["post-288","page","type-page","status-publish","hentry","nodate","item-wrap"],"_links":{"self":[{"href":"https:\/\/ent2d.ac-bordeaux.fr\/disciplines\/vie-scolaire\/wp-json\/wp\/v2\/pages\/288","targetHints":{"allow":["GET"]}}],"collection":[{"href":"https:\/\/ent2d.ac-bordeaux.fr\/disciplines\/vie-scolaire\/wp-json\/wp\/v2\/pages"}],"about":[{"href":"https:\/\/ent2d.ac-bordeaux.fr\/disciplines\/vie-scolaire\/wp-json\/wp\/v2\/types\/page"}],"author":[{"embeddable":true,"href":"https:\/\/ent2d.ac-bordeaux.fr\/disciplines\/vie-scolaire\/wp-json\/wp\/v2\/users\/583"}],"replies":[{"embeddable":true,"href":"https:\/\/ent2d.ac-bordeaux.fr\/disciplines\/vie-scolaire\/wp-json\/wp\/v2\/comments?post=288"}],"version-history":[{"count":1,"href":"https:\/\/ent2d.ac-bordeaux.fr\/disciplines\/vie-scolaire\/wp-json\/wp\/v2\/pages\/288\/revisions"}],"predecessor-version":[{"id":290,"href":"https:\/\/ent2d.ac-bordeaux.fr\/disciplines\/vie-scolaire\/wp-json\/wp\/v2\/pages\/288\/revisions\/290"}],"wp:attachment":[{"href":"https:\/\/ent2d.ac-bordeaux.fr\/disciplines\/vie-scolaire\/wp-json\/wp\/v2\/media?parent=288"}],"curies":[{"name":"wp","href":"https:\/\/api.w.org\/{rel}","templated":true}]}}