{"id":255,"date":"2020-03-26T15:47:23","date_gmt":"2020-03-26T14:47:23","guid":{"rendered":"https:\/\/ent2d.ac-bordeaux.fr\/disciplines\/vie-scolaire\/?page_id=255"},"modified":"2020-03-30T16:46:42","modified_gmt":"2020-03-30T14:46:42","slug":"organiser-les-espaces-scolaires","status":"publish","type":"page","link":"https:\/\/ent2d.ac-bordeaux.fr\/disciplines\/vie-scolaire\/organiser-les-espaces-scolaires\/","title":{"rendered":"Organiser les espaces scolaires"},"content":{"rendered":"\n<p><strong>Organiser l&rsquo;espace scolaire et la gestion du temps au sein de l&rsquo;externat, de la demi-pension et de l&rsquo;internat<\/strong><\/p>\n\n\n\n<p>\n\tLes CPE assurent la gestion des espaces et des temps de la vie scolaire\n des \u00e9l\u00e8ves en organisant leurs conditions d&rsquo;accueil, leurs mouvements \nd&rsquo;entr\u00e9es et de sorties, ainsi que leurs d\u00e9placements et leur \ncirculation au sein de l&rsquo;\u00e9tablissement y compris dans les zones \nr\u00e9cr\u00e9atives, les zones de travail et d&rsquo;\u00e9tudes collectives.<\/p>\n\n\n\n<p>\n\tIls ont aupr\u00e8s des chefs d&rsquo;\u00e9tablissement un r\u00f4le de conseil pour le \nrespect des rythmes de vie et de travail des \u00e9l\u00e8ves, en amont de \nl&rsquo;\u00e9laboration des emplois du temps.<\/p>\n\n\n\n<figure class=\"wp-block-image is-resized\"><img loading=\"lazy\" decoding=\"async\" src=\"https:\/\/ent2d.ac-bordeaux.fr\/disciplines\/vie-scolaire\/wp-content\/uploads\/sites\/28\/2020\/03\/cs-et-amenagement.png\" alt=\"\" class=\"wp-image-395\" width=\"715\" height=\"407\" srcset=\"https:\/\/ent2d.ac-bordeaux.fr\/disciplines\/vie-scolaire\/wp-content\/uploads\/sites\/28\/2020\/03\/cs-et-amenagement.png 629w, https:\/\/ent2d.ac-bordeaux.fr\/disciplines\/vie-scolaire\/wp-content\/uploads\/sites\/28\/2020\/03\/cs-et-amenagement-300x171.png 300w\" sizes=\"auto, (max-width: 715px) 100vw, 715px\" \/><\/figure>\n\n\n\n<ul class=\"wp-block-list\"><li><a href=\"https:\/\/ent2d.ac-bordeaux.fr\/disciplines\/vie-scolaire\/procedures-dentrees-et-de-sorties-des-eleves\/\">Proc\u00e9dures d&rsquo;entr\u00e9e et de sortie des \u00e9l\u00e8ves<\/a><\/li><li><a href=\"https:\/\/ent2d.ac-bordeaux.fr\/disciplines\/vie-scolaire\/le-reglement-interieur\/\">R\u00e8glement int\u00e9rieur<\/a><\/li><li><a href=\"https:\/\/ent2d.ac-bordeaux.fr\/disciplines\/vie-scolaire\/relations-avec-les-familles\/accueil-des-eleves-et-des-familles\/\">Accueil des \u00e9l\u00e8ves et des familles<\/a><\/li><\/ul>\n\n\n\n<h2 class=\"wp-block-heading\">Organiser le temps hors classe<\/h2>\n\n\n\n<p>Ils participent, avec le(s) professeur(s) documentaliste(s), et dans \nle respect des missions de chacun, \u00e0 la prise en charge des \u00e9l\u00e8ves hors \ndu temps de classe pour favoriser les apprentissages, notamment en \nmettant \u00e0 leur disposition les espaces et les ressources n\u00e9cessaires.<\/p>\n\n\n\n<p>Les CPE peuvent \u00e9galement avoir un r\u00f4le de conseil aupr\u00e8s de l&rsquo;adjoint  gestionnaire de l&rsquo;\u00e9tablissement sur l&rsquo;organisation des lieux de  restauration, d&rsquo;h\u00e9bergement pour les internats, de travail et de d\u00e9tente  qui contribue au bien-\u00eatre et \u00e0 la qualit\u00e9 de vie des \u00e9l\u00e8ves<\/p>\n\n\n\n<ul class=\"wp-block-list\"><li><a href=\"https:\/\/ent2d.ac-bordeaux.fr\/disciplines\/vie-scolaire\/la-gestion-de-linternat\/\"> Gestion de l&rsquo;Internat <\/a><\/li><li><a href=\"https:\/\/ent2d.ac-bordeaux.fr\/disciplines\/vie-scolaire\/le-foyer-socio-educatif\/\">Le foyer socio \u00e9ducatif<\/a><\/li><li><a href=\"https:\/\/ent2d.ac-bordeaux.fr\/disciplines\/vie-scolaire\/la-maison-des-lyceens\/\">La Maison des Lyc\u00e9ens<\/a><\/li><li><a href=\"https:\/\/ent2d.ac-bordeaux.fr\/disciplines\/vie-scolaire\/projet-cpe-doc\/\">Projet CPE-DOC<\/a><\/li><li><a href=\"https:\/\/ent2d.ac-bordeaux.fr\/disciplines\/vie-scolaire\/cesc\/\">CESC <\/a><\/li><\/ul>\n","protected":false},"excerpt":{"rendered":"<p>Organiser l&rsquo;espace scolaire et la gestion du temps au sein de l&rsquo;externat, de la demi-pension et de l&rsquo;internat Les CPE assurent la gestion des espaces et des temps de la vie scolaire des \u00e9l\u00e8ves en organisant leurs conditions d&rsquo;accueil, leurs mouvements d&rsquo;entr\u00e9es et de sorties, ainsi que leurs d\u00e9placements et leur circulation au sein de &hellip; <\/p>\n<p><a class=\"more-link btn\" href=\"https:\/\/ent2d.ac-bordeaux.fr\/disciplines\/vie-scolaire\/organiser-les-espaces-scolaires\/\">Lire la suite<\/a><\/p>\n","protected":false},"author":583,"featured_media":0,"parent":0,"menu_order":0,"comment_status":"closed","ping_status":"closed","template":"","meta":{"footnotes":""},"class_list":["post-255","page","type-page","status-publish","hentry","nodate","item-wrap"],"_links":{"self":[{"href":"https:\/\/ent2d.ac-bordeaux.fr\/disciplines\/vie-scolaire\/wp-json\/wp\/v2\/pages\/255","targetHints":{"allow":["GET"]}}],"collection":[{"href":"https:\/\/ent2d.ac-bordeaux.fr\/disciplines\/vie-scolaire\/wp-json\/wp\/v2\/pages"}],"about":[{"href":"https:\/\/ent2d.ac-bordeaux.fr\/disciplines\/vie-scolaire\/wp-json\/wp\/v2\/types\/page"}],"author":[{"embeddable":true,"href":"https:\/\/ent2d.ac-bordeaux.fr\/disciplines\/vie-scolaire\/wp-json\/wp\/v2\/users\/583"}],"replies":[{"embeddable":true,"href":"https:\/\/ent2d.ac-bordeaux.fr\/disciplines\/vie-scolaire\/wp-json\/wp\/v2\/comments?post=255"}],"version-history":[{"count":14,"href":"https:\/\/ent2d.ac-bordeaux.fr\/disciplines\/vie-scolaire\/wp-json\/wp\/v2\/pages\/255\/revisions"}],"predecessor-version":[{"id":452,"href":"https:\/\/ent2d.ac-bordeaux.fr\/disciplines\/vie-scolaire\/wp-json\/wp\/v2\/pages\/255\/revisions\/452"}],"wp:attachment":[{"href":"https:\/\/ent2d.ac-bordeaux.fr\/disciplines\/vie-scolaire\/wp-json\/wp\/v2\/media?parent=255"}],"curies":[{"name":"wp","href":"https:\/\/api.w.org\/{rel}","templated":true}]}}