{"id":154,"date":"2020-03-18T14:52:13","date_gmt":"2020-03-18T13:52:13","guid":{"rendered":"https:\/\/ent2d.ac-bordeaux.fr\/disciplines\/vie-scolaire\/?page_id=154"},"modified":"2020-03-26T15:20:30","modified_gmt":"2020-03-26T14:20:30","slug":"ppcr","status":"publish","type":"page","link":"https:\/\/ent2d.ac-bordeaux.fr\/disciplines\/vie-scolaire\/ppcr\/","title":{"rendered":"Rendez vous de carri\u00e8re"},"content":{"rendered":"\n<h2 class=\"wp-block-heading\">PPCR pour les titulaires <\/h2>\n\n\n\n<p>\nLa r\u00e9forme de l\u2019\u00e9valuation mise en \u0153uvre \u00e0 la rentr\u00e9e 2017 comprend un  \naccompagnement tout au long du parcours professionnel et des rendez-vous\n  de carri\u00e8re, moments privil\u00e9gi\u00e9s d\u2019\u00e9change sur les comp\u00e9tences \nacquises  et sur les perspectives d\u2019\u00e9volution professionnelle. Elle \nconcerne les  personnels enseignants et d\u2019\u00e9ducation, ainsi que les \npsychologues de  l\u2019\u00c9ducation nationale \n\n<\/p>\n\n\n\n<figure class=\"wp-block-image\"><img loading=\"lazy\" decoding=\"async\" width=\"300\" height=\"184\" src=\"https:\/\/ent2d.ac-bordeaux.fr\/disciplines\/vie-scolaire\/wp-content\/uploads\/sites\/28\/2020\/03\/PPCR.png\" alt=\"\" class=\"wp-image-176\" \/><\/figure>\n\n\n\n<p>Pour en savoir davantage : <a href=\"https:\/\/www.education.gouv.fr\/rendez-vous-de-carriere-mode-d-emploi-41627\">https:\/\/www.education.gouv.fr\/rendez-vous-de-carriere-mode-d-emploi-41627<\/a><\/p>\n\n\n\n<p>Documents joints :<\/p>\n\n\n\n<p><a href=\"http:\/\/cpe.ac-dijon.fr\/IMG\/pdf\/2017_document_aide_carriere_enseignants_v2_804210.pdf\">Guide entretien <\/a><\/p>\n\n\n\n<p><a href=\"http:\/\/cpe.ac-dijon.fr\/IMG\/pdf\/2017_guide_rv_carriere_enseignants_education_psyen_v3_804552.pdf\">Guide de rendez-vous de carriere <\/a><\/p>\n\n\n\n<p><br><\/p>\n\n\n\n<h2 class=\"wp-block-heading\">Pour les contractuel(les) : Rendez-vous de carri\u00e8re<\/h2>\n","protected":false},"excerpt":{"rendered":"<p>PPCR pour les titulaires La r\u00e9forme de l\u2019\u00e9valuation mise en \u0153uvre \u00e0 la rentr\u00e9e 2017 comprend un accompagnement tout au long du parcours professionnel et des rendez-vous de carri\u00e8re, moments privil\u00e9gi\u00e9s d\u2019\u00e9change sur les comp\u00e9tences acquises et sur les perspectives d\u2019\u00e9volution professionnelle. Elle concerne les personnels enseignants et d\u2019\u00e9ducation, ainsi que les psychologues de l\u2019\u00c9ducation &hellip; <\/p>\n<p><a class=\"more-link btn\" href=\"https:\/\/ent2d.ac-bordeaux.fr\/disciplines\/vie-scolaire\/ppcr\/\">Lire la suite<\/a><\/p>\n","protected":false},"author":583,"featured_media":0,"parent":0,"menu_order":0,"comment_status":"closed","ping_status":"closed","template":"","meta":{"footnotes":""},"class_list":["post-154","page","type-page","status-publish","hentry","nodate","item-wrap"],"_links":{"self":[{"href":"https:\/\/ent2d.ac-bordeaux.fr\/disciplines\/vie-scolaire\/wp-json\/wp\/v2\/pages\/154","targetHints":{"allow":["GET"]}}],"collection":[{"href":"https:\/\/ent2d.ac-bordeaux.fr\/disciplines\/vie-scolaire\/wp-json\/wp\/v2\/pages"}],"about":[{"href":"https:\/\/ent2d.ac-bordeaux.fr\/disciplines\/vie-scolaire\/wp-json\/wp\/v2\/types\/page"}],"author":[{"embeddable":true,"href":"https:\/\/ent2d.ac-bordeaux.fr\/disciplines\/vie-scolaire\/wp-json\/wp\/v2\/users\/583"}],"replies":[{"embeddable":true,"href":"https:\/\/ent2d.ac-bordeaux.fr\/disciplines\/vie-scolaire\/wp-json\/wp\/v2\/comments?post=154"}],"version-history":[{"count":7,"href":"https:\/\/ent2d.ac-bordeaux.fr\/disciplines\/vie-scolaire\/wp-json\/wp\/v2\/pages\/154\/revisions"}],"predecessor-version":[{"id":249,"href":"https:\/\/ent2d.ac-bordeaux.fr\/disciplines\/vie-scolaire\/wp-json\/wp\/v2\/pages\/154\/revisions\/249"}],"wp:attachment":[{"href":"https:\/\/ent2d.ac-bordeaux.fr\/disciplines\/vie-scolaire\/wp-json\/wp\/v2\/media?parent=154"}],"curies":[{"name":"wp","href":"https:\/\/api.w.org\/{rel}","templated":true}]}}