{"id":147,"date":"2020-03-18T14:50:57","date_gmt":"2020-03-18T13:50:57","guid":{"rendered":"https:\/\/ent2d.ac-bordeaux.fr\/disciplines\/vie-scolaire\/?page_id=147"},"modified":"2020-03-27T17:33:32","modified_gmt":"2020-03-27T16:33:32","slug":"suivi-individuel","status":"publish","type":"page","link":"https:\/\/ent2d.ac-bordeaux.fr\/disciplines\/vie-scolaire\/suivi-individuel\/","title":{"rendered":"Suivi individuel et collectif"},"content":{"rendered":"\n<p class=\"has-background has-luminous-vivid-amber-background-color\"><strong>Assurer le suivi p\u00e9dagogique et \u00e9ducatif individuel et collectif des \u00e9l\u00e8ves<\/strong><\/p>\n\n\n\n<p>\n\tLes CPE sont associ\u00e9s aux diff\u00e9rentes \u00e9quipes p\u00e9dagogiques des classes \ndont ils ont la charge. S&rsquo;ils sont plus particuli\u00e8rement concern\u00e9s par \nles moments hors de la classe, ils sont aussi impliqu\u00e9s dans les \nconditions d&rsquo;appropriation des savoirs par les \u00e9l\u00e8ves et associ\u00e9s \u00e0 la \nconstruction de leur projet personnel, notamment en collaboration avec \nles professeurs principaux.<\/p>\n\n\n\n<p> De par leurs missions sp\u00e9cifiques, les CPE apportent une contribution \u00e0  la connaissance de l&rsquo;\u00e9l\u00e8ve et la font partager. Ils travaillent en  \u00e9troite collaboration avec les enseignants et les autres personnels,  notamment sociaux et de sant\u00e9, en \u00e9changeant des informations sur le  comportement et l&rsquo;activit\u00e9 de l&rsquo;\u00e9l\u00e8ve, ses r\u00e9sultats, ses conditions de  travail, et en recherchant en commun l&rsquo;origine de difficult\u00e9s  \u00e9ventuelles pour lui permettre de les surmonter.<\/p>\n\n\n\n<ul class=\"wp-block-list\"><li> <a href=\"https:\/\/ent2d.ac-bordeaux.fr\/disciplines\/vie-scolaire\/absenteisme\/\">Absent\u00e9isme<\/a><\/li><li> <a href=\"https:\/\/ent2d.ac-bordeaux.fr\/disciplines\/vie-scolaire\/la-lutte-contre-le-decrochage-scolaire\/groupe-de-prevention-du-decrochage-scolaire\/\">Cellule de veille (GPLDS)<\/a><\/li><li> <a href=\"https:\/\/ent2d.ac-bordeaux.fr\/disciplines\/vie-scolaire\/conseil-de-classe\/\">Conseil de classe<\/a><\/li><li> <a href=\"https:\/\/ent2d.ac-bordeaux.fr\/disciplines\/vie-scolaire\/les-eleves-a-besoins-educatifs-particuliers\/\">\u00c9l\u00e8ves \u00e0 besoins \u00e9ducatifs particuliers (EBEP)<\/a><\/li><li> <a href=\"http:\/\/www.ozp.fr\/spip.php?article24629\">Outil de suivi<\/a><\/li><li> <a href=\"https:\/\/eduscol.education.fr\/cid55115\/mission-de-lutte-contre-le-decrochage.html\">Mission de Lutte contre le D\u00e9crochage Scolaire<\/a><\/li><li> <a href=\"https:\/\/ent2d.ac-bordeaux.fr\/disciplines\/vie-scolaire\/la-gestion-de-conflit\/\">Gestion des conflits<\/a><\/li><li> <a href=\"https:\/\/ent2d.ac-bordeaux.fr\/disciplines\/vie-scolaire\/les-heures-de-vie-de-classe\/\">Heure de vie de classe<\/a><\/li><li> <a href=\"https:\/\/ent2d.ac-bordeaux.fr\/disciplines\/vie-scolaire\/la-gestion-de-conflit\/la-mediation-par-les-pairs\/\">M\u00e9diation par les pairs<\/a><\/li><li> <a href=\"https:\/\/ent2d.ac-bordeaux.fr\/disciplines\/vie-scolaire\/reseau-foquale\/\">Projet personnel et\/ou de Formation<\/a><\/li><li><a href=\"https:\/\/ent2d.ac-bordeaux.fr\/disciplines\/vie-scolaire\/le-tutorat-entre-pairs\/\"> Tutorat entre pairs<\/a><\/li><\/ul>\n","protected":false},"excerpt":{"rendered":"<p>Assurer le suivi p\u00e9dagogique et \u00e9ducatif individuel et collectif des \u00e9l\u00e8ves Les CPE sont associ\u00e9s aux diff\u00e9rentes \u00e9quipes p\u00e9dagogiques des classes dont ils ont la charge. S&rsquo;ils sont plus particuli\u00e8rement concern\u00e9s par les moments hors de la classe, ils sont aussi impliqu\u00e9s dans les conditions d&rsquo;appropriation des savoirs par les \u00e9l\u00e8ves et associ\u00e9s \u00e0 la &hellip; <\/p>\n<p><a class=\"more-link btn\" href=\"https:\/\/ent2d.ac-bordeaux.fr\/disciplines\/vie-scolaire\/suivi-individuel\/\">Lire la suite<\/a><\/p>\n","protected":false},"author":583,"featured_media":0,"parent":0,"menu_order":0,"comment_status":"closed","ping_status":"closed","template":"","meta":{"footnotes":""},"class_list":["post-147","page","type-page","status-publish","hentry","nodate","item-wrap"],"_links":{"self":[{"href":"https:\/\/ent2d.ac-bordeaux.fr\/disciplines\/vie-scolaire\/wp-json\/wp\/v2\/pages\/147","targetHints":{"allow":["GET"]}}],"collection":[{"href":"https:\/\/ent2d.ac-bordeaux.fr\/disciplines\/vie-scolaire\/wp-json\/wp\/v2\/pages"}],"about":[{"href":"https:\/\/ent2d.ac-bordeaux.fr\/disciplines\/vie-scolaire\/wp-json\/wp\/v2\/types\/page"}],"author":[{"embeddable":true,"href":"https:\/\/ent2d.ac-bordeaux.fr\/disciplines\/vie-scolaire\/wp-json\/wp\/v2\/users\/583"}],"replies":[{"embeddable":true,"href":"https:\/\/ent2d.ac-bordeaux.fr\/disciplines\/vie-scolaire\/wp-json\/wp\/v2\/comments?post=147"}],"version-history":[{"count":19,"href":"https:\/\/ent2d.ac-bordeaux.fr\/disciplines\/vie-scolaire\/wp-json\/wp\/v2\/pages\/147\/revisions"}],"predecessor-version":[{"id":378,"href":"https:\/\/ent2d.ac-bordeaux.fr\/disciplines\/vie-scolaire\/wp-json\/wp\/v2\/pages\/147\/revisions\/378"}],"wp:attachment":[{"href":"https:\/\/ent2d.ac-bordeaux.fr\/disciplines\/vie-scolaire\/wp-json\/wp\/v2\/media?parent=147"}],"curies":[{"name":"wp","href":"https:\/\/api.w.org\/{rel}","templated":true}]}}