{"id":139,"date":"2020-03-18T14:47:14","date_gmt":"2020-03-18T13:47:14","guid":{"rendered":"https:\/\/ent2d.ac-bordeaux.fr\/disciplines\/vie-scolaire\/?page_id=139"},"modified":"2020-03-25T17:44:47","modified_gmt":"2020-03-25T16:44:47","slug":"ecole-inclusive","status":"publish","type":"page","link":"https:\/\/ent2d.ac-bordeaux.fr\/disciplines\/vie-scolaire\/ecole-inclusive\/","title":{"rendered":"Ecole inclusive"},"content":{"rendered":"\n<p class=\"has-background has-light-green-cyan-background-color\">La <a href=\"https:\/\/www.education.gouv.fr\/pid285\/bulletin_officiel.html?cid_bo=142545\" target=\"_blank\" rel=\"noreferrer noopener\">circulaire de rentr\u00e9e 2019 &#8211; \u00c9cole inclusive<\/a>&nbsp;\n (BO du 5 juin 2019) a pour objet de pr\u00e9ciser les actions et moyens \u00e0 \nmettre en \u0153uvre d\u00e8s la rentr\u00e9e 2019 pour instituer dans chaque acad\u00e9mie \net dans chaque d\u00e9partement un service public de l&rsquo;\u00c9cole inclusive&nbsp;:<\/p>\n\n\n\n<ol class=\"wp-block-list\"><li>Instituer un service d\u00e9partemental \u00c9cole inclusive<\/li><li>Organiser les p\u00f4les inclusifs d&rsquo;accompagnement localis\u00e9s<\/li><li>Mieux accueillir les parents et mieux scolariser les \u00e9l\u00e8ves<\/li><li>Reconna\u00eetre le travail des enseignants, les soutenir et d\u00e9ployer une offre de formation accessible<\/li><li>Renforcer l&rsquo;appartenance des AESH \u00e0 la communaut\u00e9 \u00e9ducative<\/li><li>Simplifier les d\u00e9marches pour tous<\/li><li>Mieux suivre les parcours inclusifs et \u00e9valuer la qualit\u00e9 des actions<\/li><\/ol>\n\n\n\n<figure class=\"wp-block-image\"><img loading=\"lazy\" decoding=\"async\" width=\"1024\" height=\"500\" src=\"https:\/\/ent2d.ac-bordeaux.fr\/disciplines\/vie-scolaire\/wp-content\/uploads\/sites\/28\/2020\/03\/CAP-Ecole-Inclusive.png\" alt=\"\" class=\"wp-image-237\" srcset=\"https:\/\/ent2d.ac-bordeaux.fr\/disciplines\/vie-scolaire\/wp-content\/uploads\/sites\/28\/2020\/03\/CAP-Ecole-Inclusive.png 1024w, https:\/\/ent2d.ac-bordeaux.fr\/disciplines\/vie-scolaire\/wp-content\/uploads\/sites\/28\/2020\/03\/CAP-Ecole-Inclusive-300x146.png 300w, https:\/\/ent2d.ac-bordeaux.fr\/disciplines\/vie-scolaire\/wp-content\/uploads\/sites\/28\/2020\/03\/CAP-Ecole-Inclusive-768x375.png 768w\" sizes=\"auto, (max-width: 1024px) 100vw, 1024px\" \/><figcaption><a href=\"https:\/\/www.reseau-canope.fr\/cap-ecole-inclusive\">https:\/\/www.reseau-canope.fr\/cap-ecole-inclusive<\/a><\/figcaption><\/figure>\n","protected":false},"excerpt":{"rendered":"<p>La circulaire de rentr\u00e9e 2019 &#8211; \u00c9cole inclusive&nbsp; (BO du 5 juin 2019) a pour objet de pr\u00e9ciser les actions et moyens \u00e0 mettre en \u0153uvre d\u00e8s la rentr\u00e9e 2019 pour instituer dans chaque acad\u00e9mie et dans chaque d\u00e9partement un service public de l&rsquo;\u00c9cole inclusive&nbsp;: Instituer un service d\u00e9partemental \u00c9cole inclusive Organiser les p\u00f4les inclusifs &hellip; <\/p>\n<p><a class=\"more-link btn\" href=\"https:\/\/ent2d.ac-bordeaux.fr\/disciplines\/vie-scolaire\/ecole-inclusive\/\">Lire la suite<\/a><\/p>\n","protected":false},"author":583,"featured_media":0,"parent":0,"menu_order":0,"comment_status":"closed","ping_status":"closed","template":"","meta":{"footnotes":""},"class_list":["post-139","page","type-page","status-publish","hentry","nodate","item-wrap"],"_links":{"self":[{"href":"https:\/\/ent2d.ac-bordeaux.fr\/disciplines\/vie-scolaire\/wp-json\/wp\/v2\/pages\/139","targetHints":{"allow":["GET"]}}],"collection":[{"href":"https:\/\/ent2d.ac-bordeaux.fr\/disciplines\/vie-scolaire\/wp-json\/wp\/v2\/pages"}],"about":[{"href":"https:\/\/ent2d.ac-bordeaux.fr\/disciplines\/vie-scolaire\/wp-json\/wp\/v2\/types\/page"}],"author":[{"embeddable":true,"href":"https:\/\/ent2d.ac-bordeaux.fr\/disciplines\/vie-scolaire\/wp-json\/wp\/v2\/users\/583"}],"replies":[{"embeddable":true,"href":"https:\/\/ent2d.ac-bordeaux.fr\/disciplines\/vie-scolaire\/wp-json\/wp\/v2\/comments?post=139"}],"version-history":[{"count":3,"href":"https:\/\/ent2d.ac-bordeaux.fr\/disciplines\/vie-scolaire\/wp-json\/wp\/v2\/pages\/139\/revisions"}],"predecessor-version":[{"id":238,"href":"https:\/\/ent2d.ac-bordeaux.fr\/disciplines\/vie-scolaire\/wp-json\/wp\/v2\/pages\/139\/revisions\/238"}],"wp:attachment":[{"href":"https:\/\/ent2d.ac-bordeaux.fr\/disciplines\/vie-scolaire\/wp-json\/wp\/v2\/media?parent=139"}],"curies":[{"name":"wp","href":"https:\/\/api.w.org\/{rel}","templated":true}]}}