{"id":137,"date":"2020-03-18T14:46:42","date_gmt":"2020-03-18T13:46:42","guid":{"rendered":"https:\/\/ent2d.ac-bordeaux.fr\/disciplines\/vie-scolaire\/?page_id=137"},"modified":"2020-03-25T17:30:46","modified_gmt":"2020-03-25T16:30:46","slug":"procedures-disciplinaires","status":"publish","type":"page","link":"https:\/\/ent2d.ac-bordeaux.fr\/disciplines\/vie-scolaire\/procedures-disciplinaires\/","title":{"rendered":"Proc\u00e9dures disciplinaires"},"content":{"rendered":"\n<blockquote class=\"wp-block-quote is-style-default is-layout-flow wp-block-quote-is-layout-flow\"><p>Les proc\u00e9dures disciplinaires dans les \u00e9tablissements d&rsquo;enseignement du  second degr\u00e9 visent \u00e0 r\u00e9affirmer le respect des r\u00e8gles et \u00e0 limiter le  recours aux exclusions temporaires de la classe ou de l&rsquo;\u00e9tablissement et  aux exclusions d\u00e9finitives de l&rsquo;\u00e9tablissement afin d&rsquo;\u00e9viter un  processus de d\u00e9scolarisation. L&rsquo;accent est mis sur la responsabilisation  des \u00e9l\u00e8ves. <\/p><cite>Eduscol <\/cite><\/blockquote>\n\n\n\n<h2 class=\"wp-block-heading\">Les&nbsp;proc\u00e9dures disciplinaires<\/h2>\n\n\n\n<p><\/p>\n\n\n\n<p>Depuis le&nbsp;1er septembre 2011, sont applicables dans les \u00e9tablissements d&rsquo;enseignement du 2nd degr\u00e9&nbsp;:<\/p>\n\n\n\n<ul class=\"wp-block-list\"><li>l&rsquo;automaticit\u00e9 des proc\u00e9dures disciplinaires pr\u00e9vues dans certaines hypoth\u00e8ses&nbsp;;<\/li><\/ul>\n\n\n\n<p><strong>L&rsquo;engagement de la proc\u00e9dure disciplinaire sera automatique dans les cas suivants<\/strong>&nbsp;:<\/p>\n\n\n\n<ol class=\"wp-block-list\"><li>lorsque l&rsquo;\u00e9l\u00e8ve est l&rsquo;auteur de violence verbale \u00e0 l&rsquo;\u00e9gard d&rsquo;un membre du personnel de l&rsquo;\u00e9tablissement&nbsp;;<\/li><li>lorsque l&rsquo;\u00e9l\u00e8ve commet un acte grave \u00e0 l&rsquo;\u00e9gard d&rsquo;un membre du personnel ou d&rsquo;un \u00e9l\u00e8ve&nbsp;;<\/li><li>lorsqu&rsquo;un membre du personnel de l&rsquo;\u00e9tablissement a \u00e9t\u00e9 victime de \nviolence physique. Dans ce cas, le chef d&rsquo;\u00e9tablissement sera tenu de \nsaisir le conseil de discipline.<\/li><\/ol>\n\n\n\n<ul class=\"wp-block-list\"><li>le respect de la proc\u00e9dure contradictoire lorsque le chef \nd&rsquo;\u00e9tablissement prononce seul une sanction sans saisine du conseil de \ndiscipline&nbsp;;<\/li><li>la nouvelle \u00e9chelle des sanctions (<a href=\"http:\/\/www.legifrance.gouv.fr\/affichCodeArticle.do?idArticle=LEGIARTI000024275753&amp;cidTexte=LEGITEXT000006071191&amp;dateTexte=20111206&amp;oldAction=rechCodeArticle\">R. 511-13 du code de l&rsquo;\u00e9ducation<\/a>)&nbsp;;<\/li><li>les nouvelles modalit\u00e9s de conservation des sanctions.<\/li><\/ul>\n\n\n\n<p>De nouvelles mesures : <\/p>\n\n\n\n<h2 class=\"wp-block-heading\">La mesure de responsabilisation : nouvelle sanction disciplinaire<\/h2>\n\n\n\n<p><a href=\"https:\/\/documentcloud.adobe.com\/link\/track?uri=urn%3Aaaid%3Ascds%3AUS%3A7a665cdf-8f99-4f86-a388-27cdb7b0f944\">Vademecum des mesures de responsabilisations dans les \u00e9tablissements du second degr\u00e9<\/a><br><\/p>\n\n\n\n<h2 class=\"wp-block-heading\">Les textes<\/h2>\n\n\n\n<p><a href=\"http:\/\/www.education.gouv.fr\/pid25535\/bulletin_officiel.html?cid_bo=79279\">Circulaire n\u00b02014-059 du 27 mai 2014 relative \u00e0 l&rsquo;application de la r\u00e8gle, mesures de pr\u00e9vention et sanctions<\/a><\/p>\n\n\n\n<p><a href=\"http:\/\/www.education.gouv.fr\/pid25535\/bulletin_officiel.html?cid_bo=57068\">Circulaire n\u00b02011-112 du 1er ao\u00fbt 2011 relative au r\u00e8glement int\u00e9rieur dans les \u00e9tablissements publics locaux d&rsquo;enseignement<\/a><\/p>\n\n\n\n<p><a href=\"http:\/\/www.legifrance.gouv.fr\/affichTexte.do;jsessionid=C39DB974EE568A4747C6B1BF391C1E9A.tpdjo11v_1?cidTexte=JORFTEXT000024937545&amp;dateTexte=&amp;oldAction=rechJO&amp;categorieLien=id\">Arr\u00eat\u00e9 du 30 novembre 2011 fixant les clauses types de la convention pr\u00e9vue \u00e0 l&rsquo;article R. 511-13 du code de l&rsquo;\u00e9ducation<\/a><\/p>\n","protected":false},"excerpt":{"rendered":"<p>Les proc\u00e9dures disciplinaires dans les \u00e9tablissements d&rsquo;enseignement du second degr\u00e9 visent \u00e0 r\u00e9affirmer le respect des r\u00e8gles et \u00e0 limiter le recours aux exclusions temporaires de la classe ou de l&rsquo;\u00e9tablissement et aux exclusions d\u00e9finitives de l&rsquo;\u00e9tablissement afin d&rsquo;\u00e9viter un processus de d\u00e9scolarisation. L&rsquo;accent est mis sur la responsabilisation des \u00e9l\u00e8ves. Eduscol Les&nbsp;proc\u00e9dures disciplinaires Depuis &hellip; <\/p>\n<p><a class=\"more-link btn\" href=\"https:\/\/ent2d.ac-bordeaux.fr\/disciplines\/vie-scolaire\/procedures-disciplinaires\/\">Lire la suite<\/a><\/p>\n","protected":false},"author":583,"featured_media":0,"parent":0,"menu_order":0,"comment_status":"closed","ping_status":"closed","template":"","meta":{"footnotes":""},"class_list":["post-137","page","type-page","status-publish","hentry","nodate","item-wrap"],"_links":{"self":[{"href":"https:\/\/ent2d.ac-bordeaux.fr\/disciplines\/vie-scolaire\/wp-json\/wp\/v2\/pages\/137","targetHints":{"allow":["GET"]}}],"collection":[{"href":"https:\/\/ent2d.ac-bordeaux.fr\/disciplines\/vie-scolaire\/wp-json\/wp\/v2\/pages"}],"about":[{"href":"https:\/\/ent2d.ac-bordeaux.fr\/disciplines\/vie-scolaire\/wp-json\/wp\/v2\/types\/page"}],"author":[{"embeddable":true,"href":"https:\/\/ent2d.ac-bordeaux.fr\/disciplines\/vie-scolaire\/wp-json\/wp\/v2\/users\/583"}],"replies":[{"embeddable":true,"href":"https:\/\/ent2d.ac-bordeaux.fr\/disciplines\/vie-scolaire\/wp-json\/wp\/v2\/comments?post=137"}],"version-history":[{"count":3,"href":"https:\/\/ent2d.ac-bordeaux.fr\/disciplines\/vie-scolaire\/wp-json\/wp\/v2\/pages\/137\/revisions"}],"predecessor-version":[{"id":230,"href":"https:\/\/ent2d.ac-bordeaux.fr\/disciplines\/vie-scolaire\/wp-json\/wp\/v2\/pages\/137\/revisions\/230"}],"wp:attachment":[{"href":"https:\/\/ent2d.ac-bordeaux.fr\/disciplines\/vie-scolaire\/wp-json\/wp\/v2\/media?parent=137"}],"curies":[{"name":"wp","href":"https:\/\/api.w.org\/{rel}","templated":true}]}}