{"id":135,"date":"2020-03-18T14:46:04","date_gmt":"2020-03-18T13:46:04","guid":{"rendered":"https:\/\/ent2d.ac-bordeaux.fr\/disciplines\/vie-scolaire\/?page_id=135"},"modified":"2020-03-25T17:24:38","modified_gmt":"2020-03-25T16:24:38","slug":"prevention-des-violences-scolaires","status":"publish","type":"page","link":"https:\/\/ent2d.ac-bordeaux.fr\/disciplines\/vie-scolaire\/prevention-des-violences-scolaires\/","title":{"rendered":"Pr\u00e9vention des violences scolaires"},"content":{"rendered":"\n<p>Pr\u00e9venir les violences, y compris sous leur forme la plus fr\u00e9quente, \nles microviolences, contribue \u00e0 \u00e9viter une d\u00e9gradation du climat \nscolaire. Elles peuvent rev\u00eatir diff\u00e9rentes formes&nbsp;: coups, bousculades,\n insultes, harc\u00e8lement, cyberviolences, vols, violences sexuelles, \nviolences \u00e0 caract\u00e8re sexiste, discriminations racistes, antis\u00e9mites ou \nhomophobes, dommages aux locaux ou aux mat\u00e9riels, aux biens personnels, \nport d\u2019armes, intrusions, etc.<\/p>\n\n\n\n<p>Les actions \u00e0 conduire rel\u00e8vent de la sensibilisation des  professionnels et des \u00e9l\u00e8ves, de la formation, de la prise en charge des  victimes et des auteurs. Un travail doit aussi \u00eatre men\u00e9 avec les  t\u00e9moins, de mani\u00e8re \u00e0 ce que le collectif constitue un \u00e9l\u00e9ment de  pr\u00e9vention contre les violences. <a href=\"https:\/\/www.education.gouv.fr\/climat-scolaire-et-prevention-des-violences-11918\">https:\/\/www.education.gouv.fr\/climat-scolaire-et-prevention-des-violences-11918<\/a><\/p>\n\n\n\n<p> Les <a rel=\"noreferrer noopener\" href=\"http:\/\/eduscol.education.fr\/cid47712\/jeux-dangereux-pratiques-violentes.html\" target=\"_blank\">jeux dangereux<\/a> font l\u2019objet d\u2019une page sur \u00c9duscol, et le guide \u00ab\u00a0<a rel=\"noreferrer noopener\" href=\"http:\/\/media.education.gouv.fr\/file\/51\/6\/5516.pdf\" target=\"_blank\">Jeux dangereux et pratiques violentes<\/a>\u00a0\u00bb aide \u00e0 les pr\u00e9venir et \u00e0 r\u00e9agir lorsque s\u2019y livrent les \u00e9l\u00e8ves. <\/p>\n\n\n\n<div class=\"wp-block-image\"><figure class=\"aligncenter\"><img loading=\"lazy\" decoding=\"async\" width=\"150\" height=\"232\" src=\"https:\/\/ent2d.ac-bordeaux.fr\/disciplines\/vie-scolaire\/wp-content\/uploads\/sites\/28\/2020\/03\/jeux-dangereux-175269-42-jpg-48383.jpg\" alt=\"\" class=\"wp-image-207\" \/><\/figure><\/div>\n\n\n\n<p><a href=\"https:\/\/www.education.gouv.fr\/bo\/19\/Hebdo32\/MENE1925181C.htm?cid_bo=144578\">Plan de lutte contre les violences scolaires<\/a> <\/p>\n","protected":false},"excerpt":{"rendered":"<p>Pr\u00e9venir les violences, y compris sous leur forme la plus fr\u00e9quente, les microviolences, contribue \u00e0 \u00e9viter une d\u00e9gradation du climat scolaire. Elles peuvent rev\u00eatir diff\u00e9rentes formes&nbsp;: coups, bousculades, insultes, harc\u00e8lement, cyberviolences, vols, violences sexuelles, violences \u00e0 caract\u00e8re sexiste, discriminations racistes, antis\u00e9mites ou homophobes, dommages aux locaux ou aux mat\u00e9riels, aux biens personnels, port d\u2019armes, intrusions, &hellip; <\/p>\n<p><a class=\"more-link btn\" href=\"https:\/\/ent2d.ac-bordeaux.fr\/disciplines\/vie-scolaire\/prevention-des-violences-scolaires\/\">Lire la suite<\/a><\/p>\n","protected":false},"author":583,"featured_media":0,"parent":0,"menu_order":0,"comment_status":"closed","ping_status":"closed","template":"","meta":{"footnotes":""},"class_list":["post-135","page","type-page","status-publish","hentry","nodate","item-wrap"],"_links":{"self":[{"href":"https:\/\/ent2d.ac-bordeaux.fr\/disciplines\/vie-scolaire\/wp-json\/wp\/v2\/pages\/135","targetHints":{"allow":["GET"]}}],"collection":[{"href":"https:\/\/ent2d.ac-bordeaux.fr\/disciplines\/vie-scolaire\/wp-json\/wp\/v2\/pages"}],"about":[{"href":"https:\/\/ent2d.ac-bordeaux.fr\/disciplines\/vie-scolaire\/wp-json\/wp\/v2\/types\/page"}],"author":[{"embeddable":true,"href":"https:\/\/ent2d.ac-bordeaux.fr\/disciplines\/vie-scolaire\/wp-json\/wp\/v2\/users\/583"}],"replies":[{"embeddable":true,"href":"https:\/\/ent2d.ac-bordeaux.fr\/disciplines\/vie-scolaire\/wp-json\/wp\/v2\/comments?post=135"}],"version-history":[{"count":4,"href":"https:\/\/ent2d.ac-bordeaux.fr\/disciplines\/vie-scolaire\/wp-json\/wp\/v2\/pages\/135\/revisions"}],"predecessor-version":[{"id":228,"href":"https:\/\/ent2d.ac-bordeaux.fr\/disciplines\/vie-scolaire\/wp-json\/wp\/v2\/pages\/135\/revisions\/228"}],"wp:attachment":[{"href":"https:\/\/ent2d.ac-bordeaux.fr\/disciplines\/vie-scolaire\/wp-json\/wp\/v2\/media?parent=135"}],"curies":[{"name":"wp","href":"https:\/\/api.w.org\/{rel}","templated":true}]}}