{"id":769,"date":"2017-02-19T19:06:25","date_gmt":"2017-02-19T18:06:25","guid":{"rendered":"https:\/\/ent2d.ac-bordeaux.fr\/disciplines\/systemesnumeriquesenlp\/?page_id=769"},"modified":"2024-10-05T20:40:37","modified_gmt":"2024-10-05T18:40:37","slug":"accueil","status":"publish","type":"page","link":"https:\/\/ent2d.ac-bordeaux.fr\/disciplines\/systemesnumeriquesenlp\/","title":{"rendered":"Bienvenue dans le monde des Syst\u00e8mes Num\u00e9riques"},"content":{"rendered":"<p><span class=\"modifh2\">L&#8217;actualit\u00e9 dans les lyc\u00e9es :<\/span><\/p>\n<div align=\"center\">\n<div class=\"contener_slideshow\">\n<div class=\"contener_slide\">\n<div class=\"slid_1\"><a href=\"https:\/\/ent2d.ac-bordeaux.fr\/disciplines\/systemesnumeriquesenlp\/course-sponsorisee-libourne\/\" target=\"_self\" rel=\"noopener\"><img loading=\"lazy\" decoding=\"async\" src=\"https:\/\/ent2d.ac-bordeaux.fr\/disciplines\/systemesnumeriquesenlp\/wp-content\/uploads\/sites\/22\/2017\/03\/Pancarte-01.png\" width=\"650\" height=\"300\" \/><\/a><\/div>\n<div class=\"slid_2\"><a href=\"https:\/\/ent2d.ac-bordeaux.fr\/disciplines\/systemesnumeriquesenlp\/erasmus\/\" target=\"_self\" rel=\"noopener\"><img loading=\"lazy\" decoding=\"async\" src=\"https:\/\/ent2d.ac-bordeaux.fr\/disciplines\/systemesnumeriquesenlp\/wp-content\/uploads\/sites\/22\/2017\/03\/Pancarte-02.png\" width=\"650\" height=\"300\" \/><\/a><\/div>\n<div class=\"slid_3\"><a href=\"https:\/\/ent2d.ac-bordeaux.fr\/disciplines\/systemesnumeriquesenlp\/erasmus\/\" target=\"_self\" rel=\"noopener\"><img loading=\"lazy\" decoding=\"async\" src=\"https:\/\/ent2d.ac-bordeaux.fr\/disciplines\/systemesnumeriquesenlp\/wp-content\/uploads\/sites\/22\/2017\/03\/Pancarte-03.png\" width=\"650\" height=\"300\" \/><\/a><\/div>\n<div class=\"slid_4\"><a href=\"https:\/\/ent2d.ac-bordeaux.fr\/disciplines\/systemesnumeriquesenlp\/erasmus\/\" target=\"_self\" rel=\"noopener\"><img loading=\"lazy\" decoding=\"async\" src=\"https:\/\/ent2d.ac-bordeaux.fr\/disciplines\/systemesnumeriquesenlp\/wp-content\/uploads\/sites\/22\/2017\/03\/Pancarte-04.png\" width=\"650\" height=\"300\" \/><\/a><\/div>\n<div class=\"slid_5\"><a href=\"https:\/\/ent2d.ac-bordeaux.fr\/disciplines\/systemesnumeriquesenlp\/drones-gabarret\/\" target=\"_self\" rel=\"noopener\"><img loading=\"lazy\" decoding=\"async\" src=\"https:\/\/ent2d.ac-bordeaux.fr\/disciplines\/systemesnumeriquesenlp\/wp-content\/uploads\/sites\/22\/2017\/03\/Pancarte-05.png\" width=\"650\" height=\"300\" \/><\/a><\/div>\n<div class=\"slid_6\"><a href=\"https:\/\/ent2d.ac-bordeaux.fr\/disciplines\/systemesnumeriquesenlp\/mannequin-challenge-hasparren\/\" target=\"_self\" rel=\"noopener\"><img loading=\"lazy\" decoding=\"async\" src=\"https:\/\/ent2d.ac-bordeaux.fr\/disciplines\/systemesnumeriquesenlp\/wp-content\/uploads\/sites\/22\/2017\/03\/Pancarte-06.png\" width=\"650\" height=\"300\" \/><\/a><\/div>\n<\/div>\n<\/div>\n<\/div>\n<p><span class=\"modifh2\">L&#8217;actualit\u00e9 professionnelle :<\/span><\/p>\n<div id=\"contener_imgpro\">\n<div id=\"contenu_imgpro\"><a href=\"http:\/\/www.francethd.fr\/\" target=\"_blank\" rel=\"noopener\"><img decoding=\"async\" style=\"margin-bottom: 0\" title=\"La fibre optique arrive chez vous...\" src=\"https:\/\/ent2d.ac-bordeaux.fr\/disciplines\/systemesnumeriquesenlp\/wp-content\/uploads\/sites\/22\/2017\/03\/france-tres-haut-debit-125.jpg\" \/><\/a><\/div>\n<div id=\"contenu_imgpro\"><a href=\"https:\/\/www.olympiadesmetiers.fr\/les-olympiades\/candidats\/inscriptions-des-candidats\/\" target=\"_blank\" rel=\"noopener\"><img decoding=\"async\" style=\"margin-bottom: 0\" title=\"Participez aux Olympiades des M\u00e9tiers 2018 - Inscription jusqu'au 16 novembre 2017.\" src=\"https:\/\/ent2d.ac-bordeaux.fr\/disciplines\/systemesnumeriquesenlp\/wp-content\/uploads\/sites\/22\/2017\/09\/olympiades-2018-125x125.jpg\" \/><\/a><\/div>\n<div id=\"contenu_imgpro\"><a href=\"http:\/\/www.raspberrypi-france.fr\/raspberry-pi-zero-w\/\" target=\"_blank\" rel=\"noopener\"><img decoding=\"async\" style=\"margin-bottom: 0\" title=\"Le Raspberry pi z\u00e9ro W est arriv\u00e9...\" src=\"https:\/\/ent2d.ac-bordeaux.fr\/disciplines\/systemesnumeriquesenlp\/wp-content\/uploads\/sites\/22\/2017\/03\/raspberry-pi-125.jpg\" \/><\/a><\/div>\n<div id=\"contenu_imgpro\"><a href=\"http:\/\/www.devenirenseignant.gouv.fr\/cid105920\/sections-et-options-ouvertes-en-2017.html\" target=\"_blank\" rel=\"noopener\"><img decoding=\"async\" style=\"margin-bottom: 0\" title=\"R\u00e9ouverture du concours de Professeur de Lyc\u00e9e Professionnel en Electronique.\" src=\"https:\/\/ent2d.ac-bordeaux.fr\/disciplines\/systemesnumeriquesenlp\/wp-content\/uploads\/sites\/22\/2017\/09\/devenir-enseignant-125x125.jpg\" \/><\/a><\/div>\n<\/div>\n<p><span class=\"modifh2\">Le mot de l&#8217;inspecteur :<\/span><\/p>\n<p style=\"text-align: justify\"><img loading=\"lazy\" decoding=\"async\" style=\"float: left;padding-right: 20px;padding-bottom: 5px;margin-bottom: 0px\" src=\"https:\/\/ent2d.ac-bordeaux.fr\/disciplines\/systemesnumeriquesenlp\/wp-content\/uploads\/sites\/22\/2016\/11\/IEN.jpg\" alt=\"ien\" width=\"89\" height=\"120\" \/>La qualit\u00e9 de la professionnalisation des jeunes que nous formons dans nos \u00e9tablissements montre combien l\u2019enseignement dispens\u00e9 \u00e9volue au rythme des innovations technologiques.<\/p>\n<p style=\"text-align: justify\">Les champs de formation n\u00e9cessitent une mise \u00e0 jour r\u00e9guli\u00e8re des comp\u00e9tences techniques des \u00e9quipes p\u00e9dagogiques : apprendre aux jeunes \u00e0 intervenir sur les \u00e9quipements communicants, convergents, les pr\u00e9parer \u00e0 intervenir sur des syst\u00e8mes interconnect\u00e9s des secteurs du grand public, professionnels ou industriels. Ceci montre toute la richesse de cette formation.<\/p>\n<p style=\"text-align: justify\">L\u2019activit\u00e9 dans ce domaine est particuli\u00e8rement dynamique et n\u00e9cessite de l\u2019ambition pour nos \u00e9l\u00e8ves et pour les \u00e9quipes enseignantes. C\u2019est l\u2019objet de ce site que je souhaite ouvert aux \u00e9changes, aux partages et \u00e0 l\u2019innovation p\u00e9dagogique.<\/p>\n<p style=\"text-align: justify\">Dans un monde o\u00f9 la strat\u00e9gie num\u00e9rique devient un \u00e9l\u00e9ment incontournable aussi bien dans le d\u00e9veloppement de la \u00ab r\u00e9alit\u00e9 virtuelle immersive \u00bb que dans celle de la communication toujours plus rapide et instantan\u00e9e, il convient de disposer d\u2019un espace de synth\u00e8se des r\u00e9flexions pour accompagner les \u00e9quipes p\u00e9dagogiques et leurs \u00e9l\u00e8ves \u00e0 poursuivre leur entr\u00e9e dans l\u2019enseignement du XXI\u00e8me si\u00e8cle.<\/p>\n<p style=\"text-align: justify\">Je sais pouvoir compter sur votre engagement et la mobilisation de chacun des acteurs de la formation afin de guider les jeunes vers la r\u00e9ussite et l\u2019insertion professionnelle.<\/p>\n<p style=\"text-align: center\">Stephane GOY<\/p>\n<p style=\"text-align: center\">Inspecteur de l&#8217;\u00e9ducation nationale<\/p>\n\n\n<hr class=\"wp-block-separator has-alpha-channel-opacity\" \/>\n\n\n\n<hr class=\"wp-block-separator has-alpha-channel-opacity\" \/>\n","protected":false},"excerpt":{"rendered":"<p>L&#8217;actualit\u00e9 dans les lyc\u00e9es : L&#8217;actualit\u00e9 professionnelle : Le mot de l&#8217;inspecteur : La qualit\u00e9 de la professionnalisation des jeunes<\/p>\n","protected":false},"author":96,"featured_media":0,"parent":0,"menu_order":0,"comment_status":"closed","ping_status":"closed","template":"","meta":{"_bbp_topic_count":0,"_bbp_reply_count":0,"_bbp_total_topic_count":0,"_bbp_total_reply_count":0,"_bbp_voice_count":0,"_bbp_anonymous_reply_count":0,"_bbp_topic_count_hidden":0,"_bbp_reply_count_hidden":0,"_bbp_forum_subforum_count":0,"footnotes":""},"class_list":["post-769","page","type-page","status-publish","hentry"],"_links":{"self":[{"href":"https:\/\/ent2d.ac-bordeaux.fr\/disciplines\/systemesnumeriquesenlp\/wp-json\/wp\/v2\/pages\/769","targetHints":{"allow":["GET"]}}],"collection":[{"href":"https:\/\/ent2d.ac-bordeaux.fr\/disciplines\/systemesnumeriquesenlp\/wp-json\/wp\/v2\/pages"}],"about":[{"href":"https:\/\/ent2d.ac-bordeaux.fr\/disciplines\/systemesnumeriquesenlp\/wp-json\/wp\/v2\/types\/page"}],"author":[{"embeddable":true,"href":"https:\/\/ent2d.ac-bordeaux.fr\/disciplines\/systemesnumeriquesenlp\/wp-json\/wp\/v2\/users\/96"}],"replies":[{"embeddable":true,"href":"https:\/\/ent2d.ac-bordeaux.fr\/disciplines\/systemesnumeriquesenlp\/wp-json\/wp\/v2\/comments?post=769"}],"version-history":[{"count":86,"href":"https:\/\/ent2d.ac-bordeaux.fr\/disciplines\/systemesnumeriquesenlp\/wp-json\/wp\/v2\/pages\/769\/revisions"}],"predecessor-version":[{"id":1288,"href":"https:\/\/ent2d.ac-bordeaux.fr\/disciplines\/systemesnumeriquesenlp\/wp-json\/wp\/v2\/pages\/769\/revisions\/1288"}],"wp:attachment":[{"href":"https:\/\/ent2d.ac-bordeaux.fr\/disciplines\/systemesnumeriquesenlp\/wp-json\/wp\/v2\/media?parent=769"}],"curies":[{"name":"wp","href":"https:\/\/api.w.org\/{rel}","templated":true}]}}