{"id":68,"date":"2016-12-04T12:43:12","date_gmt":"2016-12-04T11:43:12","guid":{"rendered":"https:\/\/ent2d.ac-bordeaux.fr\/disciplines\/systemesnumeriquesenlp\/?page_id=68"},"modified":"2017-02-13T19:41:40","modified_gmt":"2017-02-13T18:41:40","slug":"presentation-bcp-sn","status":"publish","type":"page","link":"https:\/\/ent2d.ac-bordeaux.fr\/disciplines\/systemesnumeriquesenlp\/presentation-bcp-sn\/","title":{"rendered":"Pr\u00e9sentation du BAC Pro Syst\u00e8mes Num\u00e9riques"},"content":{"rendered":"<p><!-- Page de Pr\u00e9sentation du BCP SN --><\/p>\n<p>Le\/la titulaire du baccalaur\u00e9at professionnel <span style=\"font-weight: bold\">SYST\u00c8MES NUM\u00c9RIQUES<\/span> (SN) est un(e) technicien(ne) capable d\u2019intervenir sur les \u00e9quipements et les installations exploit\u00e9s et organis\u00e9s sous forme de <span style=\"font-weight: bold\">syst\u00e8mes interconnect\u00e9s, communicants et convergents, de technologie num\u00e9rique, des secteurs grands publics, professionnels et industriels<\/span>. Il\/elle intervient sur le r\u00e9seau d\u2019\u00e9nergie dans la limite de ses comp\u00e9tences et participe au service client en compl\u00e9mentarit\u00e9 des services commerciaux.<\/p>\n<p>Le baccalaur\u00e9at professionnel SN aborde, dans ses trois options, l\u2019ensemble des comp\u00e9tences professionnelles permettant au technicien d\u2019exercer les activit\u00e9s li\u00e9es \u00e0 la <span style=\"font-weight: bold\">pr\u00e9paration, l\u2019installation, la r\u00e9alisation, la mise en service et la maintenance pr\u00e9ventive, corrective et curative<\/span> (diagnostic, d\u00e9pannage et r\u00e9paration).<\/p>\n<p>Ce baccalaur\u00e9at professionnel comporte <span style=\"font-weight: bold\"><span style=\"text-decoration: underline\">trois options<\/span><\/span>:<\/p>\n<ul>\n<li class=\"puce1\">\n<span class=\"modifh6\"><span style=\"color: #ff6600\"><span style=\"font-weight: bold\">Option A<\/span><\/span><span style=\"color: #ff6600\"> : <span style=\"font-weight: bold\">S<\/span>\u00fbret\u00e9 et <span style=\"font-weight: bold\">S<\/span>\u00e9curit\u00e9 des <span style=\"font-weight: bold\">I<\/span>nfrastructures, de l\u2019<span style=\"font-weight: bold\">H<\/span>abitat et du <span style=\"font-weight: bold\">T<\/span>ertiaire (<span style=\"font-weight: bold\">SSIHT<\/span>)<\/span><a href=\"https:\/\/ent2d.ac-bordeaux.fr\/disciplines\/systemesnumeriquesenlp\/ssiht\/\" target=\"_self\"><img decoding=\"async\" style=\"float: right;margin-left: 1%;margin-bottom: 1%\" src=\"https:\/\/ent2d.ac-bordeaux.fr\/disciplines\/systemesnumeriquesenlp\/wp-content\/uploads\/sites\/22\/2017\/02\/en-savoir-plus-orange.jpg\" alt=\"\" \/><\/a><\/span><\/p>\n<ul>\n<li class=\"puce2\">Alarme, s\u00fbret\u00e9, s\u00e9curit\u00e9, incendie ;<\/li>\n<li class=\"puce2\">Gestion active des b\u00e2timents (GTB, GTC, b\u00e2timent intelligent) ;<\/li>\n<li class=\"puce2\">Domotique li\u00e9e \u00e0 la gestion technique de l\u2019habitat.<\/li>\n<\/ul>\n<\/li>\n<\/ul>\n<ul>\n<li class=\"puce1\">\n<span class=\"modifh6\"><span style=\"color: #339966\"><span style=\"font-weight: bold\">Option B<\/span> : <span style=\"font-weight: bold\">A<\/span>udiovisuels, <span style=\"font-weight: bold\">R<\/span>\u00e9seau et <span style=\"font-weight: bold\">E<\/span>quipements <span style=\"font-weight: bold\">D<\/span>omestiques (<span style=\"font-weight: bold\">ARED<\/span>)<\/span><a href=\"https:\/\/ent2d.ac-bordeaux.fr\/disciplines\/systemesnumeriquesenlp\/ared\/\" target=\"_self\"><img decoding=\"async\" style=\"float: right;margin-right: 1%;margin-bottom: 1%\" src=\"https:\/\/ent2d.ac-bordeaux.fr\/disciplines\/systemesnumeriquesenlp\/wp-content\/uploads\/sites\/22\/2017\/02\/en-savoir-plus-vert.jpg\" alt=\"\" \/><\/a><\/span><\/p>\n<ul>\n<li class=\"puce2\">Audiovisuel multim\u00e9dia ;<\/li>\n<li class=\"puce2\">Electrodomestique ;<\/li>\n<li class=\"puce2\">Domotique li\u00e9e au confort et \u00e0 la gestion des \u00e9nergies ;<\/li>\n<li class=\"puce2\">Eclairage et sonorisation.<\/li>\n<\/ul>\n<\/li>\n<\/ul>\n<ul>\n<li class=\"puce1\">\n<span class=\"modifh6\"><span style=\"color: #3366ff\"><span style=\"font-weight: bold\">Option C<\/span> : <span style=\"font-weight: bold\">R<\/span>\u00e9seaux <span style=\"font-weight: bold\">I<\/span>nformatiques et <span style=\"font-weight: bold\">S<\/span>yst\u00e8mes <span style=\"font-weight: bold\">C<\/span>ommunicants (<span style=\"font-weight: bold\">RISC<\/span>)<\/span><a href=\"https:\/\/ent2d.ac-bordeaux.fr\/disciplines\/systemesnumeriquesenlp\/risc\/\" target=\"_self\"><img decoding=\"async\" style=\"float: right;margin-right: 1%;margin-bottom: 1%\" src=\"https:\/\/ent2d.ac-bordeaux.fr\/disciplines\/systemesnumeriquesenlp\/wp-content\/uploads\/sites\/22\/2017\/02\/en-savoir-plus-bleu.jpg\" alt=\"\" \/><\/a><\/span><\/p>\n<ul>\n<li class=\"puce2\">T\u00e9l\u00e9communications et r\u00e9seaux ;<\/li>\n<li class=\"puce2\">Electronique industrielle et embarqu\u00e9e.<\/li>\n<\/ul>\n<\/li>\n<\/ul>\n<p><a href=\"https:\/\/ent2d.ac-bordeaux.fr\/disciplines\/systemesnumeriquesenlp\/annuaire-des-formations\/\" target=\"_self\"><img decoding=\"async\" style=\"float: left;margin-bottom: 5px;margin-right:10px\" src=\"https:\/\/ent2d.ac-bordeaux.fr\/disciplines\/systemesnumeriquesenlp\/wp-content\/uploads\/sites\/22\/2017\/02\/Fleches-formations-mini.png\" alt=\"\" title=\"O\u00f9 se former ?\"><\/a>Au moment de son inscription dans l\u2019\u00e9tablissement, l&#8217;\u00e9l\u00e8ve est inscrit dans une <span style=\"font-weight: bold\">seconde \u00e0 &#8220;tronc commun&#8221;<\/span> couvrant les champs professionnels des trois options ; le choix de l&#8217;option (SSIHT, ARED ou RISC) se fait \u00e0 l\u2019issue de la classe de seconde.<\/p>\n<p>Les comp\u00e9tences se rapportant au tronc commun seront \u00e9valu\u00e9es en <span style=\"font-weight: bold\">CCF continu\u00e9<\/span>\u00a0au travers de l\u2019\u00e9preuve du <span style=\"font-weight: bold\">dipl\u00f4me interm\u00e9diaire &#8211; BEP SN<\/span> (valid\u00e9es au cours de l\u2019ann\u00e9e de premi\u00e8re), celles se rapportant \u00e0 l\u2019option professionnelle sp\u00e9cifique seront \u00e9valu\u00e9es au travers des \u00e9preuves <span style=\"font-weight: bold\">(CCF, \u00e9preuves \u00e9crites et orales) du Baccalaur\u00e9at professionnel<\/span>.<\/p>\n<p>En seconde, la formation s\u2019organise donc autour de 3 activit\u00e9s principales :<\/p>\n<p style=\"text-align: center\"><img decoding=\"async\" src=\"https:\/\/ent2d.ac-bordeaux.fr\/disciplines\/systemesnumeriquesenlp\/wp-content\/uploads\/sites\/22\/2017\/02\/engrenages-min.png\"><\/p>\n<p>Le baccalaur\u00e9at SN avec ses trois options, d\u00e9veloppe des activit\u00e9s dans les secteurs suivants :<\/p>\n<ul>\n<li class=\"puce2\"><span style=\"font-weight: bold\">les infrastructures<\/span> : les r\u00e9seaux de capteurs intelligents (abris bus, \u00e9clairage public, etc.)<\/li>\n<li class=\"puce2\"><span style=\"font-weight: bold\">l\u2019habitat et les b\u00e2timents r\u00e9sidentiels<\/span> (\u00e9lectrodomestique, audiovisuel multim\u00e9dia, domotique)<\/li>\n<li class=\"puce2\"><span style=\"font-weight: bold\">les b\u00e2timents tertiaires et industriels<\/span> (t\u00e9l\u00e9communications, Immotique, r\u00e9seaux locaux industriels, etc.)<\/li>\n<li class=\"puce2\"><span style=\"font-weight: bold\">les syst\u00e8mes autonomes et embarqu\u00e9s<\/span>.<\/li>\n<\/ul>\n","protected":false},"excerpt":{"rendered":"<p>Le\/la titulaire du baccalaur\u00e9at professionnel SYST\u00c8MES NUM\u00c9RIQUES (SN) est un(e) technicien(ne) capable d\u2019intervenir sur les \u00e9quipements et les installations exploit\u00e9s<\/p>\n","protected":false},"author":96,"featured_media":0,"parent":0,"menu_order":0,"comment_status":"closed","ping_status":"closed","template":"","meta":{"_bbp_topic_count":0,"_bbp_reply_count":0,"_bbp_total_topic_count":0,"_bbp_total_reply_count":0,"_bbp_voice_count":0,"_bbp_anonymous_reply_count":0,"_bbp_topic_count_hidden":0,"_bbp_reply_count_hidden":0,"_bbp_forum_subforum_count":0,"footnotes":""},"class_list":["post-68","page","type-page","status-publish","hentry"],"_links":{"self":[{"href":"https:\/\/ent2d.ac-bordeaux.fr\/disciplines\/systemesnumeriquesenlp\/wp-json\/wp\/v2\/pages\/68","targetHints":{"allow":["GET"]}}],"collection":[{"href":"https:\/\/ent2d.ac-bordeaux.fr\/disciplines\/systemesnumeriquesenlp\/wp-json\/wp\/v2\/pages"}],"about":[{"href":"https:\/\/ent2d.ac-bordeaux.fr\/disciplines\/systemesnumeriquesenlp\/wp-json\/wp\/v2\/types\/page"}],"author":[{"embeddable":true,"href":"https:\/\/ent2d.ac-bordeaux.fr\/disciplines\/systemesnumeriquesenlp\/wp-json\/wp\/v2\/users\/96"}],"replies":[{"embeddable":true,"href":"https:\/\/ent2d.ac-bordeaux.fr\/disciplines\/systemesnumeriquesenlp\/wp-json\/wp\/v2\/comments?post=68"}],"version-history":[{"count":197,"href":"https:\/\/ent2d.ac-bordeaux.fr\/disciplines\/systemesnumeriquesenlp\/wp-json\/wp\/v2\/pages\/68\/revisions"}],"predecessor-version":[{"id":724,"href":"https:\/\/ent2d.ac-bordeaux.fr\/disciplines\/systemesnumeriquesenlp\/wp-json\/wp\/v2\/pages\/68\/revisions\/724"}],"wp:attachment":[{"href":"https:\/\/ent2d.ac-bordeaux.fr\/disciplines\/systemesnumeriquesenlp\/wp-json\/wp\/v2\/media?parent=68"}],"curies":[{"name":"wp","href":"https:\/\/api.w.org\/{rel}","templated":true}]}}