{"id":634,"date":"2017-02-12T17:43:45","date_gmt":"2017-02-12T16:43:45","guid":{"rendered":"https:\/\/ent2d.ac-bordeaux.fr\/disciplines\/systemesnumeriquesenlp\/?page_id=634"},"modified":"2017-02-13T10:03:34","modified_gmt":"2017-02-13T09:03:34","slug":"risc","status":"publish","type":"page","link":"https:\/\/ent2d.ac-bordeaux.fr\/disciplines\/systemesnumeriquesenlp\/risc\/","title":{"rendered":"Option C : RISC"},"content":{"rendered":"<p><img loading=\"lazy\" decoding=\"async\" src=\"https:\/\/ent2d.ac-bordeaux.fr\/disciplines\/systemesnumeriquesenlp\/wp-content\/uploads\/sites\/22\/2017\/02\/risc.png\" alt=\"\" width=\"1044\" height=\"644\" class=\"aligncenter size-full wp-image-625\" srcset=\"https:\/\/ent2d.ac-bordeaux.fr\/disciplines\/systemesnumeriquesenlp\/wp-content\/uploads\/sites\/22\/2017\/02\/risc.png 1044w, https:\/\/ent2d.ac-bordeaux.fr\/disciplines\/systemesnumeriquesenlp\/wp-content\/uploads\/sites\/22\/2017\/02\/risc-300x185.png 300w, https:\/\/ent2d.ac-bordeaux.fr\/disciplines\/systemesnumeriquesenlp\/wp-content\/uploads\/sites\/22\/2017\/02\/risc-768x474.png 768w, https:\/\/ent2d.ac-bordeaux.fr\/disciplines\/systemesnumeriquesenlp\/wp-content\/uploads\/sites\/22\/2017\/02\/risc-1024x632.png 1024w\" sizes=\"auto, (max-width: 1044px) 100vw, 1044px\" \/><\/p>\n<p>L\u2019option RISC regroupe l\u2019ensemble des ressources et moyens techniques permettant d\u2019<span style=\"font-weight: bold\">acqu\u00e9rir<\/span> puis de <span style=\"font-weight: bold\">transf\u00e9rer une information<\/span>, d\u2019<span style=\"font-weight: bold\">\u00e9tablir une communication<\/span> ou un <span style=\"font-weight: bold\">\u00e9change de donn\u00e9es<\/span> entre des \u00e9quipements, des interlocuteurs, des objets distants.<\/p>\n<p>Elle regroupe les <span style=\"font-weight: bold\">solutions technologiques<\/span> r\u00e9pondant \u00e0 des besoins sp\u00e9cifiques dans <span style=\"font-weight: bold\">diff\u00e9rents domaines d\u2019activit\u00e9s<\/span> tels que :<\/p>\n<ul>\n<li class=\"puce1\">\n<p><span style=\"font-weight: bold\">Les r\u00e9seaux intelligents<\/span> (smart city) : les syst\u00e8mes de communication dans les am\u00e9nagements routier, autoroutier, ferroviaire, des transports en commun, \u00e9clairage public communicant, signalisation, r\u00e9gulation\/gestion\/contr\u00f4le de trafic, qualit\u00e9 de l\u2019environnement&#8230;<\/p>\n<\/li>\n<li class=\"puce1\">\n<p><span style=\"font-weight: bold\">Les infrastructures tertiaires<\/span> : les syst\u00e8mes d\u2019information de gestion (r\u00e9seaux de communication Voix Donn\u00e9es Images).<\/p>\n<\/li>\n<li class=\"puce1\">\n<p><span style=\"font-weight: bold\">L\u2019industrie<\/span> : les r\u00e9seaux de communication pour l\u2019acquisition de donn\u00e9es, la gestion, le pilotage, la surveillance et la maintenance de processus automatis\u00e9s.<\/p>\n<\/li>\n<li class=\"puce1\">\n<p><span style=\"font-weight: bold\">Les syst\u00e8mes et objets mobiles, autonomes et embarqu\u00e9s<\/span> : les r\u00e9seaux de communication embarqu\u00e9s.<\/p>\n<\/li>\n<\/ul>\n<p><a href=\"https:\/\/ent2d.ac-bordeaux.fr\/disciplines\/systemesnumeriquesenlp\/presentation-BCP-SN\/\" target=\"_self\"><img decoding=\"async\" style=\"float: right;margin-right: 5%;margin-bottom: 5%\" src=\"https:\/\/ent2d.ac-bordeaux.fr\/disciplines\/systemesnumeriquesenlp\/wp-content\/uploads\/sites\/22\/2017\/02\/fleche-retour-bleue-50x60.jpg\" alt=\"\" \/><\/a><\/p>\n","protected":false},"excerpt":{"rendered":"<p>L\u2019option RISC regroupe l\u2019ensemble des ressources et moyens techniques permettant d\u2019acqu\u00e9rir puis de transf\u00e9rer une information, d\u2019\u00e9tablir une communication ou<\/p>\n","protected":false},"author":96,"featured_media":0,"parent":0,"menu_order":0,"comment_status":"closed","ping_status":"closed","template":"","meta":{"_bbp_topic_count":0,"_bbp_reply_count":0,"_bbp_total_topic_count":0,"_bbp_total_reply_count":0,"_bbp_voice_count":0,"_bbp_anonymous_reply_count":0,"_bbp_topic_count_hidden":0,"_bbp_reply_count_hidden":0,"_bbp_forum_subforum_count":0,"footnotes":""},"class_list":["post-634","page","type-page","status-publish","hentry"],"_links":{"self":[{"href":"https:\/\/ent2d.ac-bordeaux.fr\/disciplines\/systemesnumeriquesenlp\/wp-json\/wp\/v2\/pages\/634","targetHints":{"allow":["GET"]}}],"collection":[{"href":"https:\/\/ent2d.ac-bordeaux.fr\/disciplines\/systemesnumeriquesenlp\/wp-json\/wp\/v2\/pages"}],"about":[{"href":"https:\/\/ent2d.ac-bordeaux.fr\/disciplines\/systemesnumeriquesenlp\/wp-json\/wp\/v2\/types\/page"}],"author":[{"embeddable":true,"href":"https:\/\/ent2d.ac-bordeaux.fr\/disciplines\/systemesnumeriquesenlp\/wp-json\/wp\/v2\/users\/96"}],"replies":[{"embeddable":true,"href":"https:\/\/ent2d.ac-bordeaux.fr\/disciplines\/systemesnumeriquesenlp\/wp-json\/wp\/v2\/comments?post=634"}],"version-history":[{"count":16,"href":"https:\/\/ent2d.ac-bordeaux.fr\/disciplines\/systemesnumeriquesenlp\/wp-json\/wp\/v2\/pages\/634\/revisions"}],"predecessor-version":[{"id":698,"href":"https:\/\/ent2d.ac-bordeaux.fr\/disciplines\/systemesnumeriquesenlp\/wp-json\/wp\/v2\/pages\/634\/revisions\/698"}],"wp:attachment":[{"href":"https:\/\/ent2d.ac-bordeaux.fr\/disciplines\/systemesnumeriquesenlp\/wp-json\/wp\/v2\/media?parent=634"}],"curies":[{"name":"wp","href":"https:\/\/api.w.org\/{rel}","templated":true}]}}