{"id":631,"date":"2017-02-12T17:43:28","date_gmt":"2017-02-12T16:43:28","guid":{"rendered":"https:\/\/ent2d.ac-bordeaux.fr\/disciplines\/systemesnumeriquesenlp\/?page_id=631"},"modified":"2017-02-13T10:03:09","modified_gmt":"2017-02-13T09:03:09","slug":"ared","status":"publish","type":"page","link":"https:\/\/ent2d.ac-bordeaux.fr\/disciplines\/systemesnumeriquesenlp\/ared\/","title":{"rendered":"Option B : ARED"},"content":{"rendered":"<p><img loading=\"lazy\" decoding=\"async\" src=\"https:\/\/ent2d.ac-bordeaux.fr\/disciplines\/systemesnumeriquesenlp\/wp-content\/uploads\/sites\/22\/2017\/02\/ared.png\" alt=\"\" width=\"1044\" height=\"644\" class=\"aligncenter size-full wp-image-627\" srcset=\"https:\/\/ent2d.ac-bordeaux.fr\/disciplines\/systemesnumeriquesenlp\/wp-content\/uploads\/sites\/22\/2017\/02\/ared.png 1044w, https:\/\/ent2d.ac-bordeaux.fr\/disciplines\/systemesnumeriquesenlp\/wp-content\/uploads\/sites\/22\/2017\/02\/ared-300x185.png 300w, https:\/\/ent2d.ac-bordeaux.fr\/disciplines\/systemesnumeriquesenlp\/wp-content\/uploads\/sites\/22\/2017\/02\/ared-768x474.png 768w, https:\/\/ent2d.ac-bordeaux.fr\/disciplines\/systemesnumeriquesenlp\/wp-content\/uploads\/sites\/22\/2017\/02\/ared-1024x632.png 1024w\" sizes=\"auto, (max-width: 1044px) 100vw, 1044px\" \/><\/p>\n<p>Un \u00ab <span style=\"font-weight: bold\">habitat intelligent<\/span> \u00bb : le terme d\u2019intelligence appara\u00eet de plus en plus dans le vocabulaire quotidien de nos m\u00e9tiers. Pour l\u2019option \u00ab ARED \u00bb la <span style=\"font-weight: bold\">smart home, maison intelligente ou encore maison connect\u00e9e<\/span> en est l\u2019embl\u00e8me.<\/p>\n<p>Cette intelligence, port\u00e9e par les solutions techniques mais aussi par les usages, s\u2019adosse \u00e0 des notions aussi vari\u00e9es que la <span style=\"font-weight: bold\">qualit\u00e9 environnementale, le monde du num\u00e9rique et le confort<\/span>.<\/p>\n<p>L\u2019objet m\u00eame de cette option du baccalaur\u00e9at \u00ab Syst\u00e8mes Num\u00e9riques \u00bb sera de faire \u00e9merger cette intelligence autour des syst\u00e8mes <span style=\"font-weight: bold\">audiovisuels, des r\u00e9seaux informatique et internet et des \u00e9quipements domestiques<\/span>.<\/p>\n<p>L\u2019interconnexion devient le coeur de toutes les pr\u00e9occupations. Nous sommes aux portes de l\u2019<span style=\"font-weight: bold\">internet des objets (IOT : Internet Of Things)<\/span> et notre maison est d\u2019ores et d\u00e9j\u00e0 connect\u00e9e \u00e0 l\u2019internet des m\u00e9dias.<\/p>\n<p>Un \u00ab habitat intelligent \u00bb c\u2019est aussi un \u00ab habitat communicant et connect\u00e9 au monde \u00bb.<\/p>\n<p><a href=\"https:\/\/ent2d.ac-bordeaux.fr\/disciplines\/systemesnumeriquesenlp\/presentation-BCP-SN\/\" target=\"_self\"><img decoding=\"async\" style=\"float: right;margin-right: 5%;margin-bottom: 5%\" src=\"https:\/\/ent2d.ac-bordeaux.fr\/disciplines\/systemesnumeriquesenlp\/wp-content\/uploads\/sites\/22\/2017\/02\/fleche-retour-verte-50x60.jpg\" alt=\"\" \/><\/a><\/p>\n","protected":false},"excerpt":{"rendered":"<p>Un \u00ab habitat intelligent \u00bb : le terme d\u2019intelligence appara\u00eet de plus en plus dans le vocabulaire quotidien de nos<\/p>\n","protected":false},"author":96,"featured_media":0,"parent":0,"menu_order":0,"comment_status":"closed","ping_status":"closed","template":"","meta":{"_bbp_topic_count":0,"_bbp_reply_count":0,"_bbp_total_topic_count":0,"_bbp_total_reply_count":0,"_bbp_voice_count":0,"_bbp_anonymous_reply_count":0,"_bbp_topic_count_hidden":0,"_bbp_reply_count_hidden":0,"_bbp_forum_subforum_count":0,"footnotes":""},"class_list":["post-631","page","type-page","status-publish","hentry"],"_links":{"self":[{"href":"https:\/\/ent2d.ac-bordeaux.fr\/disciplines\/systemesnumeriquesenlp\/wp-json\/wp\/v2\/pages\/631","targetHints":{"allow":["GET"]}}],"collection":[{"href":"https:\/\/ent2d.ac-bordeaux.fr\/disciplines\/systemesnumeriquesenlp\/wp-json\/wp\/v2\/pages"}],"about":[{"href":"https:\/\/ent2d.ac-bordeaux.fr\/disciplines\/systemesnumeriquesenlp\/wp-json\/wp\/v2\/types\/page"}],"author":[{"embeddable":true,"href":"https:\/\/ent2d.ac-bordeaux.fr\/disciplines\/systemesnumeriquesenlp\/wp-json\/wp\/v2\/users\/96"}],"replies":[{"embeddable":true,"href":"https:\/\/ent2d.ac-bordeaux.fr\/disciplines\/systemesnumeriquesenlp\/wp-json\/wp\/v2\/comments?post=631"}],"version-history":[{"count":9,"href":"https:\/\/ent2d.ac-bordeaux.fr\/disciplines\/systemesnumeriquesenlp\/wp-json\/wp\/v2\/pages\/631\/revisions"}],"predecessor-version":[{"id":697,"href":"https:\/\/ent2d.ac-bordeaux.fr\/disciplines\/systemesnumeriquesenlp\/wp-json\/wp\/v2\/pages\/631\/revisions\/697"}],"wp:attachment":[{"href":"https:\/\/ent2d.ac-bordeaux.fr\/disciplines\/systemesnumeriquesenlp\/wp-json\/wp\/v2\/media?parent=631"}],"curies":[{"name":"wp","href":"https:\/\/api.w.org\/{rel}","templated":true}]}}