{"id":628,"date":"2017-02-12T17:42:56","date_gmt":"2017-02-12T16:42:56","guid":{"rendered":"https:\/\/ent2d.ac-bordeaux.fr\/disciplines\/systemesnumeriquesenlp\/?page_id=628"},"modified":"2017-02-13T19:14:26","modified_gmt":"2017-02-13T18:14:26","slug":"ssiht","status":"publish","type":"page","link":"https:\/\/ent2d.ac-bordeaux.fr\/disciplines\/systemesnumeriquesenlp\/ssiht\/","title":{"rendered":"Option A : SSIHT"},"content":{"rendered":"<p><img loading=\"lazy\" decoding=\"async\" src=\"https:\/\/ent2d.ac-bordeaux.fr\/disciplines\/systemesnumeriquesenlp\/wp-content\/uploads\/sites\/22\/2017\/02\/ssiht.png\" alt=\"\" width=\"1044\" height=\"645\" class=\"aligncenter size-full wp-image-626\" srcset=\"https:\/\/ent2d.ac-bordeaux.fr\/disciplines\/systemesnumeriquesenlp\/wp-content\/uploads\/sites\/22\/2017\/02\/ssiht.png 1044w, https:\/\/ent2d.ac-bordeaux.fr\/disciplines\/systemesnumeriquesenlp\/wp-content\/uploads\/sites\/22\/2017\/02\/ssiht-300x185.png 300w, https:\/\/ent2d.ac-bordeaux.fr\/disciplines\/systemesnumeriquesenlp\/wp-content\/uploads\/sites\/22\/2017\/02\/ssiht-768x474.png 768w, https:\/\/ent2d.ac-bordeaux.fr\/disciplines\/systemesnumeriquesenlp\/wp-content\/uploads\/sites\/22\/2017\/02\/ssiht-1024x633.png 1024w\" sizes=\"auto, (max-width: 1044px) 100vw, 1044px\" \/><\/p>\n<p>Cette option du BAC pro \u00ab Syst\u00e8mes Num\u00e9riques \u00bb pr\u00e9pare les candidats \u00e0 <span style=\"font-weight: bold\">tous types d\u2019interventions<\/span> (installation, param\u00e9trage, mise en service, maintenances, etc.) sur les syst\u00e8mes et installations permettant la <span style=\"font-weight: bold\">suret\u00e9 et la s\u00e9curit\u00e9 des biens, des personnes, des locaux, des espaces et des infrastructures<\/span>.<\/p>\n<p>Les <span style=\"font-weight: bold\">flux d\u2019informations<\/span>, depuis et vers l&#8217;ext\u00e9rieur, concernent notamment :<\/p>\n<ul>\n<li class=\"puce1\">\n<p><span style=\"font-weight: bold\">la signalisation d\u2019\u00e9v\u00e8nements<\/span> vers des prestataires de services des domaines de la suret\u00e9 et de la s\u00e9curit\u00e9 publique (police, gendarmerie, pompiers) et priv\u00e9 (soci\u00e9t\u00e9 de t\u00e9l\u00e9surveillance),<\/p>\n<\/li>\n<li class=\"puce1\">\n<p><span style=\"font-weight: bold\">les flux vid\u00e9os<\/span> (s\u00e9curit\u00e9 des personnes, secours des personnes, pr\u00e9vention incendie et accidents, pr\u00e9vention atteinte aux biens, protection des b\u00e2timents publics, surveillance des chantiers, des grands espaces, r\u00e9gulation des flux de transports, lutte contre la d\u00e9marque inconnue, pr\u00e9vention des actes terroristes, de trafic, de fraude, constats d\u2019infractions aux r\u00e8gles de la circulation,<\/p>\n<\/li>\n<li class=\"puce1\">\n<p><span style=\"font-weight: bold\">la lev\u00e9e de doutes<\/span>,\n<\/p>\n<\/li>\n<li class=\"puce1\">\n<p><span style=\"font-weight: bold\">l&#8217;appel vers les familles ou voisins<\/span>,<\/p>\n<\/li>\n<p><a href=\"https:\/\/ent2d.ac-bordeaux.fr\/disciplines\/systemesnumeriquesenlp\/presentation-BCP-SN\/\" target=\"_self\"><img decoding=\"async\" style=\"float: right;margin-right: 5%;margin-bottom: 5%\" src=\"https:\/\/ent2d.ac-bordeaux.fr\/disciplines\/systemesnumeriquesenlp\/wp-content\/uploads\/sites\/22\/2017\/02\/fleche-retour-orange-50x60.jpg\" alt=\"\" \/><\/a><\/p>\n","protected":false},"excerpt":{"rendered":"<p>Cette option du BAC pro \u00ab Syst\u00e8mes Num\u00e9riques \u00bb pr\u00e9pare les candidats \u00e0 tous types d\u2019interventions (installation, param\u00e9trage, mise en<\/p>\n","protected":false},"author":96,"featured_media":0,"parent":0,"menu_order":0,"comment_status":"closed","ping_status":"closed","template":"","meta":{"_bbp_topic_count":0,"_bbp_reply_count":0,"_bbp_total_topic_count":0,"_bbp_total_reply_count":0,"_bbp_voice_count":0,"_bbp_anonymous_reply_count":0,"_bbp_topic_count_hidden":0,"_bbp_reply_count_hidden":0,"_bbp_forum_subforum_count":0,"footnotes":""},"class_list":["post-628","page","type-page","status-publish","hentry"],"_links":{"self":[{"href":"https:\/\/ent2d.ac-bordeaux.fr\/disciplines\/systemesnumeriquesenlp\/wp-json\/wp\/v2\/pages\/628","targetHints":{"allow":["GET"]}}],"collection":[{"href":"https:\/\/ent2d.ac-bordeaux.fr\/disciplines\/systemesnumeriquesenlp\/wp-json\/wp\/v2\/pages"}],"about":[{"href":"https:\/\/ent2d.ac-bordeaux.fr\/disciplines\/systemesnumeriquesenlp\/wp-json\/wp\/v2\/types\/page"}],"author":[{"embeddable":true,"href":"https:\/\/ent2d.ac-bordeaux.fr\/disciplines\/systemesnumeriquesenlp\/wp-json\/wp\/v2\/users\/96"}],"replies":[{"embeddable":true,"href":"https:\/\/ent2d.ac-bordeaux.fr\/disciplines\/systemesnumeriquesenlp\/wp-json\/wp\/v2\/comments?post=628"}],"version-history":[{"count":17,"href":"https:\/\/ent2d.ac-bordeaux.fr\/disciplines\/systemesnumeriquesenlp\/wp-json\/wp\/v2\/pages\/628\/revisions"}],"predecessor-version":[{"id":715,"href":"https:\/\/ent2d.ac-bordeaux.fr\/disciplines\/systemesnumeriquesenlp\/wp-json\/wp\/v2\/pages\/628\/revisions\/715"}],"wp:attachment":[{"href":"https:\/\/ent2d.ac-bordeaux.fr\/disciplines\/systemesnumeriquesenlp\/wp-json\/wp\/v2\/media?parent=628"}],"curies":[{"name":"wp","href":"https:\/\/api.w.org\/{rel}","templated":true}]}}