{"id":429,"date":"2017-01-18T16:28:58","date_gmt":"2017-01-18T15:28:58","guid":{"rendered":"https:\/\/ent2d.ac-bordeaux.fr\/disciplines\/systemesnumeriquesenlp\/?page_id=429"},"modified":"2017-05-16T19:45:20","modified_gmt":"2017-05-16T17:45:20","slug":"partie-reservee","status":"publish","type":"page","link":"https:\/\/ent2d.ac-bordeaux.fr\/disciplines\/systemesnumeriquesenlp\/partie-reservee\/","title":{"rendered":"Partie r\u00e9serv\u00e9e"},"content":{"rendered":"<p>&nbsp;<\/p>\n<h6 style=\"text-align: center\"><a href=\"https:\/\/ent2d.ac-bordeaux.fr\/disciplines\/systemesnumeriquesenlp\/pages-reservees\/\"><img loading=\"lazy\" decoding=\"async\" src=\"https:\/\/ent2d.ac-bordeaux.fr\/disciplines\/systemesnumeriquesenlp\/wp-content\/uploads\/sites\/22\/2017\/01\/coffre-fort-min.jpg\" title=\"Acc\u00e8s aux pages r\u00e9serv\u00e9es\" width=\"113\" height=\"150\" border=\"none\"><\/a><\/h6>\n<p style=\"text-align: center\">L&#8217;acc\u00e8s \u00e0 ces pages est r\u00e9serv\u00e9 aux personnels de l\u2019acad\u00e9mie de bordeaux.<\/p>\n<p style=\"text-align: center\">Pour tout probl\u00e8me d&#8217;acc\u00e8s, merci de contacter l\u2019administrateur de ce site :<\/p>\n<p style=\"text-align: center\"><a href=\"mailto:thierry.clamens@ac-bordeaux.fr\">Cliquez ici pour contacter l&#8217;administrateur<\/a><\/p>\n<p><\/br><\/p>\n<p style=\"float:left\"><a href=\"https:\/\/ent2d.ac-bordeaux.fr\/disciplines\/systemesnumeriquesenlp\/wp-content\/uploads\/sites\/22\/2017\/02\/Comment-acceder-aux-pages-reservees.pdf\" target=\"_blank\"><img decoding=\"async\" src=\"https:\/\/ent2d.ac-bordeaux.fr\/disciplines\/systemesnumeriquesenlp\/wp-content\/uploads\/sites\/22\/2017\/01\/logo-pdf-45x45.png\" alt=\"\"><\/a><\/p>\n<p style=\"float:right\"><a href=\"https:\/\/ent2d.ac-bordeaux.fr\/disciplines\/systemesnumeriquesenlp\/reserved-hors-5100\/\" target=\"_self\"><img decoding=\"async\" src=\"https:\/\/ent2d.ac-bordeaux.fr\/disciplines\/systemesnumeriquesenlp\/wp-content\/uploads\/sites\/22\/2017\/05\/logo-password-45x45.jpg\" alt=\"\"><\/a><\/p>\n<p style=\"line-height:45px\">&nbsp;Proc\u00e9dure d&#8217;acc\u00e8s aux pages r\u00e9serv\u00e9es <span style=\"float: right;text-align: right\">Acc\u00e8s par mot de passe.&nbsp;<\/span><\/p>\n","protected":false},"excerpt":{"rendered":"<p>&nbsp; L&#8217;acc\u00e8s \u00e0 ces pages est r\u00e9serv\u00e9 aux personnels de l\u2019acad\u00e9mie de bordeaux. Pour tout probl\u00e8me d&#8217;acc\u00e8s, merci de contacter<\/p>\n","protected":false},"author":96,"featured_media":0,"parent":0,"menu_order":0,"comment_status":"closed","ping_status":"closed","template":"","meta":{"_bbp_topic_count":0,"_bbp_reply_count":0,"_bbp_total_topic_count":0,"_bbp_total_reply_count":0,"_bbp_voice_count":0,"_bbp_anonymous_reply_count":0,"_bbp_topic_count_hidden":0,"_bbp_reply_count_hidden":0,"_bbp_forum_subforum_count":0,"footnotes":""},"class_list":["post-429","page","type-page","status-publish","hentry"],"_links":{"self":[{"href":"https:\/\/ent2d.ac-bordeaux.fr\/disciplines\/systemesnumeriquesenlp\/wp-json\/wp\/v2\/pages\/429","targetHints":{"allow":["GET"]}}],"collection":[{"href":"https:\/\/ent2d.ac-bordeaux.fr\/disciplines\/systemesnumeriquesenlp\/wp-json\/wp\/v2\/pages"}],"about":[{"href":"https:\/\/ent2d.ac-bordeaux.fr\/disciplines\/systemesnumeriquesenlp\/wp-json\/wp\/v2\/types\/page"}],"author":[{"embeddable":true,"href":"https:\/\/ent2d.ac-bordeaux.fr\/disciplines\/systemesnumeriquesenlp\/wp-json\/wp\/v2\/users\/96"}],"replies":[{"embeddable":true,"href":"https:\/\/ent2d.ac-bordeaux.fr\/disciplines\/systemesnumeriquesenlp\/wp-json\/wp\/v2\/comments?post=429"}],"version-history":[{"count":48,"href":"https:\/\/ent2d.ac-bordeaux.fr\/disciplines\/systemesnumeriquesenlp\/wp-json\/wp\/v2\/pages\/429\/revisions"}],"predecessor-version":[{"id":1074,"href":"https:\/\/ent2d.ac-bordeaux.fr\/disciplines\/systemesnumeriquesenlp\/wp-json\/wp\/v2\/pages\/429\/revisions\/1074"}],"wp:attachment":[{"href":"https:\/\/ent2d.ac-bordeaux.fr\/disciplines\/systemesnumeriquesenlp\/wp-json\/wp\/v2\/media?parent=429"}],"curies":[{"name":"wp","href":"https:\/\/api.w.org\/{rel}","templated":true}]}}