{"id":253,"date":"2017-01-08T16:30:54","date_gmt":"2017-01-08T15:30:54","guid":{"rendered":"https:\/\/ent2d.ac-bordeaux.fr\/disciplines\/systemesnumeriquesenlp\/?page_id=253"},"modified":"2017-02-11T19:23:07","modified_gmt":"2017-02-11T18:23:07","slug":"sites-disciplinaires","status":"publish","type":"page","link":"https:\/\/ent2d.ac-bordeaux.fr\/disciplines\/systemesnumeriquesenlp\/quelques-sites-a-visiter\/sites-disciplinaires\/","title":{"rendered":"Les sites de Professionnels de la Fili\u00e8re"},"content":{"rendered":"<p>   <!-- Les liens vers les sites des Professionnels de la Fili\u00e8re --><\/p>\n<table id=\"tableliens\" style=\"text-align: left;margin-left: auto;margin-right: auto\" border=\"0\" cellpadding=\"1\" cellspacing=\"0\">\n<tbody>\n<tr>\n<td class=\"border\" style=\"width: 150px;height: 120px\"><a href=\"http:\/\/www.cisco.com\/\" target=\"_blank\"><img decoding=\"async\" src=\"https:\/\/ent2d.ac-bordeaux.fr\/disciplines\/systemesnumeriquesenlp\/wp-content\/uploads\/sites\/22\/2017\/01\/Logo-CISCO-150x120.gif\" alt=\"\"><\/a><\/td>\n<td class=\"noborder\" style=\"width: 25px;height: 120px\">\n          <\/td>\n<td class=\"border\" style=\"width: 150px;height: 120px\"><a href=\"http:\/\/www.dlink.com\/fr\/fr\" target=\"_blank\"><img decoding=\"async\" src=\"https:\/\/ent2d.ac-bordeaux.fr\/disciplines\/systemesnumeriquesenlp\/wp-content\/uploads\/sites\/22\/2017\/01\/Logo-DLINK-150x120.jpg\" alt=\"\"><\/a><\/td>\n<td class=\"noborder\" style=\"width: 25px;height: 120px\">\n          <\/td>\n<td class=\"border\" style=\"width: 150px;height: 120px\"><a href=\"http:\/\/www.cxr.com\/\" target=\"_blank\"><img decoding=\"async\" src=\"https:\/\/ent2d.ac-bordeaux.fr\/disciplines\/systemesnumeriquesenlp\/wp-content\/uploads\/sites\/22\/2017\/01\/Logo-CXR-150x120.png\" alt=\"\"><\/a><\/td>\n<td class=\"noborder\" style=\"width: 25px;height: 120px\">\n          <\/td>\n<td class=\"border\" style=\"width: 150px;height: 120px\"><a href=\"http:\/\/www.adept-telecom.fr\/fr\/index.html\" target=\"_blank\"><img decoding=\"async\" src=\"https:\/\/ent2d.ac-bordeaux.fr\/disciplines\/systemesnumeriquesenlp\/wp-content\/uploads\/sites\/22\/2017\/01\/Logo-ADEPT-150x120.png\" alt=\"\"><\/a><\/td>\n<\/tr>\n<tr>\n<td class=\"back\" style=\"width: 150px;height: 50px;font-size: 85%\"><a class=\"modif1\" href=\"http:\/\/www.cisco.com\/\" target=\"_blank\">CISCO<\/a><\/td>\n<td class=\"noborder\" style=\"width: 25px;height: 50px\">\n          <\/td>\n<td class=\"back\" style=\"width: 150px;height: 50px;font-size: 85%\"><a class=\"modif1\" href=\"http:\/\/www.dlink.com\/fr\/fr\" target=\"_blank\">D-Link<\/a><\/td>\n<td class=\"noborder\" style=\"width: 25px;height: 50px\">\n          <\/td>\n<td class=\"back\" style=\"width: 150px;height: 50px;font-size: 85%\"><a class=\"modif1\" href=\"http:\/\/www.cxr.com\/\" target=\"_blank\">CXR<\/a><\/td>\n<td class=\"noborder\" style=\"width: 25px;height: 50px\">\n          <\/td>\n<td class=\"back\" style=\"width: 150px;height: 50px;font-size: 85%\"><a class=\"modif1\" href=\"http:\/\/www.adept-telecom.fr\/fr\/index.html\" target=\"_blank\">Adept Telecom<\/a><\/td>\n<\/tr>\n<tr>\n<td class=\"noborder\" style=\"width: 150px;height: 20px\">\n          <\/td>\n<td class=\"noborder\" style=\"width: 25px;height: 20px\">\n          <\/td>\n<td class=\"noborder\" style=\"width: 150px;height: 20px\">\n          <\/td>\n<td class=\"noborder\" style=\"width: 25px;height: 20px\">\n          <\/td>\n<td class=\"noborder\" style=\"width: 150px;height: 20px\">\n          <\/td>\n<\/tr>\n<tr>\n<td class=\"border\" style=\"width: 150px;height: 120px\"><a href=\"http:\/\/www.sefram.com\/\" target=\"_blank\"><img decoding=\"async\" src=\"https:\/\/ent2d.ac-bordeaux.fr\/disciplines\/systemesnumeriquesenlp\/wp-content\/uploads\/sites\/22\/2017\/02\/Logo-Sefram-150x120.png\" alt=\"\" \/><\/a><\/td>\n<td class=\"noborder\" style=\"width: 25px;height: 120px\"><\/td>\n<td class=\"border\" style=\"width: 150px;height: 120px\"><a href=\"http:\/\/www.exxotest.com\/FR\/accueil.html\" target=\"_blank\"><img decoding=\"async\" src=\"https:\/\/ent2d.ac-bordeaux.fr\/disciplines\/systemesnumeriquesenlp\/wp-content\/uploads\/sites\/22\/2017\/02\/Logo-Exxotest-150x120.png\" alt=\"\" \/><\/a><\/td>\n<td class=\"noborder\" style=\"width: 25px;height: 120px\"><\/td>\n<td class=\"border\" style=\"width: 150px;height: 120px\"><a href=\"https:\/\/www.distrame.fr\/fr\/\" target=\"_blank\"><img decoding=\"async\" src=\"https:\/\/ent2d.ac-bordeaux.fr\/disciplines\/systemesnumeriquesenlp\/wp-content\/uploads\/sites\/22\/2017\/02\/Logo-Distrame-150x120.png\" alt=\"\" \/><\/a><\/td>\n<td class=\"noborder\" style=\"width: 25px;height: 120px\"><\/td>\n<td class=\"border\" style=\"width: 150px;height: 120px\"><a href=\"http:\/\/www.chauvin-arnoux.com\/fr\" target=\"_blank\"><img decoding=\"async\" src=\"https:\/\/ent2d.ac-bordeaux.fr\/disciplines\/systemesnumeriquesenlp\/wp-content\/uploads\/sites\/22\/2017\/02\/Logo-Chauvin-Arnoux-150x120.png\" alt=\"\" \/><\/a><\/td>\n<\/tr>\n<tr>\n<td class=\"back\" style=\"width: 150px;height: 50px;font-size: 85%\"><a class=\"modif1\" href=\"http:\/\/www.sefram.com\/\" target=\"_blank\">SEFRAM<\/a><\/td>\n<td class=\"noborder\" style=\"width: 25px;height: 50px\"><\/td>\n<td class=\"back\" style=\"width: 150px;height: 50px;font-size: 85%\"><a class=\"modif1\" href=\"http:\/\/www.exxotest.com\/FR\/accueil.html\" target=\"_blank\">EXXOTEST<\/a><\/td>\n<td class=\"noborder\" style=\"width: 25px;height: 50px\"><\/td>\n<td class=\"back\" style=\"width: 150px;height: 50px;font-size: 85%\"><a class=\"modif1\" href=\"https:\/\/www.distrame.fr\/fr\/\" target=\"_blank\">Distrame<\/a><\/td>\n<td class=\"noborder\" style=\"width: 25px;height: 50px\"><\/td>\n<td class=\"back\" style=\"width: 150px;height: 50px;font-size: 85%\"><a class=\"modif1\" href=\"http:\/\/www.chauvin-arnoux.com\/fr\" target=\"_blank\">Chauvin Arnoux &#8211; Metrix<\/a><\/td>\n<\/tr>\n<tr>\n<td class=\"noborder\" style=\"width: 150px;height: 20px\"><\/td>\n<td class=\"noborder\" style=\"width: 25px;height: 20px\"><\/td>\n<td class=\"noborder\" style=\"width: 150px;height: 20px\"><\/td>\n<td class=\"noborder\" style=\"width: 25px;height: 20px\"><\/td>\n<td class=\"noborder\" style=\"width: 150px;height: 20px\"><\/td>\n<\/tr>\n<tr>\n<td class=\"border\" style=\"width: 150px;height: 120px\"><a href=\"http:\/\/www.crea-technologie.com\/\" target=\"_blank\"><img decoding=\"async\" src=\"https:\/\/ent2d.ac-bordeaux.fr\/disciplines\/systemesnumeriquesenlp\/wp-content\/uploads\/sites\/22\/2017\/02\/Logo-CREA-150x120.png\" alt=\"\" \/><\/a><\/td>\n<td class=\"noborder\" style=\"width: 25px;height: 120px\"><\/td>\n<td class=\"border\" style=\"width: 150px;height: 120px\"><a href=\"http:\/\/cif.fr\/fr\/\" target=\"_blank\"><img decoding=\"async\" src=\"https:\/\/ent2d.ac-bordeaux.fr\/disciplines\/systemesnumeriquesenlp\/wp-content\/uploads\/sites\/22\/2017\/02\/Logo-Cif-150x120.jpg\" alt=\"\" \/><\/a><\/td>\n<td class=\"noborder\" style=\"width: 25px;height: 120px\"><\/td>\n<td class=\"border\" style=\"width: 150px;height: 120px\"><a href=\"http:\/\/www.dmseducation.eu\/\" target=\"_blank\"><img decoding=\"async\" src=\"https:\/\/ent2d.ac-bordeaux.fr\/disciplines\/systemesnumeriquesenlp\/wp-content\/uploads\/sites\/22\/2017\/02\/Logo-DMS-150x120.png\" alt=\"\" \/><\/a><\/td>\n<td class=\"noborder\" style=\"width: 25px;height: 120px\"><\/td>\n<td class=\"border\" style=\"width: 150px;height: 120px\"><a href=\"http:\/\/www.setdidact.com\/\" target=\"_blank\"><img decoding=\"async\" src=\"https:\/\/ent2d.ac-bordeaux.fr\/disciplines\/systemesnumeriquesenlp\/wp-content\/uploads\/sites\/22\/2017\/02\/Logo-SET-150x120.png\" alt=\"\" \/><\/a><\/td>\n<\/tr>\n<tr>\n<td class=\"back\" style=\"width: 150px;height: 50px;font-size: 85%\"><a class=\"modif1\" href=\"http:\/\/www.crea-technologie.com\/\" target=\"_blank\">CREA Technologie<\/a><\/td>\n<td class=\"noborder\" style=\"width: 25px;height: 50px\"><\/td>\n<td class=\"back\" style=\"width: 150px;height: 50px;font-size: 85%\"><a class=\"modif1\" href=\"http:\/\/cif.fr\/fr\/\" target=\"_blank\">C.i.f<\/a><\/td>\n<td class=\"noborder\" style=\"width: 25px;height: 50px\"><\/td>\n<td class=\"back\" style=\"width: 150px;height: 50px;font-size: 85%\"><a class=\"modif1\" href=\"http:\/\/www.dmseducation.eu\/\" target=\"_blank\">DMS \u00e9ducation<\/a><\/td>\n<td class=\"noborder\" style=\"width: 25px;height: 50px\"><\/td>\n<td class=\"back\" style=\"width: 150px;height: 50px;font-size: 85%\"><a class=\"modif1\" href=\"http:\/\/www.setdidact.com\/\" target=\"_blank\">Syst\u00e8me \u00e9tude technique<\/a><\/td>\n<\/tr>\n<tr>\n<td class=\"noborder\" style=\"width: 150px;height: 20px\"><\/td>\n<td class=\"noborder\" style=\"width: 25px;height: 20px\"><\/td>\n<td class=\"noborder\" style=\"width: 150px;height: 20px\"><\/td>\n<td class=\"noborder\" style=\"width: 25px;height: 20px\"><\/td>\n<td class=\"noborder\" style=\"width: 150px;height: 20px\"><\/td>\n<\/tr>\n<tr>\n<td class=\"border\" style=\"width: 150px;height: 120px\"><a href=\"https:\/\/dec-industrie.com\/\" target=\"_blank\"><img decoding=\"async\" src=\"https:\/\/ent2d.ac-bordeaux.fr\/disciplines\/systemesnumeriquesenlp\/wp-content\/uploads\/sites\/22\/2017\/02\/Logo-DEC-150x120.png\" alt=\"\" \/><\/a><\/td>\n<td class=\"noborder\" style=\"width: 25px;height: 120px\"><\/td>\n<td class=\"border\" style=\"width: 150px;height: 120px\"><a href=\"http:\/\/stid.com\/\" target=\"_blank\"><img decoding=\"async\" src=\"https:\/\/ent2d.ac-bordeaux.fr\/disciplines\/systemesnumeriquesenlp\/wp-content\/uploads\/sites\/22\/2017\/02\/Logo-STid-150x120.jpg\" alt=\"\" \/><\/a><\/td>\n<td class=\"noborder\" style=\"width: 25px;height: 120px\"><\/td>\n<td class=\"border\" style=\"width: 150px;height: 120px\"><a href=\"http:\/\/www.controle-acces.fr\/\" target=\"_blank\"><img decoding=\"async\" src=\"https:\/\/ent2d.ac-bordeaux.fr\/disciplines\/systemesnumeriquesenlp\/wp-content\/uploads\/sites\/22\/2017\/02\/Logo-ARD-150x120.png\" alt=\"\" \/><\/a><\/td>\n<td class=\"noborder\" style=\"width: 25px;height: 120px\"><\/td>\n<td class=\"border\" style=\"width: 150px;height: 120px\"><a href=\"http:\/\/www.ercogener.com\/fr\/\" target=\"_blank\"><img decoding=\"async\" src=\"https:\/\/ent2d.ac-bordeaux.fr\/disciplines\/systemesnumeriquesenlp\/wp-content\/uploads\/sites\/22\/2017\/02\/Logo-ercogener-150x120.png\" alt=\"\" \/><\/a><\/td>\n<\/tr>\n<tr>\n<td class=\"back\" style=\"width: 150px;height: 50px;font-size: 85%\"><a class=\"modif1\" href=\"https:\/\/dec-industrie.com\/\" target=\"_blank\">DEC Industrie<\/a><\/td>\n<td class=\"noborder\" style=\"width: 25px;height: 50px\"><\/td>\n<td class=\"back\" style=\"width: 150px;height: 50px;font-size: 85%\"><a class=\"modif1\" href=\"http:\/\/stid.com\/\" target=\"_blank\">STid Electronic Identification<\/a><\/td>\n<td class=\"noborder\" style=\"width: 25px;height: 50px\"><\/td>\n<td class=\"back\" style=\"width: 150px;height: 50px;font-size: 85%\"><a class=\"modif1\" href=\"http:\/\/www.controle-acces.fr\/\" target=\"_blank\">ARD Suret\u00e9 et Mon\u00e9tique<\/a><\/td>\n<td class=\"noborder\" style=\"width: 25px;height: 50px\"><\/td>\n<td class=\"back\" style=\"width: 150px;height: 50px;font-size: 85%\"><a class=\"modif1\" href=\"http:\/\/www.ercogener.com\/fr\/\" target=\"_blank\">ErcoGener Syst\u00e8mes communicants<\/a><\/td>\n<\/tr>\n<tr>\n<td class=\"noborder\" style=\"width: 150px;height: 20px\"><\/td>\n<td class=\"noborder\" style=\"width: 25px;height: 20px\"><\/td>\n<td class=\"noborder\" style=\"width: 150px;height: 20px\"><\/td>\n<td class=\"noborder\" style=\"width: 25px;height: 20px\"><\/td>\n<td class=\"noborder\" style=\"width: 150px;height: 20px\"><\/td>\n<\/tr>\n<\/tbody>\n<\/table>\n<p>\n    <\/p>\n","protected":false},"excerpt":{"rendered":"<p>CISCO D-Link CXR Adept Telecom SEFRAM EXXOTEST Distrame Chauvin Arnoux &#8211; Metrix CREA Technologie C.i.f DMS \u00e9ducation Syst\u00e8me \u00e9tude technique<\/p>\n","protected":false},"author":96,"featured_media":0,"parent":222,"menu_order":0,"comment_status":"closed","ping_status":"closed","template":"","meta":{"_bbp_topic_count":0,"_bbp_reply_count":0,"_bbp_total_topic_count":0,"_bbp_total_reply_count":0,"_bbp_voice_count":0,"_bbp_anonymous_reply_count":0,"_bbp_topic_count_hidden":0,"_bbp_reply_count_hidden":0,"_bbp_forum_subforum_count":0,"footnotes":""},"class_list":["post-253","page","type-page","status-publish","hentry"],"_links":{"self":[{"href":"https:\/\/ent2d.ac-bordeaux.fr\/disciplines\/systemesnumeriquesenlp\/wp-json\/wp\/v2\/pages\/253","targetHints":{"allow":["GET"]}}],"collection":[{"href":"https:\/\/ent2d.ac-bordeaux.fr\/disciplines\/systemesnumeriquesenlp\/wp-json\/wp\/v2\/pages"}],"about":[{"href":"https:\/\/ent2d.ac-bordeaux.fr\/disciplines\/systemesnumeriquesenlp\/wp-json\/wp\/v2\/types\/page"}],"author":[{"embeddable":true,"href":"https:\/\/ent2d.ac-bordeaux.fr\/disciplines\/systemesnumeriquesenlp\/wp-json\/wp\/v2\/users\/96"}],"replies":[{"embeddable":true,"href":"https:\/\/ent2d.ac-bordeaux.fr\/disciplines\/systemesnumeriquesenlp\/wp-json\/wp\/v2\/comments?post=253"}],"version-history":[{"count":34,"href":"https:\/\/ent2d.ac-bordeaux.fr\/disciplines\/systemesnumeriquesenlp\/wp-json\/wp\/v2\/pages\/253\/revisions"}],"predecessor-version":[{"id":623,"href":"https:\/\/ent2d.ac-bordeaux.fr\/disciplines\/systemesnumeriquesenlp\/wp-json\/wp\/v2\/pages\/253\/revisions\/623"}],"up":[{"embeddable":true,"href":"https:\/\/ent2d.ac-bordeaux.fr\/disciplines\/systemesnumeriquesenlp\/wp-json\/wp\/v2\/pages\/222"}],"wp:attachment":[{"href":"https:\/\/ent2d.ac-bordeaux.fr\/disciplines\/systemesnumeriquesenlp\/wp-json\/wp\/v2\/media?parent=253"}],"curies":[{"name":"wp","href":"https:\/\/api.w.org\/{rel}","templated":true}]}}