{"id":249,"date":"2017-01-08T16:26:35","date_gmt":"2017-01-08T15:26:35","guid":{"rendered":"https:\/\/ent2d.ac-bordeaux.fr\/disciplines\/systemesnumeriquesenlp\/?page_id=249"},"modified":"2017-02-15T18:45:05","modified_gmt":"2017-02-15T17:45:05","slug":"sites-institutionnels","status":"publish","type":"page","link":"https:\/\/ent2d.ac-bordeaux.fr\/disciplines\/systemesnumeriquesenlp\/quelques-sites-a-visiter\/sites-institutionnels\/","title":{"rendered":"Les sites Institutionnels"},"content":{"rendered":"<p><!-- Les liens vers les sites institutionnels --><\/p>\n<table id=\"tableliens\" style=\"text-align: left;margin-left: auto;margin-right: auto\" border=\"0\" cellspacing=\"0\" cellpadding=\"1\">\n<tbody>\n<tr>\n<td class=\"border\" style=\"width: 150px;height: 120px\"><a href=\"http:\/\/www.education.gouv.fr\/\" target=\"_blank\"><img decoding=\"async\" src=\"https:\/\/ent2d.ac-bordeaux.fr\/disciplines\/systemesnumeriquesenlp\/wp-content\/uploads\/sites\/22\/2017\/01\/Logo-MEN-150x120.png\" alt=\"\" \/><\/a><\/td>\n<td class=\"noborder\" style=\"width: 25px;height: 120px\"><\/td>\n<td class=\"border\" style=\"width: 150px;height: 120px\"><a href=\"http:\/\/www.ac-bordeaux.fr\/\" target=\"_blank\"><img decoding=\"async\" src=\"https:\/\/ent2d.ac-bordeaux.fr\/disciplines\/systemesnumeriquesenlp\/wp-content\/uploads\/sites\/22\/2017\/01\/Logo-Rectorat-Bordeaux-150x120.jpg\" alt=\"\" \/><\/a><\/td>\n<td class=\"noborder\" style=\"width: 25px;height: 120px\"><\/td>\n<td class=\"border\" style=\"width: 150px;height: 120px\"><a href=\"https:\/\/www.laregion-alpc.fr\/\" target=\"_blank\"><img decoding=\"async\" src=\"https:\/\/ent2d.ac-bordeaux.fr\/disciplines\/systemesnumeriquesenlp\/wp-content\/uploads\/sites\/22\/2017\/01\/Logo-Nouvelle-Aquitaine-150x120.png\" alt=\"\" \/><\/a><\/td>\n<td class=\"noborder\" style=\"width: 25px;height: 120px\"><\/td>\n<td class=\"border\" style=\"width: 150px;height: 120px\"><a href=\"http:\/\/www.education.gouv.fr\/pid285\/le-bulletin-officiel.html\" target=\"_blank\"><img decoding=\"async\" src=\"https:\/\/ent2d.ac-bordeaux.fr\/disciplines\/systemesnumeriquesenlp\/wp-content\/uploads\/sites\/22\/2017\/01\/Logo-BO-150x120.png\" alt=\"\" \/><\/a><\/td>\n<\/tr>\n<tr>\n<td class=\"back\" style=\"width: 150px;height: 50px;font-size: 85%\"><a class=\"modif1\" href=\"http:\/\/www.education.gouv.fr\/\" target=\"_blank\">Minist\u00e8re de l&#8217;Education Nationale<\/a><\/td>\n<td class=\"noborder\" style=\"width: 25px;height: 50px\"><\/td>\n<td class=\"back\" style=\"width: 150px;height: 50px;font-size: 85%\"><a class=\"modif1\" href=\"http:\/\/www.ac-bordeaux.fr\/\" target=\"_blank\">Rectorat de l&#8217;Acad\u00e9mie de Bordeaux<\/a><\/td>\n<td class=\"noborder\" style=\"width: 25px;height: 50px\"><\/td>\n<td class=\"back\" style=\"width: 150px;height: 50px;font-size: 85%\"><a class=\"modif1\" href=\"https:\/\/www.laregion-alpc.fr\/\" target=\"_blank\">R\u00e9gion Nouvelle Aquitaine<\/a><\/td>\n<td class=\"noborder\" style=\"width: 25px;height: 50px\"><\/td>\n<td class=\"back\" style=\"width: 150px;height: 50px;font-size: 85%\"><a class=\"modif1\" href=\"http:\/\/www.education.gouv.fr\/pid285\/le-bulletin-officiel.html\" target=\"_blank\">Le Bulletin Officiel de l&#8217;Education Nationale<\/a><\/td>\n<\/tr>\n<tr>\n<td class=\"noborder\" style=\"width: 150px;height: 20px\"><\/td>\n<td class=\"noborder\" style=\"width: 25px;height: 20px\"><\/td>\n<td class=\"noborder\" style=\"width: 150px;height: 20px\"><\/td>\n<td class=\"noborder\" style=\"width: 25px;height: 20px\"><\/td>\n<td class=\"noborder\" style=\"width: 150px;height: 20px\"><\/td>\n<\/tr>\n<tr>\n<td class=\"border\" style=\"width: 150px;height: 120px\"><a href=\"http:\/\/eduscol.education.fr\/\" target=\"_blank\"><img decoding=\"async\" src=\"https:\/\/ent2d.ac-bordeaux.fr\/disciplines\/systemesnumeriquesenlp\/wp-content\/uploads\/sites\/22\/2017\/01\/Logo-Eduscol-150x120.png\" alt=\"\" \/><\/a><\/td>\n<td class=\"noborder\" style=\"width: 25px;height: 120px\"><\/td>\n<td class=\"border\" style=\"width: 150px;height: 120px\"><a href=\"http:\/\/eduscol.education.fr\/sti\/formations\/formations-bac-pro\/bac-pro-systemes-numeriques-sn\" target=\"_blank\"><img decoding=\"async\" src=\"https:\/\/ent2d.ac-bordeaux.fr\/disciplines\/systemesnumeriquesenlp\/wp-content\/uploads\/sites\/22\/2017\/01\/Logo-Eduscol-150x120.png\" alt=\"\" \/><\/a><\/td>\n<td class=\"noborder\" style=\"width: 25px;height: 120px\"><\/td>\n<td class=\"border\" style=\"width: 150px;height: 120px\"><a href=\"https:\/\/www.reseau-canope.fr\/\" target=\"_blank\"><img decoding=\"async\" src=\"https:\/\/ent2d.ac-bordeaux.fr\/disciplines\/systemesnumeriquesenlp\/wp-content\/uploads\/sites\/22\/2017\/01\/Logo-Canope-150x120.jpg\" alt=\"\" \/><\/a><\/td>\n<td class=\"noborder\" style=\"width: 25px;height: 120px\"><\/td>\n<td class=\"border\" style=\"width: 150px;height: 120px\"><a href=\"http:\/\/crdp.ac-bordeaux.fr\/c2000\/index.asp\" target=\"_blank\"><img decoding=\"async\" src=\"https:\/\/ent2d.ac-bordeaux.fr\/disciplines\/systemesnumeriquesenlp\/wp-content\/uploads\/sites\/22\/2017\/01\/Logo-Canope-bordeaux-150x120.png\" alt=\"\" \/><\/a><\/td>\n<\/tr>\n<tr>\n<td class=\"back\" style=\"width: 150px;height: 50px;font-size: 85%\"><a class=\"modif1\" href=\"http:\/\/eduscol.education.fr\/\" target=\"_blank\">Portail national eduscol<\/a><\/td>\n<td class=\"noborder\" style=\"width: 25px;height: 50px\"><\/td>\n<td class=\"back\" style=\"width: 150px;height: 50px;font-size: 85%\"><a class=\"modif1\" href=\"http:\/\/eduscol.education.fr\/sti\/formations\/formations-bac-pro\/bac-pro-systemes-numeriques-sn\" target=\"_blank\">Syst\u00e8mes Num\u00e9riques sur eduscol<\/a><\/td>\n<td class=\"noborder\" style=\"width: 25px;height: 50px\"><\/td>\n<td class=\"back\" style=\"width: 150px;height: 50px;font-size: 85%\"><a class=\"modif1\" href=\"https:\/\/www.reseau-canope.fr\/\" target=\"_blank\">Portail national Canop\u00e9<\/a><\/td>\n<td class=\"noborder\" style=\"width: 25px;height: 50px\"><\/td>\n<td class=\"back\" style=\"width: 150px;height: 50px;font-size: 85%\"><a class=\"modif1\" href=\"http:\/\/crdp.ac-bordeaux.fr\/c2000\/index.asp\" target=\"_blank\">R\u00e9seau Canop\u00e9 Acad\u00e9mique<\/a><\/td>\n<\/tr>\n<tr>\n<td class=\"noborder\" style=\"width: 150px;height: 20px\"><\/td>\n<td class=\"noborder\" style=\"width: 25px;height: 20px\"><\/td>\n<td class=\"noborder\" style=\"width: 150px;height: 20px\"><\/td>\n<td class=\"noborder\" style=\"width: 25px;height: 20px\"><\/td>\n<td class=\"noborder\" style=\"width: 150px;height: 20px\"><\/td>\n<\/tr>\n<tr>\n<td class=\"border\" style=\"width: 150px;height: 120px\"><a href=\"http:\/\/www.onisep.fr\/\" target=\"_blank\"><img decoding=\"async\" src=\"https:\/\/ent2d.ac-bordeaux.fr\/disciplines\/systemesnumeriquesenlp\/wp-content\/uploads\/sites\/22\/2017\/02\/Logo-Onisep-150x120.jpg\" alt=\"\" \/><\/a><\/td>\n<td class=\"noborder\" style=\"width: 25px;height: 120px\"><\/td>\n<td class=\"noborder\" style=\"width: 150px;height: 120px\"><\/td>\n<td class=\"noborder\" style=\"width: 25px;height: 120px\"><\/td>\n<td class=\"noborder\" style=\"width: 150px;height: 120px\"><\/td>\n<td class=\"noborder\" style=\"width: 25px;height: 120px\"><\/td>\n<td class=\"noborder\" style=\"width: 150px;height: 120px\"><\/td>\n<\/tr>\n<tr>\n<td class=\"back\" style=\"width: 150px;height: 50px;font-size: 85%\"><a class=\"modif1\" href=\"http:\/\/www.onisep.fr\/\" target=\"_blank\">Portail de l&#8217;orientation<\/a><\/td>\n<td class=\"noborder\" style=\"width: 25px;height: 50px\"><\/td>\n<td class=\"noborder\" style=\"width: 150px;height: 50px\"><\/td>\n<td class=\"noborder\" style=\"width: 25px;height: 50px\"><\/td>\n<td class=\"noborder\" style=\"width: 150px;height: 50px\"><\/td>\n<td class=\"noborder\" style=\"width: 25px;height: 50px\"><\/td>\n<td class=\"noborder\" style=\"width: 150px;height: 50px\"><\/td>\n<\/tr>\n<tr>\n<td class=\"noborder\" style=\"width: 150px;height: 20px\"><\/td>\n<td class=\"noborder\" style=\"width: 25px;height: 20px\"><\/td>\n<td class=\"noborder\" style=\"width: 150px;height: 20px\"><\/td>\n<td class=\"noborder\" style=\"width: 25px;height: 20px\"><\/td>\n<td class=\"noborder\" style=\"width: 150px;height: 20px\"><\/td>\n<\/tr>\n<\/tbody>\n<\/table>\n","protected":false},"excerpt":{"rendered":"<p>Minist\u00e8re de l&#8217;Education Nationale Rectorat de l&#8217;Acad\u00e9mie de Bordeaux R\u00e9gion Nouvelle Aquitaine Le Bulletin Officiel de l&#8217;Education Nationale Portail national<\/p>\n","protected":false},"author":96,"featured_media":0,"parent":222,"menu_order":0,"comment_status":"closed","ping_status":"closed","template":"","meta":{"_bbp_topic_count":0,"_bbp_reply_count":0,"_bbp_total_topic_count":0,"_bbp_total_reply_count":0,"_bbp_voice_count":0,"_bbp_anonymous_reply_count":0,"_bbp_topic_count_hidden":0,"_bbp_reply_count_hidden":0,"_bbp_forum_subforum_count":0,"footnotes":""},"class_list":["post-249","page","type-page","status-publish","hentry"],"_links":{"self":[{"href":"https:\/\/ent2d.ac-bordeaux.fr\/disciplines\/systemesnumeriquesenlp\/wp-json\/wp\/v2\/pages\/249","targetHints":{"allow":["GET"]}}],"collection":[{"href":"https:\/\/ent2d.ac-bordeaux.fr\/disciplines\/systemesnumeriquesenlp\/wp-json\/wp\/v2\/pages"}],"about":[{"href":"https:\/\/ent2d.ac-bordeaux.fr\/disciplines\/systemesnumeriquesenlp\/wp-json\/wp\/v2\/types\/page"}],"author":[{"embeddable":true,"href":"https:\/\/ent2d.ac-bordeaux.fr\/disciplines\/systemesnumeriquesenlp\/wp-json\/wp\/v2\/users\/96"}],"replies":[{"embeddable":true,"href":"https:\/\/ent2d.ac-bordeaux.fr\/disciplines\/systemesnumeriquesenlp\/wp-json\/wp\/v2\/comments?post=249"}],"version-history":[{"count":36,"href":"https:\/\/ent2d.ac-bordeaux.fr\/disciplines\/systemesnumeriquesenlp\/wp-json\/wp\/v2\/pages\/249\/revisions"}],"predecessor-version":[{"id":761,"href":"https:\/\/ent2d.ac-bordeaux.fr\/disciplines\/systemesnumeriquesenlp\/wp-json\/wp\/v2\/pages\/249\/revisions\/761"}],"up":[{"embeddable":true,"href":"https:\/\/ent2d.ac-bordeaux.fr\/disciplines\/systemesnumeriquesenlp\/wp-json\/wp\/v2\/pages\/222"}],"wp:attachment":[{"href":"https:\/\/ent2d.ac-bordeaux.fr\/disciplines\/systemesnumeriquesenlp\/wp-json\/wp\/v2\/media?parent=249"}],"curies":[{"name":"wp","href":"https:\/\/api.w.org\/{rel}","templated":true}]}}