{"id":239,"date":"2017-01-08T12:14:36","date_gmt":"2017-01-08T11:14:36","guid":{"rendered":"https:\/\/ent2d.ac-bordeaux.fr\/disciplines\/systemesnumeriquesenlp\/?page_id=239"},"modified":"2021-03-11T20:59:33","modified_gmt":"2021-03-11T19:59:33","slug":"annuaire-des-formations","status":"publish","type":"page","link":"https:\/\/ent2d.ac-bordeaux.fr\/disciplines\/systemesnumeriquesenlp\/annuaire-des-formations\/","title":{"rendered":"Ou se former au BAC Pro SN ?"},"content":{"rendered":"<p><!-- Annuaire des \u00e9tablissements pr\u00e9parant au BCP SN --><br \/>\n<span class=\"modifh2\">Les \u00e9tablissements publics :<\/span><\/p>\n<ul>\n<li class=\"puce1retrait50\"><span class=\"modifh3\"><span style=\"text-decoration: underline\">en Dordogne<\/span> :<\/span>\n<ul>\n<li class=\"puce2\"><a href=\"http:\/\/webetab.ac-bordeaux.fr\/lycee-sarlat\/\" target=\"_blank\" rel=\"noopener noreferrer\">Lyc\u00e9e Polyvalent Pr\u00e9 de Cordy<\/a> \u00e0 Sarlat-la-Can\u00e9da (<span style=\"color: #339966\"><span style=\"font-weight: bold\">ARED<\/span><\/span> &#8211; <span style=\"color: #3366ff\"><span style=\"font-weight: bold\">RISC<\/span><\/span>)<\/li>\n<\/ul>\n<\/li>\n<\/ul>\n<ul>\n<li class=\"puce1retrait50\"><span class=\"modifh3\"><span style=\"text-decoration: underline\">en Gironde<\/span> :<\/span>\n<ul>\n<li class=\"puce2\"><a href=\"http:\/\/www.lpestuaire.fr\/\" target=\"_blank\" rel=\"noopener noreferrer\">Lyc\u00e9e professionnel de l&#8217;Estuaire<\/a> \u00e0 Blaye (<span style=\"color: #339966\"><span style=\"font-weight: bold\">ARED<\/span><\/span> &#8211; <span style=\"color: #3366ff\"><span style=\"font-weight: bold\">RISC<\/span><\/span>)<\/li>\n<li class=\"puce2\"><a href=\"http:\/\/www.lyceecharlespeguy.com\" target=\"_blank\" rel=\"noopener noreferrer\">Lyc\u00e9e des M\u00e9tiers de l&#8217;Artisanat et de l&#8217;Industrie Charles P\u00e9guy<\/a> \u00e0 Eysines (<span style=\"color: #339966\"><span style=\"font-weight: bold\">ARED<\/span><\/span> &#8211; <span style=\"color: #3366ff\"><span style=\"font-weight: bold\">RISC<\/span><\/span>)<\/li>\n<li class=\"puce2\"><a href=\"http:\/\/www.j-monnet.net\/\" target=\"_blank\" rel=\"noopener noreferrer\">Lyc\u00e9e Polyvalent Jean Monnet<\/a> \u00e0 Libourne (<span style=\"color: #3366ff\"><span style=\"font-weight: bold\">RISC<\/span><\/span>)<\/li>\n<li class=\"puce2\"><a href=\"http:\/\/lycee-jacques-brel-lormont.fr\/\" target=\"_blank\" rel=\"noopener noreferrer\">Lyc\u00e9e des M\u00e9tiers de l&#8217;Industrie et de l&#8217;Optique Jacques Brel<\/a> \u00e0 Lormont (<span style=\"font-weight: bold\"><span style=\"color: #ff6600\">SSIHT<\/span><\/span> &#8211; <span style=\"color: #339966\"><span style=\"font-weight: bold\">ARED<\/span><\/span>)<\/li>\n<li class=\"puce2\"><a href=\"http:\/\/lyceepro-pessac.fr\/\" target=\"_blank\" rel=\"noopener noreferrer\">Lyc\u00e9e professionnel Philadelphe de Gerde<\/a> \u00e0 Pessac (<span style=\"font-weight: bold\"><span style=\"color: #3366ff\">RISC<\/span><\/span>)<\/li>\n<li class=\"puce2\"><a href=\"http:\/\/webetab.ac-bordeaux.fr\/lycee-jehan-duperier\/\" target=\"_blank\" rel=\"noopener noreferrer\">Lyc\u00e9e professionnel Jehan Dup\u00e9rier<\/a> \u00e0 Saint-M\u00e9dard en Jalles (<span style=\"color: #ff6600\"><span style=\"font-weight: bold\">SSIHT<\/span><\/span> &#8211; <span style=\"color: #3366ff\"><span style=\"font-weight: bold\">RISC<\/span><\/span>)<\/li>\n<li class=\"puce2\"><a href=\"http:\/\/www.lyceekastler.fr\/\" target=\"_blank\" rel=\"noopener noreferrer\">Lyc\u00e9e Polyvalent Alfred Kastler<\/a> \u00e0 Talence (<span style=\"color: #3366ff\"><span style=\"font-weight: bold\">RISC<\/span><\/span>)<\/li>\n<\/ul>\n<\/li>\n<\/ul>\n<ul>\n<li class=\"puce1retrait50\"><span class=\"modifh3\"><span style=\"text-decoration: underline\">dans Les Landes<\/span> :<\/span>\n<ul>\n<li class=\"puce2\"><a href=\"https:\/\/www.lyceedesmetiersparentis.fr\/\" target=\"_blank\" rel=\"noopener noreferrer\">Lyc\u00e9e des M\u00e9tiers des Grands Lacs<\/a> \u00e0 Parentis-en-Born (<span style=\"color: #3366ff\"><span style=\"font-weight: bold\">RISC<\/span><\/span>)<\/li>\n<li class=\"puce2\"><a href=\"http:\/\/lptarnos.fr\/index.php\" target=\"_blank\" rel=\"noopener noreferrer\">Lyc\u00e9e Professionnel Ambroise Croizat<\/a> \u00e0 Tarnos (<span style=\"color: #339966\"><span style=\"font-weight: bold\">ARED<\/span><\/span>)<\/li>\n<\/ul>\n<\/li>\n<\/ul>\n<ul>\n<li class=\"puce1retrait50\"><span class=\"modifh3\"><span style=\"text-decoration: underline\">dans le Lot et Garonne<\/span> :<\/span>\n<ul>\n<li class=\"puce2\"><a href=\"http:\/\/www.lp-jean-monnet.fr\/\" target=\"_blank\" rel=\"noopener noreferrer\">Lyc\u00e9e Professionnel Jean Monnet<\/a> \u00e0 Foulayronnes (<span style=\"color: #339966\"><span style=\"font-weight: bold\">ARED<\/span><\/span> &#8211; <span style=\"color: #3366ff\"><span style=\"font-weight: bold\">RISC<\/span><\/span>)<\/li>\n<\/ul>\n<\/li>\n<\/ul>\n<ul>\n<li class=\"puce1retrait50\"><span class=\"modifh3\"><span style=\"text-decoration: underline\">dans les Pyr\u00e9n\u00e9es Atlantiques<\/span> :<\/span>\n<ul>\n<li class=\"puce2\"><a href=\"http:\/\/webetab.ac-bordeaux.fr\/lycee-guynemer\/\" target=\"_blank\" rel=\"noopener noreferrer\">Lyc\u00e9e des M\u00e9tiers de l&#8217;Industrie Guynemer<\/a> \u00e0 Oloron Sainte-Marie (<span style=\"font-weight: bold\"><span style=\"color: #ff6600\">SSIHT<\/span><\/span> &#8211; <span style=\"color: #3366ff\"><span style=\"font-weight: bold\">RISC<\/span><\/span>)<\/li>\n<li class=\"puce2\"><a href=\"http:\/\/www.lycee-saint-cricq.org\/\" target=\"_blank\" rel=\"noopener noreferrer\">Lyc\u00e9e Saint-Cricq<\/a> \u00e0 Pau (<span style=\"font-weight: bold\"><span style=\"color: #339966\">ARED<\/span><\/span> &#8211; <span style=\"font-weight: bold\"><span style=\"color: #3366ff\">RISC<\/span><\/span>)<\/li>\n<li class=\"puce2\"><a href=\"http:\/\/webetab.ac-bordeaux.fr\/lycee-ramiro-arrue\/\">Lyc\u00e9e des M\u00e9tiers de la C\u00f4te Basque Ramiro Arrue<\/a> \u00e0 Saint-Jean-de-Luz (<span style=\"font-weight: bold\"><span style=\"color: #339966\">ARED<\/span><\/span> &#8211; <span style=\"color: #3366ff\"><span style=\"font-weight: bold\">RISC<\/span><\/span>)<\/li>\n<\/ul>\n<\/li>\n<\/ul>\n<hr \/>\n<p><span class=\"modifh2\">Les \u00e9tablissements priv\u00e9s :<\/span><\/p>\n<ul>\n<li class=\"puce1retrait50\"><span class=\"modifh3\"><span style=\"text-decoration: underline\">en Gironde<\/span> :<\/span>\n<ul>\n<li class=\"puce2\"><a href=\"http:\/\/www.saint-genes.com\/\" target=\"_blank\" rel=\"noopener noreferrer\">Lyc\u00e9e Professionnel Saint-Genes La Salles<\/a> \u00e0 Bordeaux (<span style=\"color: #339966\"><span style=\"font-weight: bold\">ARED<\/span><\/span> &#8211; <span style=\"color: #3366ff\"><span style=\"font-weight: bold\">RISC<\/span><\/span>)<\/li>\n<\/ul>\n<\/li>\n<\/ul>\n<ul>\n<li class=\"puce1retrait50\"><span class=\"modifh3\"><span style=\"text-decoration: underline\">dans Les Landes<\/span> :<\/span>\n<ul>\n<li class=\"puce2\"><a href=\"http:\/\/www.saintjeanboscogabarret.fr\/\" target=\"_blank\" rel=\"noopener noreferrer\">Lyc\u00e9e Professionnel priv\u00e9 Saint-Joseph<\/a> \u00e0 Gabarret (<span style=\"color: #3366ff\"><span style=\"font-weight: bold\">RISC<\/span><\/span>)<\/li>\n<\/ul>\n<\/li>\n<\/ul>\n<ul>\n<li class=\"puce1retrait50\"><span class=\"modifh3\"><span style=\"text-decoration: underline\">dans les Pyr\u00e9n\u00e9es Atlantiques<\/span> :<\/span>\n<ul>\n<li class=\"puce2\"><a href=\"http:\/\/www.st-joseph-hasparren.fr\/\" target=\"_blank\" rel=\"noopener noreferrer\">Lyc\u00e9e Saint-Joseph<\/a> \u00e0 Hasparren (<span style=\"color: #ff6600\"><span style=\"font-weight: bold\">SSIHT<\/span><\/span> &#8211; <span style=\"color: #3366ff\"><span style=\"font-weight: bold\">RISC<\/span><\/span>)<\/li>\n<\/ul>\n<\/li>\n<\/ul>\n<hr \/>\n<p><span class=\"modifh2\">Les CFA :<\/span><\/p>\n<ul>\n<li class=\"puce1retrait50\"><span class=\"modifh3\"><span style=\"text-decoration: underline\">en Dordogne<\/span> :<\/span>\n<ul>\n<li class=\"puce2\"><a href=\"http:\/\/www.cfa-artisanat24.fr\/\" target=\"_blank\" rel=\"noopener noreferrer\">CFA de Dordogne<\/a> \u00e0 Boulazac (<span style=\"color: #ff6600\"><span style=\"font-weight: bold\">SSIHT<\/span><\/span> &#8211; <span style=\"color: #339966\"><span style=\"font-weight: bold\">ARED<\/span><\/span>)<\/li>\n<\/ul>\n<\/li>\n<\/ul>\n<ul>\n<li class=\"puce1retrait50\"><span class=\"modifh3\"><span style=\"text-decoration: underline\">en Gironde<\/span> :<\/span>\n<ul>\n<li class=\"puce2\"><a href=\"http:\/\/cfa-levigean.fr\/\" target=\"_blank\" rel=\"noopener noreferrer\">CFA Le Vigean<\/a> \u00e0 Eysines (<span style=\"color: #3366ff\"><span style=\"font-weight: bold\">RISC<\/span><\/span>)<\/li>\n<\/ul>\n<\/li>\n<\/ul>\n<hr \/>\n<p><span class=\"modifh2\">Les Ecoles de Reconversion Professionnelle :<\/span><\/p>\n<ul>\n<li class=\"puce1retrait50\"><span class=\"modifh3\"><span style=\"text-decoration: underline\">en Gironde<\/span> :<\/span>\n<ul>\n<li class=\"puce2\"><a href=\"http:\/\/www.erp-bordeaux.org\/\" target=\"_blank\" rel=\"noopener noreferrer\">ERP Robert Lateulade<\/a> \u00e0 Bordeaux (<span style=\"color: #ff6600\"><span style=\"font-weight: bold\">SSIHT<\/span><\/span> &#8211; <span style=\"color: #3366ff\"><span style=\"font-weight: bold\">RISC<\/span><\/span>)<\/li>\n<\/ul>\n<\/li>\n<\/ul>\n","protected":false},"excerpt":{"rendered":"<p>Les \u00e9tablissements publics : en Dordogne : Lyc\u00e9e Polyvalent Pr\u00e9 de Cordy \u00e0 Sarlat-la-Can\u00e9da (ARED &#8211; RISC) en Gironde :<\/p>\n","protected":false},"author":96,"featured_media":0,"parent":0,"menu_order":0,"comment_status":"closed","ping_status":"closed","template":"","meta":{"_bbp_topic_count":0,"_bbp_reply_count":0,"_bbp_total_topic_count":0,"_bbp_total_reply_count":0,"_bbp_voice_count":0,"_bbp_anonymous_reply_count":0,"_bbp_topic_count_hidden":0,"_bbp_reply_count_hidden":0,"_bbp_forum_subforum_count":0,"footnotes":""},"class_list":["post-239","page","type-page","status-publish","hentry"],"_links":{"self":[{"href":"https:\/\/ent2d.ac-bordeaux.fr\/disciplines\/systemesnumeriquesenlp\/wp-json\/wp\/v2\/pages\/239","targetHints":{"allow":["GET"]}}],"collection":[{"href":"https:\/\/ent2d.ac-bordeaux.fr\/disciplines\/systemesnumeriquesenlp\/wp-json\/wp\/v2\/pages"}],"about":[{"href":"https:\/\/ent2d.ac-bordeaux.fr\/disciplines\/systemesnumeriquesenlp\/wp-json\/wp\/v2\/types\/page"}],"author":[{"embeddable":true,"href":"https:\/\/ent2d.ac-bordeaux.fr\/disciplines\/systemesnumeriquesenlp\/wp-json\/wp\/v2\/users\/96"}],"replies":[{"embeddable":true,"href":"https:\/\/ent2d.ac-bordeaux.fr\/disciplines\/systemesnumeriquesenlp\/wp-json\/wp\/v2\/comments?post=239"}],"version-history":[{"count":32,"href":"https:\/\/ent2d.ac-bordeaux.fr\/disciplines\/systemesnumeriquesenlp\/wp-json\/wp\/v2\/pages\/239\/revisions"}],"predecessor-version":[{"id":1261,"href":"https:\/\/ent2d.ac-bordeaux.fr\/disciplines\/systemesnumeriquesenlp\/wp-json\/wp\/v2\/pages\/239\/revisions\/1261"}],"wp:attachment":[{"href":"https:\/\/ent2d.ac-bordeaux.fr\/disciplines\/systemesnumeriquesenlp\/wp-json\/wp\/v2\/media?parent=239"}],"curies":[{"name":"wp","href":"https:\/\/api.w.org\/{rel}","templated":true}]}}