{"id":922,"date":"2016-02-23T22:17:50","date_gmt":"2016-02-23T21:17:50","guid":{"rendered":"http:\/\/ent2d.ac-bordeaux.fr\/disciplines\/svt\/?page_id=922"},"modified":"2016-11-30T20:06:33","modified_gmt":"2016-11-30T19:06:33","slug":"volcanisme-dans-la-chaine-des-puy","status":"publish","type":"page","link":"https:\/\/ent2d.ac-bordeaux.fr\/disciplines\/svt\/ressources\/pedagogiques\/ressources-academiques-diverses\/thematique-la-planete-et-les-enjeux-contemporains\/volcanisme-dans-la-chaine-des-puy\/","title":{"rendered":"Volcanisme dans la Cha\u00eene des Puys"},"content":{"rendered":"<div>\n<p>Auteur : D. Augustin<\/p>\n<h3>Th\u00e8mes propos\u00e9s<\/h3>\n<ol>\n<li><a href=\"https:\/\/ent2d.ac-bordeaux.fr\/disciplines\/svt\/a-finir-nature-de-la-croute-continentale-et-du-manteau\/\">Nature de la cro\u00fbte continentale et du manteau<\/a><\/li>\n<li><a href=\"https:\/\/ent2d.ac-bordeaux.fr\/disciplines\/svt\/a-finir-differenciation-magmatique\/\">Diff\u00e9renciation magmatique<\/a><\/li>\n<li><a href=\"https:\/\/ent2d.ac-bordeaux.fr\/disciplines\/svt\/diversite-des-edifices-volcaniques\/\">Diversit\u00e9 des \u00e9difices volcaniques<\/a><\/li>\n<li><a href=\"https:\/\/ent2d.ac-bordeaux.fr\/disciplines\/svt\/a-finir-nature-et-diversite-des-emissions-volcaniques\/\">Nature et diversit\u00e9 des \u00e9missions volcaniques<\/a><\/li>\n<\/ol>\n<\/div>\n<h1>Pr\u00e9sentation<\/h1>\n<p class=\"contenu\">Cette page\u00a0a \u00e9t\u00e9 cr\u00e9\u00e9e pour susciter l&rsquo;envie, chez les enseignants du secondaire, d&rsquo;organiser des sorties terrain de g\u00e9ologie traitant partiellement ou en totalit\u00e9 du volcanisme dans la Cha\u00eene des Puys. C&rsquo;est un outil que peuvent \u00e9galement utiliser les \u00e9l\u00e8ves pour mieux comprendre certaines notions propres au volcanisme.<\/p>\n<p class=\"contenu\">Dans ce but, quatre th\u00e8mes d&rsquo;\u00e9tude sont propos\u00e9s (cf. sommaire). Le premier a \u00e9t\u00e9 con\u00e7u en fonction des programmes de 1\u00e8re et terminale scientifiques. Le second n&rsquo;est pas sp\u00e9cifique de cette classe bien qu&rsquo;il puisse y \u00eatre abord\u00e9 dans le cadre de l&rsquo;\u00e9tude des min\u00e9raux qui composent les roches magmatiques. Les deux derniers peuvent \u00eatre envisag\u00e9s \u00e0 tous niveaux scolaires dans un simple but d&rsquo;observation de faits de terrain et d&rsquo;essai de leur compr\u00e9hension.<\/p>\n<p class=\"contenu\">Pour chacun de ces th\u00e8mes, l&rsquo;utilisateur dispose de trois pages successives: la premi\u00e8re pr\u00e9sente la probl\u00e9matique scientifique du sujet et propose un lieu d&rsquo;\u00e9tude, la seconde pr\u00e9sente un questionnaire ayant pour but d&rsquo;aider \u00e0 la r\u00e9solution de la probl\u00e9matique scientifique et la derni\u00e8re donne les r\u00e9ponses possibles et\/ou attendues aux questions pr\u00e9c\u00e9demment pos\u00e9es.<\/p>\n<p class=\"contenu\">Diff\u00e9rents documents (graphiques, classifications, cartes g\u00e9ologiques, photographies&#8230;) sont disponibles dans ce site \u00e0 partir du sommaire ou \u00e0 partir des questions.<\/p>\n<p class=\"contenu\">Remarque. Dans un r\u00e9el souci de formation des \u00e9l\u00e8ves, il est indispensable de les laisser observer un paysage, un affleurement ou une roche puis de les laisser eux-m\u00eames formuler des hypoth\u00e8ses pouvant expliquer ce qu&rsquo;ils observent&#8230; avant de leur donner la ou les explications commun\u00e9ment admises par la communaut\u00e9 scientifique.<\/p>\n<p class=\"style2\">Alors, bon terrain!<\/p>\n<hr \/>\n<ul>\n<li><a href=\"http:\/\/ent2d.ac-bordeaux.fr\/disciplines\/svt\/volcanisme-dans-la-chaine-des-puy\/\"><strong>Pr\u00e9sentation<\/strong><\/a><\/li>\n<li><a href=\"https:\/\/ent2d.ac-bordeaux.fr\/disciplines\/svt\/bloc-diagramme-de-la-chaine-des-puys\/\">Cha\u00eene des puys en 3D<\/a><\/li>\n<li><a href=\"https:\/\/ent2d.ac-bordeaux.fr\/disciplines\/svt\/enseigner\/bases-de-donnees-documentaires\/ressources-scientifiques-et-pedagogiques\/thematique-la-planete-et-les-enjeux-contemporains\/volcanisme-dans-la-chaine-des-puy\/carte-geologique-de-la-chaine-des-puys\/\">Cartes g\u00e9ologiques<\/a><\/li>\n<li><a href=\"https:\/\/ent2d.ac-bordeaux.fr\/disciplines\/svt\/a-finir-classifications-diverses\/\">Classifications diverses<\/a><\/li>\n<li><a href=\"https:\/\/ent2d.ac-bordeaux.fr\/disciplines\/svt\/a-finir-excursions\/\">Excursions<\/a><\/li>\n<li><a href=\"https:\/\/ent2d.ac-bordeaux.fr\/disciplines\/svt\/a-finir-photographies\/\">Photographies<\/a><\/li>\n<li><a href=\"https:\/\/ent2d.ac-bordeaux.fr\/disciplines\/svt\/a-finir-lexique\/\">Lexique<\/a><\/li>\n<li><a href=\"https:\/\/ent2d.ac-bordeaux.fr\/disciplines\/svt\/documentation\/\">Documentation<\/a><\/li>\n<\/ul>\n","protected":false},"excerpt":{"rendered":"<p>Auteur : D. Augustin Th\u00e8mes propos\u00e9s Nature de la cro\u00fbte continentale et du manteau Diff\u00e9renciation magmatique Diversit\u00e9 des \u00e9difices volcaniques Nature et diversit\u00e9 des \u00e9missions volcaniques Pr\u00e9sentation Cette page\u00a0a \u00e9t\u00e9 cr\u00e9\u00e9e pour susciter l&rsquo;envie, chez les enseignants du secondaire, d&rsquo;organiser des sorties terrain de g\u00e9ologie traitant partiellement ou en totalit\u00e9 du volcanisme dans la Cha\u00eene &hellip; <\/p>\n<p><a class=\"more-link btn\" href=\"https:\/\/ent2d.ac-bordeaux.fr\/disciplines\/svt\/ressources\/pedagogiques\/ressources-academiques-diverses\/thematique-la-planete-et-les-enjeux-contemporains\/volcanisme-dans-la-chaine-des-puy\/\">Lire la suite<\/a><\/p>\n","protected":false},"author":8,"featured_media":0,"parent":1354,"menu_order":3,"comment_status":"closed","ping_status":"closed","template":"template-onecolumn.php","meta":{"footnotes":""},"class_list":["post-922","page","type-page","status-publish","hentry","nodate","item-wrap"],"_links":{"self":[{"href":"https:\/\/ent2d.ac-bordeaux.fr\/disciplines\/svt\/wp-json\/wp\/v2\/pages\/922","targetHints":{"allow":["GET"]}}],"collection":[{"href":"https:\/\/ent2d.ac-bordeaux.fr\/disciplines\/svt\/wp-json\/wp\/v2\/pages"}],"about":[{"href":"https:\/\/ent2d.ac-bordeaux.fr\/disciplines\/svt\/wp-json\/wp\/v2\/types\/page"}],"author":[{"embeddable":true,"href":"https:\/\/ent2d.ac-bordeaux.fr\/disciplines\/svt\/wp-json\/wp\/v2\/users\/8"}],"replies":[{"embeddable":true,"href":"https:\/\/ent2d.ac-bordeaux.fr\/disciplines\/svt\/wp-json\/wp\/v2\/comments?post=922"}],"version-history":[{"count":13,"href":"https:\/\/ent2d.ac-bordeaux.fr\/disciplines\/svt\/wp-json\/wp\/v2\/pages\/922\/revisions"}],"predecessor-version":[{"id":1932,"href":"https:\/\/ent2d.ac-bordeaux.fr\/disciplines\/svt\/wp-json\/wp\/v2\/pages\/922\/revisions\/1932"}],"up":[{"embeddable":true,"href":"https:\/\/ent2d.ac-bordeaux.fr\/disciplines\/svt\/wp-json\/wp\/v2\/pages\/1354"}],"wp:attachment":[{"href":"https:\/\/ent2d.ac-bordeaux.fr\/disciplines\/svt\/wp-json\/wp\/v2\/media?parent=922"}],"curies":[{"name":"wp","href":"https:\/\/api.w.org\/{rel}","templated":true}]}}