{"id":915,"date":"2016-02-23T22:11:10","date_gmt":"2016-02-23T21:11:10","guid":{"rendered":"http:\/\/ent2d.ac-bordeaux.fr\/disciplines\/svt\/?page_id=915"},"modified":"2016-11-30T19:55:36","modified_gmt":"2016-11-30T18:55:36","slug":"construction-des-capteurs-et-de-lamplificateur","status":"publish","type":"page","link":"https:\/\/ent2d.ac-bordeaux.fr\/disciplines\/svt\/ressources\/pedagogiques\/ressources-academiques-diverses\/thematique-la-planete-et-les-enjeux-contemporains\/la-propagation-des-ondes-sismiques\/des-sismographes-sur-mars\/construction-des-capteurs-et-de-lamplificateur\/","title":{"rendered":"Construction des capteurs et de l&rsquo;amplificateur"},"content":{"rendered":"<h4>L&rsquo;amplificateur<\/h4>\n<table border=\"0\" width=\"100%\" cellspacing=\"10\">\n<tbody>\n<tr>\n<td width=\"43%\"><img loading=\"lazy\" decoding=\"async\" class=\"style2\" src=\"http:\/\/crdp.ac-bordeaux.fr\/sciences\/reforme\/svt\/ressources\/propagation\/images\/schema1.jpg\" alt=\"\" width=\"311\" height=\"545\" \/><\/td>\n<td width=\"57%\">\n<p class=\"contenu\">Nomenclature :<\/p>\n<p class=\"contenu\">Ampli OP : TLC 272<\/p>\n<p class=\"contenu\">R\u00e9sistances:<br \/>\nR1, R5 = 27 k<br \/>\nR4, R8 = 1k<br \/>\nR2, R3, R6, R7 =1 M<\/p>\n<p class=\"contenu\">Condensateurs chimiques :<br \/>\nC1, C2 = 470 \u00b5F 25v<\/p>\n<p class=\"contenu\">Buzzers :<br \/>\nBuzzer Piezo DM-05<br \/>\nR\u00e9f\u00e9rence<a href=\"http:\/\/www.selectronic.fr\/\" target=\"_blank\"> S\u00e9lectronic<\/a> : 41.3167<\/p>\n<\/td>\n<\/tr>\n<\/tbody>\n<\/table>\n<p class=\"contenu\">L&rsquo;amplificateur op\u00e9rationnel TLC 272 comprend deux amplificateurs dans le m\u00eame bo\u00eetier.<\/p>\n<p class=\"contenu\">L&rsquo;alimentation se fait avec une pile 9 volts.<\/p>\n<p class=\"contenu\">Respecter la polarit\u00e9 des capteurs (buzzers piezo) rep\u00e9r\u00e9e par les fils de couleurs rouge (+) et noire (-)<\/p>\n<h4><b>C\u00e2blage<\/b><\/h4>\n<p class=\"contenu\">On peut utiliser un petit morceau de bak\u00e9lite \u00e0 bandes cuivr\u00e9es. Il suffit de souder les composants et de couper les bandes aux bons endroits avec une mini perceuse. Ne pas oublier de positionner les straps reliant les pistes cot\u00e9 bak\u00e9lite. Relier ensuite les entr\u00e9es et les sorties aux fiches de connexion.<br \/>\nLe prototype a \u00e9t\u00e9 r\u00e9alis\u00e9 selon cette technique.<\/p>\n<p class=\"contenu\"><img loading=\"lazy\" decoding=\"async\" src=\"http:\/\/crdp.ac-bordeaux.fr\/sciences\/reforme\/svt\/ressources\/propagation\/images\/ampli.jpg\" alt=\"\" width=\"320\" height=\"208\" \/><br \/>\nRelier le fil rouge du buzzer \u00e0 l&rsquo;entr\u00e9e + de l&rsquo;ampli OP, le fil noir \u00e0 la masse. Il faut trier les buzzers au pr\u00e9alable pour que les signaux varient dans le m\u00eame sens.<br \/>\nPour cela connecter les buzzers \u00e0 un millivoltm\u00e8tre (50 mV) puis appuyer sur la pastille en laiton et observer le sens de d\u00e9viation de l&rsquo;aiguille.<\/p>\n<table border=\"0\" width=\"71%\">\n<tbody>\n<tr>\n<td width=\"33%\"><img loading=\"lazy\" decoding=\"async\" src=\"http:\/\/crdp.ac-bordeaux.fr\/sciences\/reforme\/svt\/ressources\/propagation\/images\/cibakeli.jpg\" alt=\"\" width=\"689\" height=\"318\" \/><\/td>\n<\/tr>\n<\/tbody>\n<\/table>\n<p class=\"contenu\">On peut r\u00e9aliser le circuit avec de la bak\u00e9lite \u00e0 bandes cuivr\u00e9es (ci-dessus) ou en faisant un circuit imprim\u00e9<\/p>\n<table border=\"0\" width=\"47%\" align=\"left\">\n<tbody>\n<tr>\n<td><img loading=\"lazy\" decoding=\"async\" src=\"http:\/\/crdp.ac-bordeaux.fr\/sciences\/reforme\/svt\/ressources\/propagation\/images\/ci.jpg\" alt=\"\" width=\"446\" height=\"453\" \/><\/td>\n<\/tr>\n<\/tbody>\n<\/table>\n<h4><b>Construction des capteurs<\/b><\/h4>\n<p class=\"contenu\">Le trou central par o\u00f9 sort le son \u00e0 l&rsquo;origine doit \u00eatre agrandi pour pouvoir coller la vis qui maintient l&rsquo;olive sur la pastille en laiton. Attention aux d\u00e9bordements de colle qui emp\u00eacheraient tout mouvement !<\/p>\n<p class=\"contenu\">Pour agrandir le trou il est inutile de d\u00e9monter le buzzer. Avec un foret pour m\u00e9tal de diam\u00e8tre &gt;ou = \u00e0 12 mm<b>tenu \u00e0 la main<\/b>, chanfreiner le trou central pour faciliter son agrandissement \u00e0 l&rsquo;aide d&rsquo;un cutter.(Attention op\u00e9ration d\u00e9licate !)<\/p>\n<table border=\"0\" width=\"75%\">\n<tbody>\n<tr>\n<td><img loading=\"lazy\" decoding=\"async\" src=\"http:\/\/crdp.ac-bordeaux.fr\/sciences\/reforme\/svt\/ressources\/propagation\/images\/capteurvis.jpg\" alt=\"\" width=\"320\" height=\"228\" \/><\/td>\n<td><img loading=\"lazy\" decoding=\"async\" src=\"http:\/\/crdp.ac-bordeaux.fr\/sciences\/reforme\/svt\/ressources\/propagation\/images\/captcomplet.jpg\" alt=\"\" width=\"320\" height=\"228\" \/><\/td>\n<\/tr>\n<\/tbody>\n<\/table>\n<p class=\"contenu\">La masse inerte est une olive de 60 grammes. Il faut tarauder le canal central \u00e0 l&rsquo;aide d&rsquo;une vis semblable \u00e0 celle qui a \u00e9t\u00e9 coll\u00e9e pour faciliter la mise en place par vissage. Le capteur est ainsi d\u00e9montable pour le transport.<\/p>\n<h4><b>Liaison capteur-amplificateur :<\/b><\/h4>\n<p class=\"contenu\">Utiliser du c\u00e2ble blind\u00e9 pour liaison basse fr\u00e9quence.Le c\u00e2ble standard pour microphone convient.<br \/>\nConnecteurs : fiches m\u00e2les et femelles RCA standard pour cordons.<\/p>\n<h4><b>Liaison sortie amplificateur &#8211; interface ExAO :<\/b><\/h4>\n<p class=\"contenu\">La sortie se fait sur douilles bananes diam\u00e8tre 4mm, les voltm\u00e8tres des interfaces du commerce \u00e9tant compatibles avec ce standard.<\/p>\n","protected":false},"excerpt":{"rendered":"<p>L&rsquo;amplificateur Nomenclature : Ampli OP : TLC 272 R\u00e9sistances: R1, R5 = 27 k R4, R8 = 1k R2, R3, R6, R7 =1 M Condensateurs chimiques : C1, C2 = 470 \u00b5F 25v Buzzers : Buzzer Piezo DM-05 R\u00e9f\u00e9rence S\u00e9lectronic : 41.3167 L&rsquo;amplificateur op\u00e9rationnel TLC 272 comprend deux amplificateurs dans le m\u00eame bo\u00eetier. L&rsquo;alimentation se &hellip; <\/p>\n<p><a class=\"more-link btn\" href=\"https:\/\/ent2d.ac-bordeaux.fr\/disciplines\/svt\/ressources\/pedagogiques\/ressources-academiques-diverses\/thematique-la-planete-et-les-enjeux-contemporains\/la-propagation-des-ondes-sismiques\/des-sismographes-sur-mars\/construction-des-capteurs-et-de-lamplificateur\/\">Lire la suite<\/a><\/p>\n","protected":false},"author":8,"featured_media":0,"parent":917,"menu_order":0,"comment_status":"closed","ping_status":"closed","template":"template-twocolumnsright.php","meta":{"footnotes":""},"class_list":["post-915","page","type-page","status-publish","hentry","nodate","item-wrap"],"_links":{"self":[{"href":"https:\/\/ent2d.ac-bordeaux.fr\/disciplines\/svt\/wp-json\/wp\/v2\/pages\/915","targetHints":{"allow":["GET"]}}],"collection":[{"href":"https:\/\/ent2d.ac-bordeaux.fr\/disciplines\/svt\/wp-json\/wp\/v2\/pages"}],"about":[{"href":"https:\/\/ent2d.ac-bordeaux.fr\/disciplines\/svt\/wp-json\/wp\/v2\/types\/page"}],"author":[{"embeddable":true,"href":"https:\/\/ent2d.ac-bordeaux.fr\/disciplines\/svt\/wp-json\/wp\/v2\/users\/8"}],"replies":[{"embeddable":true,"href":"https:\/\/ent2d.ac-bordeaux.fr\/disciplines\/svt\/wp-json\/wp\/v2\/comments?post=915"}],"version-history":[{"count":2,"href":"https:\/\/ent2d.ac-bordeaux.fr\/disciplines\/svt\/wp-json\/wp\/v2\/pages\/915\/revisions"}],"predecessor-version":[{"id":1306,"href":"https:\/\/ent2d.ac-bordeaux.fr\/disciplines\/svt\/wp-json\/wp\/v2\/pages\/915\/revisions\/1306"}],"up":[{"embeddable":true,"href":"https:\/\/ent2d.ac-bordeaux.fr\/disciplines\/svt\/wp-json\/wp\/v2\/pages\/917"}],"wp:attachment":[{"href":"https:\/\/ent2d.ac-bordeaux.fr\/disciplines\/svt\/wp-json\/wp\/v2\/media?parent=915"}],"curies":[{"name":"wp","href":"https:\/\/api.w.org\/{rel}","templated":true}]}}