{"id":912,"date":"2016-02-23T22:08:46","date_gmt":"2016-02-23T21:08:46","guid":{"rendered":"http:\/\/ent2d.ac-bordeaux.fr\/disciplines\/svt\/?page_id=912"},"modified":"2016-11-30T19:55:36","modified_gmt":"2016-11-30T18:55:36","slug":"la-propagation-des-ondes-sismiques","status":"publish","type":"page","link":"https:\/\/ent2d.ac-bordeaux.fr\/disciplines\/svt\/ressources\/pedagogiques\/ressources-academiques-diverses\/thematique-la-planete-et-les-enjeux-contemporains\/la-propagation-des-ondes-sismiques\/","title":{"rendered":"La Propagation des ondes sismiques"},"content":{"rendered":"<p class=\"contenu\">Exp\u00e9rimentation assist\u00e9e par ordinateur en g\u00e9ologie<br \/>\nEtude de la propagation des ondes sismiques<br \/>\n(niveau coll\u00e8ge)<\/p>\n<p class=\"contenu\" align=\"right\">Auteur : DARRIGAN Jean Marc (Acad\u00e9mie de Bordeaux)<\/p>\n<hr \/>\n<h2>Objectifs p\u00e9dagogiques<\/h2>\n<ul>\n<li>\n<p class=\"contenu\">Mettre en \u00e9vidence sur le terrain les modalit\u00e9s de propagation des ondes sismiques.<\/p>\n<\/li>\n<\/ul>\n<p class=\"contenu\">Mise en \u00e9vidence de la propagation omnidirectionnelle et notion de rai sismique.<br \/>\nVitesse de propagation le long d&rsquo;un rai sismique.<br \/>\nAmortissement des vibrations suivant la distance \u00e0 l&rsquo;\u00e9picentre.<br \/>\nPrincipe de construction des lignes isos\u00e9istes.<\/p>\n<ul>\n<li>\n<p class=\"contenu\">Apprendre le param\u00e9trage d&rsquo;un logiciel d&rsquo;acquisition.<\/p>\n<\/li>\n<\/ul>\n<p class=\"contenu\">mesure en mode d\u00e9clench\u00e9 par l&rsquo;exp\u00e9rimentateur.<br \/>\nmesure en mode synchronis\u00e9.<\/p>\n<ul>\n<li>\n<p class=\"contenu\">Savoir lire un graphe et calculer une vitesse.<\/p>\n<\/li>\n<li>\n<p class=\"contenu\">Comprendre les applications de l&rsquo;\u00e9tude des ondes sismiques (structure interne de la Terre, sismique r\u00e9flexion, sismique r\u00e9fraction).<\/p>\n<\/li>\n<\/ul>\n<h3>Mat\u00e9riel n\u00e9cessaire<\/h3>\n<p class=\"contenu\">Une interface portable du commerce munie de voltm\u00e8tres (on peut utiliser plusieurs voltm\u00e8tres). Un logiciel d&rsquo;acquisition g\u00e9n\u00e9raliste.<br \/>\nUn ordinateur portable n&rsquo;est pas indispensable mais facilitera la visualisation des r\u00e9sultats sur le terrain.<\/p>\n<p>Un dispositif de mesure, <b>\u00e0 construire<\/b>, comprenant un amplificateur et des capteurs (<a href=\"http:\/\/ent2d.ac-bordeaux.fr\/disciplines\/svt\/construction-des-capteurs-et-de-lamplificateur\/\">voir plans et conseils de construction<\/a>).<br \/>\nUn maillet de carreleur en caoutchouc et un cordeau \u00e0 tracer.<\/p>\n<h3><b>Mise en oeuvre sur le terrain<\/b><\/h3>\n<p class=\"contenu\">Les capteurs sont sensibles et un enregistrement pourra \u00eatre obtenu m\u00eame sur de la terre battue. Cependant il est pr\u00e9f\u00e9rable de choisir une aire ciment\u00e9e sur laquelle on pourra \u00e9crire avec le cordeau \u00e0 tracer.<br \/>\n<b>ATTENTION<\/b> : L&rsquo;interface et l&rsquo;ordinateur portable doivent fonctionner sur batterie car le secteur perturbe l&rsquo;enregistrement des signaux.<\/p>\n<p class=\"contenu\">Mat\u00e9rialiser l&rsquo;\u00e9picentre et disposer les capteurs dans des directions diff\u00e9rentes. Avec la plupart des interfaces du commerce 4 capteurs peuvent \u00eatre utilis\u00e9s simultan\u00e9ment sinon faire plusieurs essais successifs. Param\u00e8trer le logiciel d&rsquo;acquisition -dur\u00e9e 2 secondes 500 points de mesure-et cr\u00e9er un micro-seisme (coup de maillet ou \u00e9l\u00e8ve sautant d&rsquo;une chaise). Constater que chaque capteur \u00e0 enregistr\u00e9 une vibration et tracer les rais sismiques avec le cordeau \u00e0 tracer.<\/p>\n<p class=\"contenu\">Disposer ensuite les capteurs le long d&rsquo;un rai sismique et enregistrer pour mettre en \u00e9vidence l&rsquo;amortissement des vibrations.<\/p>\n<p class=\"contenu\">Expliquer la notion de ligne isos\u00e9iste et en tracer une \u00e0 la craie.<\/p>\n<p class=\"contenu\">Pour calculer avec pr\u00e9cision la vitesse il faut param\u00e8trer le logiciel en mode synchronis\u00e9 sur le capteur le plus proche de l&rsquo;\u00e9picentre.(dur\u00e9e 250 ms- 500 points de mesure) ou placer un d\u00e9tecteur de choc sur le manche du maillet et le connecter \u00e0 la prise synchro de l&rsquo;interface.<\/p>\n<h3><b>Travaux d&rsquo;\u00e9l\u00e8ves<\/b><\/h3>\n<p class=\"contenu\">Ce dispositif a \u00e9t\u00e9 utilis\u00e9 par des \u00e9l\u00e8ves de 4\u00e8me en itin\u00e9raire de d\u00e9couverte et ils ont pr\u00e9sent\u00e9 leur sujet d&rsquo;\u00e9tude qui avait pour titre \u00ab\u00a0<a href=\"http:\/\/ent2d.ac-bordeaux.fr\/disciplines\/svt\/des-sismographes-sur-mars\/\">Des sismographes sur Mars<\/a>\u00a0\u00bb lors du concours national de robotique<\/p>\n<h3><b>Liens<\/b><\/h3>\n<p class=\"contenu\"><a href=\"http:\/\/www.ac-nice.fr\/svt\/azurea_2002\/cpterendus\/cr1.htm\" target=\"_blank\">Travaux de Hubert Ferry<\/a> sur le m\u00eame th\u00e8me :MODELISER DES CAPTEURS SISMIQUES A L&rsquo;AIDE D&rsquo;UN MATERIEL SIMPLE.<\/p>\n<p class=\"contenu\">Un sismographe simple avec des capteurs pi\u00e9zo-\u00e9lectriques: <a href=\"http:\/\/www.ac-toulouse.fr\/svt\/college\/piezo.htm\" target=\"_blank\">http:\/\/www.ac-toulouse.fr\/svt\/college\/piezo.htm<\/a><\/p>\n<p class=\"contenu\"><a href=\"mailto:jean-marc.darrigan@wanadoo.fr\">Ecrire \u00e0 l&rsquo;auteur<\/a><\/p>\n","protected":false},"excerpt":{"rendered":"<p>Exp\u00e9rimentation assist\u00e9e par ordinateur en g\u00e9ologie Etude de la propagation des ondes sismiques (niveau coll\u00e8ge) Auteur : DARRIGAN Jean Marc (Acad\u00e9mie de Bordeaux) Objectifs p\u00e9dagogiques Mettre en \u00e9vidence sur le terrain les modalit\u00e9s de propagation des ondes sismiques. Mise en \u00e9vidence de la propagation omnidirectionnelle et notion de rai sismique. Vitesse de propagation le long &hellip; <\/p>\n<p><a class=\"more-link btn\" href=\"https:\/\/ent2d.ac-bordeaux.fr\/disciplines\/svt\/ressources\/pedagogiques\/ressources-academiques-diverses\/thematique-la-planete-et-les-enjeux-contemporains\/la-propagation-des-ondes-sismiques\/\">Lire la suite<\/a><\/p>\n","protected":false},"author":8,"featured_media":0,"parent":1354,"menu_order":2,"comment_status":"closed","ping_status":"closed","template":"template-twocolumnsright.php","meta":{"footnotes":""},"class_list":["post-912","page","type-page","status-publish","hentry","nodate","item-wrap"],"_links":{"self":[{"href":"https:\/\/ent2d.ac-bordeaux.fr\/disciplines\/svt\/wp-json\/wp\/v2\/pages\/912","targetHints":{"allow":["GET"]}}],"collection":[{"href":"https:\/\/ent2d.ac-bordeaux.fr\/disciplines\/svt\/wp-json\/wp\/v2\/pages"}],"about":[{"href":"https:\/\/ent2d.ac-bordeaux.fr\/disciplines\/svt\/wp-json\/wp\/v2\/types\/page"}],"author":[{"embeddable":true,"href":"https:\/\/ent2d.ac-bordeaux.fr\/disciplines\/svt\/wp-json\/wp\/v2\/users\/8"}],"replies":[{"embeddable":true,"href":"https:\/\/ent2d.ac-bordeaux.fr\/disciplines\/svt\/wp-json\/wp\/v2\/comments?post=912"}],"version-history":[{"count":4,"href":"https:\/\/ent2d.ac-bordeaux.fr\/disciplines\/svt\/wp-json\/wp\/v2\/pages\/912\/revisions"}],"predecessor-version":[{"id":1377,"href":"https:\/\/ent2d.ac-bordeaux.fr\/disciplines\/svt\/wp-json\/wp\/v2\/pages\/912\/revisions\/1377"}],"up":[{"embeddable":true,"href":"https:\/\/ent2d.ac-bordeaux.fr\/disciplines\/svt\/wp-json\/wp\/v2\/pages\/1354"}],"wp:attachment":[{"href":"https:\/\/ent2d.ac-bordeaux.fr\/disciplines\/svt\/wp-json\/wp\/v2\/media?parent=912"}],"curies":[{"name":"wp","href":"https:\/\/api.w.org\/{rel}","templated":true}]}}