{"id":910,"date":"2016-02-23T22:07:16","date_gmt":"2016-02-23T21:07:16","guid":{"rendered":"http:\/\/ent2d.ac-bordeaux.fr\/disciplines\/svt\/?page_id=910"},"modified":"2018-01-17T14:06:25","modified_gmt":"2018-01-17T13:06:25","slug":"la-trilogie-aquitanienne-dans-lagenais","status":"publish","type":"page","link":"https:\/\/ent2d.ac-bordeaux.fr\/disciplines\/svt\/ressources\/pedagogiques\/lithotheque\/la-trilogie-aquitanienne-dans-lagenais\/","title":{"rendered":"La trilogie aquitanienne dans l&rsquo;Agenais"},"content":{"rendered":"<p class=\"contenu\">La trilogie de l&rsquo;Aquitanien est compos\u00e9e de trois couches bien visibles dans l&rsquo;Agenais form\u00e9es au cours du Mioc\u00e8ne.<\/p>\n<p class=\"contenu\">Elle comprend chronologiquement :<\/p>\n<ul>\n<li>le calcaire blanc de l&rsquo;Agenais<\/li>\n<li>les marnes et argiles \u00e0 Ostrea aginensis<\/li>\n<li>le calcaire gris de l&rsquo;Agenais<\/li>\n<\/ul>\n<p class=\"contenu\">Cette s\u00e9rie repose sur une formation continentale mollassique du Stampien (fin de l&rsquo;Oligoc\u00e8ne).<\/p>\n<h3 align=\"center\"><b>Echelle partielle des temps g\u00e9ologiques<\/b><\/h3>\n<p style=\"text-align: center\"><a href=\"https:\/\/ent2d.ac-bordeaux.fr\/disciplines\/svt\/wp-content\/uploads\/sites\/4\/2016\/02\/ceno2.png\"><img loading=\"lazy\" decoding=\"async\" class=\"alignnone size-medium wp-image-1586\" src=\"https:\/\/ent2d.ac-bordeaux.fr\/disciplines\/svt\/wp-content\/uploads\/sites\/4\/2016\/02\/ceno2-300x190.png\" alt=\"ceno2\" width=\"300\" height=\"190\" srcset=\"https:\/\/ent2d.ac-bordeaux.fr\/disciplines\/svt\/wp-content\/uploads\/sites\/4\/2016\/02\/ceno2-300x190.png 300w, https:\/\/ent2d.ac-bordeaux.fr\/disciplines\/svt\/wp-content\/uploads\/sites\/4\/2016\/02\/ceno2.png 417w\" sizes=\"auto, (max-width: 300px) 100vw, 300px\" \/><\/a><\/p>\n<ul>\n<li><a href=\"https:\/\/ent2d.ac-bordeaux.fr\/disciplines\/svt\/enseigner\/bases-de-donnees-documentaires\/ressources-academiques\/lithotheque\/la-trilogie-aquitanienne-dans-lagenais\/\">Introduction<\/a><\/li>\n<li><a href=\"http:\/\/ent2d.ac-bordeaux.fr\/disciplines\/svt\/ressources-scientifiques-et-pedagogiques\/la-trilogie-aquitanienne-dans-lagenais\/localisation-de-la-serie-aquitanienne\/\">Localisation de la s\u00e9rie aquitanienne<\/a><\/li>\n<li><a href=\"http:\/\/ent2d.ac-bordeaux.fr\/disciplines\/svt\/ressources-scientifiques-et-pedagogiques\/la-trilogie-aquitanienne-dans-lagenais\/etude-stratigraphique-des-differents-termes-de-la-serie\/\">Etude stratigraphique des diff\u00e9rents termes de la s\u00e9rie<\/a><\/li>\n<li><a href=\"http:\/\/ent2d.ac-bordeaux.fr\/disciplines\/svt\/ressources-scientifiques-et-pedagogiques\/la-trilogie-aquitanienne-dans-lagenais\/reconstitution-paleoecologique-et-paleoclimatique\/\">Reconstitution pal\u00e9o\u00e9cologique et pal\u00e9oclimatique<\/a><\/li>\n<li><a href=\"http:\/\/ent2d.ac-bordeaux.fr\/disciplines\/svt\/ressources-scientifiques-et-pedagogiques\/la-trilogie-aquitanienne-dans-lagenais\/bibliographie\/\">Bibliographie<\/a><\/li>\n<\/ul>\n","protected":false},"excerpt":{"rendered":"<p>La trilogie de l&rsquo;Aquitanien est compos\u00e9e de trois couches bien visibles dans l&rsquo;Agenais form\u00e9es au cours du Mioc\u00e8ne. Elle comprend chronologiquement : le calcaire blanc de l&rsquo;Agenais les marnes et argiles \u00e0 Ostrea aginensis le calcaire gris de l&rsquo;Agenais Cette s\u00e9rie repose sur une formation continentale mollassique du Stampien (fin de l&rsquo;Oligoc\u00e8ne). Echelle partielle des &hellip; <\/p>\n<p><a class=\"more-link btn\" href=\"https:\/\/ent2d.ac-bordeaux.fr\/disciplines\/svt\/ressources\/pedagogiques\/lithotheque\/la-trilogie-aquitanienne-dans-lagenais\/\">Lire la suite<\/a><\/p>\n","protected":false},"author":8,"featured_media":0,"parent":32,"menu_order":2,"comment_status":"closed","ping_status":"closed","template":"template-onecolumn.php","meta":{"footnotes":""},"class_list":["post-910","page","type-page","status-publish","hentry","nodate","item-wrap"],"_links":{"self":[{"href":"https:\/\/ent2d.ac-bordeaux.fr\/disciplines\/svt\/wp-json\/wp\/v2\/pages\/910","targetHints":{"allow":["GET"]}}],"collection":[{"href":"https:\/\/ent2d.ac-bordeaux.fr\/disciplines\/svt\/wp-json\/wp\/v2\/pages"}],"about":[{"href":"https:\/\/ent2d.ac-bordeaux.fr\/disciplines\/svt\/wp-json\/wp\/v2\/types\/page"}],"author":[{"embeddable":true,"href":"https:\/\/ent2d.ac-bordeaux.fr\/disciplines\/svt\/wp-json\/wp\/v2\/users\/8"}],"replies":[{"embeddable":true,"href":"https:\/\/ent2d.ac-bordeaux.fr\/disciplines\/svt\/wp-json\/wp\/v2\/comments?post=910"}],"version-history":[{"count":8,"href":"https:\/\/ent2d.ac-bordeaux.fr\/disciplines\/svt\/wp-json\/wp\/v2\/pages\/910\/revisions"}],"predecessor-version":[{"id":2138,"href":"https:\/\/ent2d.ac-bordeaux.fr\/disciplines\/svt\/wp-json\/wp\/v2\/pages\/910\/revisions\/2138"}],"up":[{"embeddable":true,"href":"https:\/\/ent2d.ac-bordeaux.fr\/disciplines\/svt\/wp-json\/wp\/v2\/pages\/32"}],"wp:attachment":[{"href":"https:\/\/ent2d.ac-bordeaux.fr\/disciplines\/svt\/wp-json\/wp\/v2\/media?parent=910"}],"curies":[{"name":"wp","href":"https:\/\/api.w.org\/{rel}","templated":true}]}}