{"id":908,"date":"2016-02-23T22:02:50","date_gmt":"2016-02-23T21:02:50","guid":{"rendered":"http:\/\/ent2d.ac-bordeaux.fr\/disciplines\/svt\/?page_id=908"},"modified":"2016-11-30T19:59:13","modified_gmt":"2016-11-30T18:59:13","slug":"le-mimetisme-dans-le-monde-vivant","status":"publish","type":"page","link":"https:\/\/ent2d.ac-bordeaux.fr\/disciplines\/svt\/le-mimetisme-dans-le-monde-vivant\/","title":{"rendered":"Le mim\u00e9tisme dans le monde vivant"},"content":{"rendered":"<h2><b>Introduction<\/b><\/h2>\n<p><img decoding=\"async\" src=\"http:\/\/crdp.ac-bordeaux.fr\/sciences\/reforme\/svt\/ressources\/mimetisme\/Fonds\/SNature17.jpg\" alt=\"\" border=\"0\" \/><\/p>\n<p class=\"contenu\">On s\u2019extasie souvent devant \u00ab\u00a0les merveilles de la nature\u00a0\u00bb, on la trouve tellement magnifique. On dit \u00e9galement que la nature est bien faite. Le mim\u00e9tisme constitue un exemple typique dans lequel on pourrait utiliser cette expression. Il faut cependant pr\u00e9ciser que ce n\u2019est pas l\u2019ing\u00e9niosit\u00e9 de Dame Nature mais celle de l\u2019A.D.N qui est \u00e0 l\u2019origine de l\u2019extraordinaire complexit\u00e9 du monde vivant. Ce site se veut \u00eatre une promenade dans quelques beaux exemples de mim\u00e9tisme actuels, une ballade au gr\u00e9 d\u2019\u00e9volutions les plus surprenantes de l\u2019individu \u00e0 la mol\u00e9cule.<br \/>\nDans une premi\u00e8re partie, nous d\u00e9finiront le mim\u00e9tisme, puis nous envisagerons les diff\u00e9rentes \u00ab\u00a0raisons\u00a0\u00bb d\u2019exister du mim\u00e9tisme, nous verrons ensuite le mim\u00e9tisme \u00e0 l\u2019\u00e9chelle mol\u00e9culaire et enfin nous terminerons par quelques explications concernant l\u2019Evolution \u00e0 l\u2019origine du mim\u00e9tisme.<\/p>\n<ul>\n<li><a href=\"http:\/\/ent2d.ac-bordeaux.fr\/disciplines\/svt\/quest-ce-que-le-mimetisme\/\">Qu&rsquo;est-ce\u00a0que\u00a0le\u00a0mim\u00e9tisme?<\/a><\/li>\n<li><a href=\"http:\/\/ent2d.ac-bordeaux.fr\/disciplines\/svt\/mimer-pour-se-cacher\/\">Mimer\u00a0pour\u00a0se\u00a0cacher<\/a><\/li>\n<li><a href=\"http:\/\/ent2d.ac-bordeaux.fr\/disciplines\/svt\/le-mimetisme-dans-le-monde-vivant\/mimer-pour-effrayer\/\">Mimer\u00a0pour\u00a0effrayer<\/a><\/li>\n<li><a href=\"http:\/\/ent2d.ac-bordeaux.fr\/disciplines\/svt\/le-mimetisme-dans-le-monde-vivant\/mimer-pour-attirer-ses-proies\/\">Mimer\u00a0pour\u00a0attirer\u00a0ses\u00a0proies<\/a><\/li>\n<li><a href=\"http:\/\/ent2d.ac-bordeaux.fr\/disciplines\/svt\/le-mimetisme-dans-le-monde-vivant\/mimer-pour-se-reproduire\/\">Mimer\u00a0pour\u00a0se\u00a0reproduire<\/a><\/li>\n<li><a href=\"http:\/\/ent2d.ac-bordeaux.fr\/disciplines\/svt\/le-mimetisme-dans-le-monde-vivant\/mimetisme-a-lechelle-moleculaire\/\">Mim\u00e9tisme\u00a0\u00e0\u00a0l&rsquo;\u00e9chelle\u00a0mol\u00e9culaire<\/a><\/li>\n<li><a href=\"http:\/\/ent2d.ac-bordeaux.fr\/disciplines\/svt\/le-mimetisme-dans-le-monde-vivant\/evolution-et-mimetisme\/\">Evolution\u00a0et\u00a0mim\u00e9tisme<\/a><\/li>\n<li><a href=\"http:\/\/ent2d.ac-bordeaux.fr\/disciplines\/svt\/le-mimetisme-dans-le-monde-vivant\/bibliographie\/\">Bibliographie<\/a><\/li>\n<\/ul>\n<hr \/>\n<p>&nbsp;<\/p>\n","protected":false},"excerpt":{"rendered":"<p>Introduction On s\u2019extasie souvent devant \u00ab\u00a0les merveilles de la nature\u00a0\u00bb, on la trouve tellement magnifique. On dit \u00e9galement que la nature est bien faite. Le mim\u00e9tisme constitue un exemple typique dans lequel on pourrait utiliser cette expression. Il faut cependant pr\u00e9ciser que ce n\u2019est pas l\u2019ing\u00e9niosit\u00e9 de Dame Nature mais celle de l\u2019A.D.N qui est &hellip; <\/p>\n<p><a class=\"more-link btn\" href=\"https:\/\/ent2d.ac-bordeaux.fr\/disciplines\/svt\/le-mimetisme-dans-le-monde-vivant\/\">Lire la suite<\/a><\/p>\n","protected":false},"author":8,"featured_media":0,"parent":0,"menu_order":2,"comment_status":"closed","ping_status":"closed","template":"template-twocolumnsright.php","meta":{"footnotes":""},"class_list":["post-908","page","type-page","status-publish","hentry","nodate","item-wrap"],"_links":{"self":[{"href":"https:\/\/ent2d.ac-bordeaux.fr\/disciplines\/svt\/wp-json\/wp\/v2\/pages\/908","targetHints":{"allow":["GET"]}}],"collection":[{"href":"https:\/\/ent2d.ac-bordeaux.fr\/disciplines\/svt\/wp-json\/wp\/v2\/pages"}],"about":[{"href":"https:\/\/ent2d.ac-bordeaux.fr\/disciplines\/svt\/wp-json\/wp\/v2\/types\/page"}],"author":[{"embeddable":true,"href":"https:\/\/ent2d.ac-bordeaux.fr\/disciplines\/svt\/wp-json\/wp\/v2\/users\/8"}],"replies":[{"embeddable":true,"href":"https:\/\/ent2d.ac-bordeaux.fr\/disciplines\/svt\/wp-json\/wp\/v2\/comments?post=908"}],"version-history":[{"count":6,"href":"https:\/\/ent2d.ac-bordeaux.fr\/disciplines\/svt\/wp-json\/wp\/v2\/pages\/908\/revisions"}],"predecessor-version":[{"id":1581,"href":"https:\/\/ent2d.ac-bordeaux.fr\/disciplines\/svt\/wp-json\/wp\/v2\/pages\/908\/revisions\/1581"}],"wp:attachment":[{"href":"https:\/\/ent2d.ac-bordeaux.fr\/disciplines\/svt\/wp-json\/wp\/v2\/media?parent=908"}],"curies":[{"name":"wp","href":"https:\/\/api.w.org\/{rel}","templated":true}]}}