{"id":735,"date":"2016-02-19T21:31:37","date_gmt":"2016-02-19T20:31:37","guid":{"rendered":"http:\/\/ent2d.ac-bordeaux.fr\/disciplines\/svt\/?page_id=735"},"modified":"2016-11-30T19:53:40","modified_gmt":"2016-11-30T18:53:40","slug":"boite-a-outils-test-groupes-sanguins","status":"publish","type":"page","link":"https:\/\/ent2d.ac-bordeaux.fr\/disciplines\/svt\/boite-a-outils-test-groupes-sanguins\/","title":{"rendered":"Bo\u00eete \u00e0 outils : test groupes sanguins"},"content":{"rendered":"<p><u>1\u00e8re \u00e9tape<\/u><\/p>\n<ul>\n<li>d\u00e9poser, c\u00f4te \u00e0 c\u00f4te sans qu&rsquo;elles ne se touchent, une goutte de sang de groupe A sur une lame de microscope et une goutte d&rsquo;eau distill\u00e9e.<\/li>\n<li>m\u00e9langer les deux gouttes<\/li>\n<li>observer au microscope<\/li>\n<\/ul>\n<p><u>Etapes suivantes<\/u> : Refaire successivement la m\u00eame op\u00e9ration avec<\/p>\n<ul>\n<li>une goutte de s\u00e9rum X (en r\u00e9alit\u00e9 anti-A) \u00e0 la place de l&rsquo;eau distill\u00e9e<\/li>\n<li>une goutte de s\u00e9rum Y (en r\u00e9alit\u00e9 du s\u00e9rum anti-B) \u00e0 la place de l&rsquo;eau distill\u00e9e<\/li>\n<li>une goutte de sang B avec du s\u00e9rum Y<\/li>\n<\/ul>\n<div align=\"right\">RETOUR VERS <a href=\"http:\/\/ent2d.ac-bordeaux.fr\/disciplines\/svt\/enseigner\/ressources-par-niveau\/reforme-college\/demarches-en-svt-gttp\/modele-clef-serrure-et-groupes-sanguins-1\/\">GROUPES SANGUINS 1<\/a><br \/>\n<a href=\"http:\/\/ent2d.ac-bordeaux.fr\/disciplines\/svt\/enseigner\/ressources-par-niveau\/reforme-college\/demarches-en-svt-gttp\/modele-clef-serrure-et-groupes-sanguins-2\/\">GROUPES SANGUINS 2<\/a><br \/>\n<a href=\"http:\/\/ent2d.ac-bordeaux.fr\/disciplines\/svt\/enseigner\/ressources-par-niveau\/reforme-college\/demarches-en-svt-gttp\/modele-clef-serrure-et-groupes-sanguins-3\/\">GROUPES SANGUINS 3<\/a><br \/>\n<a href=\"http:\/\/ent2d.ac-bordeaux.fr\/disciplines\/svt\/enseigner\/ressources-par-niveau\/reforme-college\/demarches-en-svt-gttp\/modele-clef-serrure-et-groupes-sanguins-4\/\">GROUPES SANGUINS 4<\/a><\/div>\n","protected":false},"excerpt":{"rendered":"<p>1\u00e8re \u00e9tape d\u00e9poser, c\u00f4te \u00e0 c\u00f4te sans qu&rsquo;elles ne se touchent, une goutte de sang de groupe A sur une lame de microscope et une goutte d&rsquo;eau distill\u00e9e. m\u00e9langer les deux gouttes observer au microscope Etapes suivantes : Refaire successivement la m\u00eame op\u00e9ration avec une goutte de s\u00e9rum X (en r\u00e9alit\u00e9 anti-A) \u00e0 la place &hellip; <\/p>\n<p><a class=\"more-link btn\" href=\"https:\/\/ent2d.ac-bordeaux.fr\/disciplines\/svt\/boite-a-outils-test-groupes-sanguins\/\">Lire la suite<\/a><\/p>\n","protected":false},"author":8,"featured_media":0,"parent":0,"menu_order":0,"comment_status":"closed","ping_status":"closed","template":"template-twocolumnsright.php","meta":{"footnotes":""},"class_list":["post-735","page","type-page","status-publish","hentry","nodate","item-wrap"],"_links":{"self":[{"href":"https:\/\/ent2d.ac-bordeaux.fr\/disciplines\/svt\/wp-json\/wp\/v2\/pages\/735","targetHints":{"allow":["GET"]}}],"collection":[{"href":"https:\/\/ent2d.ac-bordeaux.fr\/disciplines\/svt\/wp-json\/wp\/v2\/pages"}],"about":[{"href":"https:\/\/ent2d.ac-bordeaux.fr\/disciplines\/svt\/wp-json\/wp\/v2\/types\/page"}],"author":[{"embeddable":true,"href":"https:\/\/ent2d.ac-bordeaux.fr\/disciplines\/svt\/wp-json\/wp\/v2\/users\/8"}],"replies":[{"embeddable":true,"href":"https:\/\/ent2d.ac-bordeaux.fr\/disciplines\/svt\/wp-json\/wp\/v2\/comments?post=735"}],"version-history":[{"count":2,"href":"https:\/\/ent2d.ac-bordeaux.fr\/disciplines\/svt\/wp-json\/wp\/v2\/pages\/735\/revisions"}],"predecessor-version":[{"id":737,"href":"https:\/\/ent2d.ac-bordeaux.fr\/disciplines\/svt\/wp-json\/wp\/v2\/pages\/735\/revisions\/737"}],"wp:attachment":[{"href":"https:\/\/ent2d.ac-bordeaux.fr\/disciplines\/svt\/wp-json\/wp\/v2\/media?parent=735"}],"curies":[{"name":"wp","href":"https:\/\/api.w.org\/{rel}","templated":true}]}}