{"id":727,"date":"2016-02-17T22:26:41","date_gmt":"2016-02-17T21:26:41","guid":{"rendered":"http:\/\/ent2d.ac-bordeaux.fr\/disciplines\/svt\/?page_id=727"},"modified":"2016-11-30T19:57:14","modified_gmt":"2016-11-30T18:57:14","slug":"methode-douchterlony","status":"publish","type":"page","link":"https:\/\/ent2d.ac-bordeaux.fr\/disciplines\/svt\/methode-douchterlony\/","title":{"rendered":"M\u00e9thode d&rsquo;Ouchterlony"},"content":{"rendered":"<table class=\"contenu\" style=\"height: 247px\" border=\"\" width=\"732\">\n<tbody>\n<tr>\n<td>C\u2019est l\u2019immunodiffusion sur gel : les solutions d\u00e9pos\u00e9es dans les puits creus\u00e9s dans le gel diffusent de fa\u00e7on homog\u00e8ne dans toutes les directions autour du puits. Deux aur\u00e9oles de diffusion peuvent donc entrer en contact lorsqu\u2019elles ont suffisamment progress\u00e9.<\/p>\n<ul>\n<li>Cette zone de contact reste invisible s\u2019il n\u2019y a pas de r\u00e9action entre les deux solutions.<\/li>\n<li>Quand il y a r\u00e9action entre les solutions, il se forme un arc de pr\u00e9cipitation visible \u00e0 l\u2019oeil nu. Celui-ci est d\u00fb \u00e0 l\u2019interaction entre de nombreux anticorps et les antig\u00e8nes sp\u00e9cifiques, entra\u00eenant la formation d\u2019un complexe immun.<\/li>\n<\/ul>\n<p><a href=\"http:\/\/ent2d.ac-bordeaux.fr\/disciplines\/svt\/wp-content\/uploads\/sites\/4\/2016\/02\/imageV6C.jpg\" rel=\"attachment wp-att-814\"><img loading=\"lazy\" decoding=\"async\" class=\"aligncenter size-full wp-image-814\" src=\"http:\/\/ent2d.ac-bordeaux.fr\/disciplines\/svt\/wp-content\/uploads\/sites\/4\/2016\/02\/imageV6C.jpg\" alt=\"imageV6C\" width=\"272\" height=\"164\" \/><\/a><br \/>\nLe temps de r\u00e9action est de l\u2019ordre de 24h<\/p>\n<p><b>1- Pr\u00e9paration du gel d\u2019Agar\u00a0<\/b><\/p>\n<p>1.1 Peser dans la coupelle 0,2g d\u2019Agar pr\u00e9lev\u00e9 \u00e0 l\u2019aide de la spatule<br \/>\n1.2 Verser 14 mL de tampon puis l\u2019Agar dans le B\u00e9cher et dissoudre soigneusement<br \/>\n1.3 Chauffer le m\u00e9lange en remuant \u00e0 la spatule jusqu\u2019\u00e0 ce que le m\u00e9lange devienne limpide et arr\u00eater au tout d\u00e9but de l\u2019\u00e9bullition.<br \/>\n1.4 Retirer \u00e0 l\u2019aide de la pince en bois et attendre une minute pour manipuler le B\u00e9cher sans se br\u00fbler<br \/>\n1.5 Pipeter 5 mL de gel d\u2019Agar chaud et fluide et le verser dans une bo\u00eete de P\u00e9tri<br \/>\n1.6 Egaliser le niveau et supprimer rapidement les bulles<br \/>\n1.7 Ne pas remuer les bo\u00eetes avant prise du gel d\u2019Agar : environ 5 mn<\/p>\n<p><b>2- Pr\u00e9paration du test<\/b><\/p>\n<p>2.1 Creuser\u00a0 les puits avec l\u2019emporte-pi\u00e8ce dans le gel d\u2019Agar d\u2019une bo\u00eete de P\u00e9tri.<br \/>\n2.2 Utiliser le cure-dent pour \u00e9liminer les disques de g\u00e9lose si n\u00e9cessaire.<\/p>\n<p><b>3- R\u00e9alisation du test<\/b><\/p>\n<p>3.1 Rep\u00e9rer sur la bo\u00eete de P\u00e9tri la disposition des produits \u00e0 d\u00e9poser dans les puits .<br \/>\n3.2 Remplir les puits : le produit, pr\u00e9lev\u00e9 dans un tube avec un compte goutte propre, doit \u00eatre d\u00e9pos\u00e9 dans le puits appropri\u00e9 sans d\u00e9bordement ni bulles et sans endommager le gel d\u2019agar.<\/p>\n<p><b>4 &#8211; Lire les r\u00e9sultats<\/b><\/td>\n<\/tr>\n<\/tbody>\n<\/table>\n","protected":false},"excerpt":{"rendered":"<p>C\u2019est l\u2019immunodiffusion sur gel : les solutions d\u00e9pos\u00e9es dans les puits creus\u00e9s dans le gel diffusent de fa\u00e7on homog\u00e8ne dans toutes les directions autour du puits. Deux aur\u00e9oles de diffusion peuvent donc entrer en contact lorsqu\u2019elles ont suffisamment progress\u00e9. Cette zone de contact reste invisible s\u2019il n\u2019y a pas de r\u00e9action entre les deux solutions. &hellip; <\/p>\n<p><a class=\"more-link btn\" href=\"https:\/\/ent2d.ac-bordeaux.fr\/disciplines\/svt\/methode-douchterlony\/\">Lire la suite<\/a><\/p>\n","protected":false},"author":8,"featured_media":0,"parent":0,"menu_order":0,"comment_status":"closed","ping_status":"closed","template":"template-twocolumnsright.php","meta":{"footnotes":""},"class_list":["post-727","page","type-page","status-publish","hentry","nodate","item-wrap"],"_links":{"self":[{"href":"https:\/\/ent2d.ac-bordeaux.fr\/disciplines\/svt\/wp-json\/wp\/v2\/pages\/727","targetHints":{"allow":["GET"]}}],"collection":[{"href":"https:\/\/ent2d.ac-bordeaux.fr\/disciplines\/svt\/wp-json\/wp\/v2\/pages"}],"about":[{"href":"https:\/\/ent2d.ac-bordeaux.fr\/disciplines\/svt\/wp-json\/wp\/v2\/types\/page"}],"author":[{"embeddable":true,"href":"https:\/\/ent2d.ac-bordeaux.fr\/disciplines\/svt\/wp-json\/wp\/v2\/users\/8"}],"replies":[{"embeddable":true,"href":"https:\/\/ent2d.ac-bordeaux.fr\/disciplines\/svt\/wp-json\/wp\/v2\/comments?post=727"}],"version-history":[{"count":6,"href":"https:\/\/ent2d.ac-bordeaux.fr\/disciplines\/svt\/wp-json\/wp\/v2\/pages\/727\/revisions"}],"predecessor-version":[{"id":816,"href":"https:\/\/ent2d.ac-bordeaux.fr\/disciplines\/svt\/wp-json\/wp\/v2\/pages\/727\/revisions\/816"}],"wp:attachment":[{"href":"https:\/\/ent2d.ac-bordeaux.fr\/disciplines\/svt\/wp-json\/wp\/v2\/media?parent=727"}],"curies":[{"name":"wp","href":"https:\/\/api.w.org\/{rel}","templated":true}]}}