{"id":709,"date":"2016-02-17T22:18:49","date_gmt":"2016-02-17T21:18:49","guid":{"rendered":"http:\/\/ent2d.ac-bordeaux.fr\/disciplines\/svt\/?page_id=709"},"modified":"2016-11-30T19:57:29","modified_gmt":"2016-11-30T18:57:29","slug":"principe-de-la-specificite-antigene-anticorps","status":"publish","type":"page","link":"https:\/\/ent2d.ac-bordeaux.fr\/disciplines\/svt\/principe-de-la-specificite-antigene-anticorps\/","title":{"rendered":"Principe de la sp\u00e9cificit\u00e9 Antig\u00e8ne &#8211; Anticorps"},"content":{"rendered":"<p><a href=\"http:\/\/ent2d.ac-bordeaux.fr\/disciplines\/svt\/wp-content\/uploads\/sites\/4\/2016\/02\/COMPLEXEIMMUN.gif\" rel=\"attachment wp-att-710\"><img loading=\"lazy\" decoding=\"async\" class=\"aligncenter size-medium wp-image-710\" src=\"http:\/\/ent2d.ac-bordeaux.fr\/disciplines\/svt\/wp-content\/uploads\/sites\/4\/2016\/02\/COMPLEXEIMMUN-300x166.gif\" alt=\"COMPLEXEIMMUN\" width=\"300\" height=\"166\" \/><\/a><\/p>\n<p style=\"text-align: center\"><u>Sch\u00e9ma illustrant la sp\u00e9cificit\u00e9 des anticorps pour les antig\u00e8nes<\/u><\/p>\n","protected":false},"excerpt":{"rendered":"<p>Sch\u00e9ma illustrant la sp\u00e9cificit\u00e9 des anticorps pour les antig\u00e8nes<\/p>\n","protected":false},"author":8,"featured_media":0,"parent":0,"menu_order":0,"comment_status":"closed","ping_status":"closed","template":"template-twocolumnsright.php","meta":{"footnotes":""},"class_list":["post-709","page","type-page","status-publish","hentry","nodate","item-wrap"],"_links":{"self":[{"href":"https:\/\/ent2d.ac-bordeaux.fr\/disciplines\/svt\/wp-json\/wp\/v2\/pages\/709","targetHints":{"allow":["GET"]}}],"collection":[{"href":"https:\/\/ent2d.ac-bordeaux.fr\/disciplines\/svt\/wp-json\/wp\/v2\/pages"}],"about":[{"href":"https:\/\/ent2d.ac-bordeaux.fr\/disciplines\/svt\/wp-json\/wp\/v2\/types\/page"}],"author":[{"embeddable":true,"href":"https:\/\/ent2d.ac-bordeaux.fr\/disciplines\/svt\/wp-json\/wp\/v2\/users\/8"}],"replies":[{"embeddable":true,"href":"https:\/\/ent2d.ac-bordeaux.fr\/disciplines\/svt\/wp-json\/wp\/v2\/comments?post=709"}],"version-history":[{"count":2,"href":"https:\/\/ent2d.ac-bordeaux.fr\/disciplines\/svt\/wp-json\/wp\/v2\/pages\/709\/revisions"}],"predecessor-version":[{"id":836,"href":"https:\/\/ent2d.ac-bordeaux.fr\/disciplines\/svt\/wp-json\/wp\/v2\/pages\/709\/revisions\/836"}],"wp:attachment":[{"href":"https:\/\/ent2d.ac-bordeaux.fr\/disciplines\/svt\/wp-json\/wp\/v2\/media?parent=709"}],"curies":[{"name":"wp","href":"https:\/\/api.w.org\/{rel}","templated":true}]}}