{"id":68,"date":"2016-01-18T09:29:12","date_gmt":"2016-01-18T08:29:12","guid":{"rendered":"http:\/\/ent2d.ac-bordeaux.fr\/disciplines\/svt\/?page_id=68"},"modified":"2016-11-30T19:56:18","modified_gmt":"2016-11-30T18:56:18","slug":"production-n1-partie-diversite-et-unite-des-etres-humains-genetique","status":"publish","type":"page","link":"https:\/\/ent2d.ac-bordeaux.fr\/disciplines\/svt\/ressources\/numeriques\/traam-2015\/traam-2015-classe-inversee-et-moodle-au-service-de-lautonomie-des-eleves\/production-n1-partie-diversite-et-unite-des-etres-humains-genetique\/","title":{"rendered":"3\u00e8me &#8211; Production n\u00b01"},"content":{"rendered":"<h1>Partie \u00ab\u00a0Diversit\u00e9 et unit\u00e9 des \u00eatres humains\u00a0\u00bb (G\u00e9n\u00e9tique)<\/h1>\n<h1>Notion de caryotype<\/h1>\n<p class=\"contenu\">Auteur\u00a0: Catherine Hupin<\/p>\n<p class=\"contenu\"><strong>Outils utilis\u00e9s<\/strong> :<\/p>\n<table style=\"border-collapse: collapse;border: none\" border=\"1\" width=\"100%\" cellspacing=\"0\" cellpadding=\"3\">\n<tbody>\n<tr>\n<td style=\"width: 34%;font-size: 0.8em\">Pour r\u00e9ussir \u00e0 faire\u2026<\/td>\n<td style=\"width: 33%;font-size: 0.8em\">Outils<\/td>\n<td style=\"width: 33%;font-size: 0.8em\">Tutoriels (si disponibles)<\/td>\n<\/tr>\n<tr>\n<td style=\"width: 34%;font-size: 0.8em\">Une capsule vid\u00e9o\u2026<\/td>\n<td style=\"width: 33%;font-size: 0.8em\">IMovie (logiciel de montage sur Mac)<\/td>\n<td style=\"width: 33%;font-size: 0.8em\"><\/td>\n<\/tr>\n<tr>\n<td style=\"width: 34%;font-size: 0.8em\">\u2026 contenant du Stop Motion<\/td>\n<td style=\"width: 33%;font-size: 0.8em\">Animation (application pour r\u00e9aliser du Stop Motion)<\/td>\n<td style=\"width: 33%;font-size: 0.8em\"><\/td>\n<\/tr>\n<\/tbody>\n<\/table>\n<p class=\"contenu\">\u00a0<strong>Sc\u00e9nario p\u00e9dagogique<\/strong> :<\/p>\n<p class=\"contenu\">Apr\u00e8s avoir vu \u00e0 la maison la <a href=\"https:\/\/www.youtube.com\/watch?v=SpszY76BuRU\">capsule vid\u00e9o<\/a> expliquant ce qu\u2019est un caryotype et comment il a \u00e9t\u00e9 d\u00e9couvert, les \u00e9l\u00e8ves r\u00e9alisent en classe une activit\u00e9 de comparaison de caryotypes pour mettre en \u00e9vidence qu\u2019ils d\u00e9finissent l\u2019esp\u00e8ce, le sexe et qu\u2019ils permettent de diagnostiquer les anomalies \u00e9ventuelles d\u2019un individu.<\/p>\n<div style=\"width: 640px;\" class=\"wp-video\"><video class=\"wp-video-shortcode\" id=\"video-68-1\" width=\"640\" height=\"360\" preload=\"metadata\" controls=\"controls\"><source type=\"video\/youtube\" src=\"https:\/\/www.youtube.com\/watch?v=SpszY76BuRU&#038;_=1\" \/><a href=\"https:\/\/www.youtube.com\/watch?v=SpszY76BuRU\">https:\/\/www.youtube.com\/watch?v=SpszY76BuRU<\/a><\/video><\/div>\n<p>&nbsp;<\/p>\n","protected":false},"excerpt":{"rendered":"<p>Partie \u00ab\u00a0Diversit\u00e9 et unit\u00e9 des \u00eatres humains\u00a0\u00bb (G\u00e9n\u00e9tique) Notion de caryotype Auteur\u00a0: Catherine Hupin Outils utilis\u00e9s : Pour r\u00e9ussir \u00e0 faire\u2026 Outils Tutoriels (si disponibles) Une capsule vid\u00e9o\u2026 IMovie (logiciel de montage sur Mac) \u2026 contenant du Stop Motion Animation (application pour r\u00e9aliser du Stop Motion) \u00a0Sc\u00e9nario p\u00e9dagogique : Apr\u00e8s avoir vu \u00e0 la maison &hellip; <\/p>\n<p><a class=\"more-link btn\" href=\"https:\/\/ent2d.ac-bordeaux.fr\/disciplines\/svt\/ressources\/numeriques\/traam-2015\/traam-2015-classe-inversee-et-moodle-au-service-de-lautonomie-des-eleves\/production-n1-partie-diversite-et-unite-des-etres-humains-genetique\/\">Lire la suite<\/a><\/p>\n","protected":false},"author":8,"featured_media":0,"parent":65,"menu_order":0,"comment_status":"closed","ping_status":"closed","template":"template-onecolumn.php","meta":{"footnotes":""},"class_list":["post-68","page","type-page","status-publish","hentry","nodate","item-wrap"],"_links":{"self":[{"href":"https:\/\/ent2d.ac-bordeaux.fr\/disciplines\/svt\/wp-json\/wp\/v2\/pages\/68","targetHints":{"allow":["GET"]}}],"collection":[{"href":"https:\/\/ent2d.ac-bordeaux.fr\/disciplines\/svt\/wp-json\/wp\/v2\/pages"}],"about":[{"href":"https:\/\/ent2d.ac-bordeaux.fr\/disciplines\/svt\/wp-json\/wp\/v2\/types\/page"}],"author":[{"embeddable":true,"href":"https:\/\/ent2d.ac-bordeaux.fr\/disciplines\/svt\/wp-json\/wp\/v2\/users\/8"}],"replies":[{"embeddable":true,"href":"https:\/\/ent2d.ac-bordeaux.fr\/disciplines\/svt\/wp-json\/wp\/v2\/comments?post=68"}],"version-history":[{"count":9,"href":"https:\/\/ent2d.ac-bordeaux.fr\/disciplines\/svt\/wp-json\/wp\/v2\/pages\/68\/revisions"}],"predecessor-version":[{"id":177,"href":"https:\/\/ent2d.ac-bordeaux.fr\/disciplines\/svt\/wp-json\/wp\/v2\/pages\/68\/revisions\/177"}],"up":[{"embeddable":true,"href":"https:\/\/ent2d.ac-bordeaux.fr\/disciplines\/svt\/wp-json\/wp\/v2\/pages\/65"}],"wp:attachment":[{"href":"https:\/\/ent2d.ac-bordeaux.fr\/disciplines\/svt\/wp-json\/wp\/v2\/media?parent=68"}],"curies":[{"name":"wp","href":"https:\/\/api.w.org\/{rel}","templated":true}]}}