{"id":656,"date":"2016-02-17T21:42:36","date_gmt":"2016-02-17T20:42:36","guid":{"rendered":"http:\/\/ent2d.ac-bordeaux.fr\/disciplines\/svt\/?page_id=656"},"modified":"2016-11-30T19:57:29","modified_gmt":"2016-11-30T18:57:29","slug":"ouchterlony-1","status":"publish","type":"page","link":"https:\/\/ent2d.ac-bordeaux.fr\/disciplines\/svt\/ouchterlony-1\/","title":{"rendered":"Ouchterlony (1)"},"content":{"rendered":"<table class=\"contenu\" style=\"height: 212px\" border=\"\" width=\"730\">\n<tbody>\n<tr>\n<td>Objectif<\/td>\n<td>Mettre en \u00e9vidence la sp\u00e9cificit\u00e9 d&rsquo;un anticorps<\/td>\n<\/tr>\n<tr>\n<td width=\"30%\">Mode de raisonnement<\/td>\n<td><a href=\"http:\/\/ent2d.ac-bordeaux.fr\/disciplines\/svt\/enseigner\/ressources-par-niveau\/reforme-college\/demarches-en-svt-gttp\/modes-de-raisonnement\/#ancre2\">Inductif<\/a><\/td>\n<\/tr>\n<tr>\n<td>Mode de regroupement des \u00e9l\u00e8ves<\/td>\n<td><a href=\"http:\/\/ent2d.ac-bordeaux.fr\/disciplines\/svt\/enseigner\/ressources-par-niveau\/reforme-college\/demarches-en-svt-gttp\/groupement-des-eleves\/#ancre1\">Bin\u00f4mes<\/a><\/td>\n<\/tr>\n<tr>\n<td>Activit\u00e9 1<\/td>\n<td>Mettre en oeuvre le <a href=\"http:\/\/ent2d.ac-bordeaux.fr\/disciplines\/svt\/enseigner\/ressources-par-niveau\/reforme-college\/demarches-en-svt-gttp\/methode-douchterlony\/\">protocole<\/a> fourni. Chaque bin\u00f4me teste tous les antig\u00e8nes.<\/td>\n<\/tr>\n<tr>\n<td>Production attendue<\/td>\n<td>Manipulation aboutissant \u00e0 des r\u00e9sultats lisibles.<br \/>\nPlan de la bo\u00eete r\u00e9alis\u00e9 et r\u00e9sultats repr\u00e9sent\u00e9s<\/td>\n<\/tr>\n<tr>\n<td>Activit\u00e9 2<\/td>\n<td><a href=\"http:\/\/ent2d.ac-bordeaux.fr\/disciplines\/svt\/enseigner\/ressources-par-niveau\/reforme-college\/demarches-en-svt-gttp\/tirer-une-conclusion-a-partir-de-resultats-experimentaux-ou-cliniques\/\">Conclure<\/a><\/td>\n<\/tr>\n<tr>\n<td>Production attendue<\/td>\n<td>Texte avec comparaison des r\u00e9sultats exp\u00e9rimentaux<\/td>\n<\/tr>\n<\/tbody>\n<\/table>\n<p>&nbsp;<\/p>\n<table class=\"contenu\" style=\"height: 42px\" border=\"\" width=\"736\">\n<tbody>\n<tr>\n<td><a href=\"http:\/\/ent2d.ac-bordeaux.fr\/disciplines\/svt\/ouchterlony-2\/\">Ouchterlony (2)<\/a><\/td>\n<td><a href=\"http:\/\/ent2d.ac-bordeaux.fr\/disciplines\/svt\/ouchterlony-3\/\">Ouchterlony (3)\u00a0<\/a><\/td>\n<td><a href=\"http:\/\/ent2d.ac-bordeaux.fr\/disciplines\/svt\/enseigner\/ressources-par-niveau\/reforme-college\/demarches-en-svt-gttp\/ouchterlony-4\/\">Ouchterlony (4)<\/a><\/td>\n<\/tr>\n<\/tbody>\n<\/table>\n","protected":false},"excerpt":{"rendered":"<p>Objectif Mettre en \u00e9vidence la sp\u00e9cificit\u00e9 d&rsquo;un anticorps Mode de raisonnement Inductif Mode de regroupement des \u00e9l\u00e8ves Bin\u00f4mes Activit\u00e9 1 Mettre en oeuvre le protocole fourni. Chaque bin\u00f4me teste tous les antig\u00e8nes. Production attendue Manipulation aboutissant \u00e0 des r\u00e9sultats lisibles. Plan de la bo\u00eete r\u00e9alis\u00e9 et r\u00e9sultats repr\u00e9sent\u00e9s Activit\u00e9 2 Conclure Production attendue Texte avec &hellip; <\/p>\n<p><a class=\"more-link btn\" href=\"https:\/\/ent2d.ac-bordeaux.fr\/disciplines\/svt\/ouchterlony-1\/\">Lire la suite<\/a><\/p>\n","protected":false},"author":8,"featured_media":0,"parent":0,"menu_order":0,"comment_status":"closed","ping_status":"closed","template":"template-twocolumnsright.php","meta":{"footnotes":""},"class_list":["post-656","page","type-page","status-publish","hentry","nodate","item-wrap"],"_links":{"self":[{"href":"https:\/\/ent2d.ac-bordeaux.fr\/disciplines\/svt\/wp-json\/wp\/v2\/pages\/656","targetHints":{"allow":["GET"]}}],"collection":[{"href":"https:\/\/ent2d.ac-bordeaux.fr\/disciplines\/svt\/wp-json\/wp\/v2\/pages"}],"about":[{"href":"https:\/\/ent2d.ac-bordeaux.fr\/disciplines\/svt\/wp-json\/wp\/v2\/types\/page"}],"author":[{"embeddable":true,"href":"https:\/\/ent2d.ac-bordeaux.fr\/disciplines\/svt\/wp-json\/wp\/v2\/users\/8"}],"replies":[{"embeddable":true,"href":"https:\/\/ent2d.ac-bordeaux.fr\/disciplines\/svt\/wp-json\/wp\/v2\/comments?post=656"}],"version-history":[{"count":4,"href":"https:\/\/ent2d.ac-bordeaux.fr\/disciplines\/svt\/wp-json\/wp\/v2\/pages\/656\/revisions"}],"predecessor-version":[{"id":828,"href":"https:\/\/ent2d.ac-bordeaux.fr\/disciplines\/svt\/wp-json\/wp\/v2\/pages\/656\/revisions\/828"}],"wp:attachment":[{"href":"https:\/\/ent2d.ac-bordeaux.fr\/disciplines\/svt\/wp-json\/wp\/v2\/media?parent=656"}],"curies":[{"name":"wp","href":"https:\/\/api.w.org\/{rel}","templated":true}]}}