{"id":646,"date":"2016-02-17T21:33:24","date_gmt":"2016-02-17T20:33:24","guid":{"rendered":"http:\/\/ent2d.ac-bordeaux.fr\/disciplines\/svt\/?page_id=646"},"modified":"2016-11-30T19:56:56","modified_gmt":"2016-11-30T18:56:56","slug":"le-modele-outil-dexplication-etou-dexposition-de-conceptions-scientifiques","status":"publish","type":"page","link":"https:\/\/ent2d.ac-bordeaux.fr\/disciplines\/svt\/le-modele-outil-dexplication-etou-dexposition-de-conceptions-scientifiques\/","title":{"rendered":"Le mod\u00e8le, outil d&rsquo;explication et\/ou d&rsquo;exposition de conceptions scientifiques"},"content":{"rendered":"<p>Le mod\u00e8le est une repr\u00e9sentation graphique, un sch\u00e9ma qui d\u00e9crit une structure, un m\u00e9canisme. Il r\u00e9sulte d&rsquo;une s\u00e9rie d&rsquo;observations et facilite la compr\u00e9hension :<\/p>\n<ul>\n<li>mod\u00e8le de zone de subduction<\/li>\n<li>mod\u00e8le du coeur en 2D ou en 3D<\/li>\n<li>mod\u00e8les mol\u00e9culaires (<a href=\"http:\/\/ent2d.ac-bordeaux.fr\/disciplines\/svt\/enseigner\/ressources-par-niveau\/reforme-college\/demarches-en-svt-gttp\/structure-dun-anticorps-1\/\">Rastop<\/a>)<\/li>\n<li>animations<\/li>\n<\/ul>\n","protected":false},"excerpt":{"rendered":"<p>Le mod\u00e8le est une repr\u00e9sentation graphique, un sch\u00e9ma qui d\u00e9crit une structure, un m\u00e9canisme. Il r\u00e9sulte d&rsquo;une s\u00e9rie d&rsquo;observations et facilite la compr\u00e9hension : mod\u00e8le de zone de subduction mod\u00e8le du coeur en 2D ou en 3D mod\u00e8les mol\u00e9culaires (Rastop) animations<\/p>\n","protected":false},"author":8,"featured_media":0,"parent":0,"menu_order":0,"comment_status":"closed","ping_status":"closed","template":"template-twocolumnsright.php","meta":{"footnotes":""},"class_list":["post-646","page","type-page","status-publish","hentry","nodate","item-wrap"],"_links":{"self":[{"href":"https:\/\/ent2d.ac-bordeaux.fr\/disciplines\/svt\/wp-json\/wp\/v2\/pages\/646","targetHints":{"allow":["GET"]}}],"collection":[{"href":"https:\/\/ent2d.ac-bordeaux.fr\/disciplines\/svt\/wp-json\/wp\/v2\/pages"}],"about":[{"href":"https:\/\/ent2d.ac-bordeaux.fr\/disciplines\/svt\/wp-json\/wp\/v2\/types\/page"}],"author":[{"embeddable":true,"href":"https:\/\/ent2d.ac-bordeaux.fr\/disciplines\/svt\/wp-json\/wp\/v2\/users\/8"}],"replies":[{"embeddable":true,"href":"https:\/\/ent2d.ac-bordeaux.fr\/disciplines\/svt\/wp-json\/wp\/v2\/comments?post=646"}],"version-history":[{"count":3,"href":"https:\/\/ent2d.ac-bordeaux.fr\/disciplines\/svt\/wp-json\/wp\/v2\/pages\/646\/revisions"}],"predecessor-version":[{"id":805,"href":"https:\/\/ent2d.ac-bordeaux.fr\/disciplines\/svt\/wp-json\/wp\/v2\/pages\/646\/revisions\/805"}],"wp:attachment":[{"href":"https:\/\/ent2d.ac-bordeaux.fr\/disciplines\/svt\/wp-json\/wp\/v2\/media?parent=646"}],"curies":[{"name":"wp","href":"https:\/\/api.w.org\/{rel}","templated":true}]}}