{"id":644,"date":"2016-02-17T21:32:09","date_gmt":"2016-02-17T20:32:09","guid":{"rendered":"http:\/\/ent2d.ac-bordeaux.fr\/disciplines\/svt\/?page_id=644"},"modified":"2016-11-30T19:56:56","modified_gmt":"2016-11-30T18:56:56","slug":"le-modele-moyen-detude","status":"publish","type":"page","link":"https:\/\/ent2d.ac-bordeaux.fr\/disciplines\/svt\/le-modele-moyen-detude\/","title":{"rendered":"Le mod\u00e8le, moyen d&rsquo;\u00e9tude"},"content":{"rendered":"<ul>\n<li>\u00a0l&rsquo;exemple \u00e9tudi\u00e9 est mod\u00e8le : l&rsquo;\u00e9tude d&rsquo;une patte de grenouille permet de comprendre le fonctionnement d&rsquo;une patte en g\u00e9n\u00e9ral, la\u00a0<a href=\"http:\/\/ent2d.ac-bordeaux.fr\/disciplines\/svt\/enseigner\/ressources-par-niveau\/reforme-college\/demarches-en-svt-gttp\/cristallisation-de-la-vanilline\/\">vanilline<\/a> permet de comprendre les conditions de formations des cristaux<\/li>\n<\/ul>\n<ul>\n<li>\u00a0les montages qui miment la r\u00e9alit\u00e9 : maquettes (d&rsquo;<a href=\"http:\/\/ent2d.ac-bordeaux.fr\/disciplines\/svt\/enseigner\/ressources-par-niveau\/reforme-college\/demarches-en-svt-gttp\/modele-clef-serrure\/\">anticorps<\/a>), diffraction des ondes\u00a0 dans des cristallisoirs<\/li>\n<\/ul>\n<ul>\n<li>\u00a0logiciels de simulations : trajets des ondes sismiques, somtemp,\u00a0 \u2026<\/li>\n<\/ul>\n","protected":false},"excerpt":{"rendered":"<p>\u00a0l&rsquo;exemple \u00e9tudi\u00e9 est mod\u00e8le : l&rsquo;\u00e9tude d&rsquo;une patte de grenouille permet de comprendre le fonctionnement d&rsquo;une patte en g\u00e9n\u00e9ral, la\u00a0vanilline permet de comprendre les conditions de formations des cristaux \u00a0les montages qui miment la r\u00e9alit\u00e9 : maquettes (d&rsquo;anticorps), diffraction des ondes\u00a0 dans des cristallisoirs \u00a0logiciels de simulations : trajets des ondes sismiques, somtemp,\u00a0 \u2026<\/p>\n","protected":false},"author":8,"featured_media":0,"parent":0,"menu_order":0,"comment_status":"closed","ping_status":"closed","template":"template-twocolumnsright.php","meta":{"footnotes":""},"class_list":["post-644","page","type-page","status-publish","hentry","nodate","item-wrap"],"_links":{"self":[{"href":"https:\/\/ent2d.ac-bordeaux.fr\/disciplines\/svt\/wp-json\/wp\/v2\/pages\/644","targetHints":{"allow":["GET"]}}],"collection":[{"href":"https:\/\/ent2d.ac-bordeaux.fr\/disciplines\/svt\/wp-json\/wp\/v2\/pages"}],"about":[{"href":"https:\/\/ent2d.ac-bordeaux.fr\/disciplines\/svt\/wp-json\/wp\/v2\/types\/page"}],"author":[{"embeddable":true,"href":"https:\/\/ent2d.ac-bordeaux.fr\/disciplines\/svt\/wp-json\/wp\/v2\/users\/8"}],"replies":[{"embeddable":true,"href":"https:\/\/ent2d.ac-bordeaux.fr\/disciplines\/svt\/wp-json\/wp\/v2\/comments?post=644"}],"version-history":[{"count":2,"href":"https:\/\/ent2d.ac-bordeaux.fr\/disciplines\/svt\/wp-json\/wp\/v2\/pages\/644\/revisions"}],"predecessor-version":[{"id":802,"href":"https:\/\/ent2d.ac-bordeaux.fr\/disciplines\/svt\/wp-json\/wp\/v2\/pages\/644\/revisions\/802"}],"wp:attachment":[{"href":"https:\/\/ent2d.ac-bordeaux.fr\/disciplines\/svt\/wp-json\/wp\/v2\/media?parent=644"}],"curies":[{"name":"wp","href":"https:\/\/api.w.org\/{rel}","templated":true}]}}